{"id":76,"date":"2014-05-08T21:47:43","date_gmt":"2014-05-08T20:47:43","guid":{"rendered":"http:\/\/www.sportingclubplaisance.org\/scp-volley.fr\/?page_id=76"},"modified":"2022-10-18T15:43:42","modified_gmt":"2022-10-18T14:43:42","slug":"equipes","status":"publish","type":"page","link":"https:\/\/www.sportingclubplaisance.org\/scp-volley.fr\/la-section\/equipes\/","title":{"rendered":"\u00c9quipes 2022\/2023"},"content":{"rendered":"<p>Pour la saison 2022 &#8211; 2023, les \u00e9quipes du club sont pr\u00e9sentes dans les championnats de comp\u00e9tition (<a href=\"#ffvb\">FFVB<\/a>) et loisir adultes (<a href=\"#fsgt\">FSGT<\/a>).<\/p>\n<div id=\"ffvb\">\n<h1>FFVB<\/h1>\n<p>Les \u00e9quipes sont pr\u00e9sentes dans les cat\u00e9gories :<\/p>\n<ul>\n<li><a href=\"ecoleVolley\/\">M7-M9 (Ecole de volley)<\/a>,<\/li>\n<li><a href=\"m11\/\">M11 (Poussins \/Poussines)<\/a>,<\/li>\n<li><a href=\"m13m\/\">M13 M (Benjamins)<\/a>,<\/li>\n<li><a href=\"m15f\/\">M15 F (Minimes filles)<\/a>,<\/li>\n<li><a href=\"m15m\/\">M15 M (Minimes gar\u00e7ons)<\/a>,<\/li>\n<li><a href=\"m17f\/\">M18 F (Cadettes)<\/a>,<\/li>\n<li><a href=\"m17m\/\">M18 M (Cadets)<\/a>,<\/li>\n<li><a href=\"senior_f\/\">S\u00e9niors f\u00e9minines Pr\u00e9-nationale<\/a>,<\/li>\n<li><a href=\"senior_f_2\/\">S\u00e9niors f\u00e9minines R\u00e9gionales 2<\/a>.<\/li>\n<\/ul>\n<\/div>\n<div id=\"fsgt\">\n<h1>FSGT<\/h1>\n<p>Les \u00e9quipes loisirs (FSGT) sont :<\/p>\n<ul>\n<li><a href=\"mixte_1\/\">Mixte 1<\/a>,<\/li>\n<li><a href=\"mixte_2\/\">Mixte 2 (Imotep)<\/a>,<\/li>\n<li><a href=\"garcon_1\/\">Gar\u00e7ons 1<\/a>.<\/li>\n<\/ul>\n<\/div>\n<div id=\"historique\">\n<h1>Historique<\/h1>\n<p>Retrouver l&rsquo;historique des \u00e9quipes dans le &lsquo;Section \/ Palmar\u00e8s&rsquo; ou en cliquant <a href=\"..\/..\/la-section\/palmares\/\">ici<\/a>.<\/p>\n<\/div>\n<div style=\"padding-bottom:20px; padding-top:10px;\" class=\"hupso-share-buttons\"><!-- Hupso Share Buttons - https:\/\/www.hupso.com\/share\/ --><a class=\"hupso_counters\" href=\"https:\/\/www.hupso.com\/share\/\"><img decoding=\"async\" src=\"https:\/\/static.hupso.com\/share\/buttons\/lang\/fr\/share-small.png\" style=\"border:0px; padding-top:2px; float:left;\" alt=\"Share Button\"\/><\/a><script type=\"text\/javascript\">var hupso_services_c=new Array(\"twitter\",\"facebook_like\",\"facebook_send\",\"google\",\"email\");var hupso_counters_lang = \"fr_FR\";var hupso_image_folder_url = \"\";var hupso_url_c=\"\";var hupso_title_c=\"%C3%89quipes%202022%2F2023\";<\/script><script type=\"text\/javascript\" src=\"https:\/\/static.hupso.com\/share\/js\/counters.js\"><\/script><!-- Hupso Share Buttons --><\/div>","protected":false},"excerpt":{"rendered":"<p>Pour la saison 2022 &#8211; 2023, les \u00e9quipes du club sont pr\u00e9sentes dans les championnats de comp\u00e9tition (FFVB) et loisir adultes (FSGT). FFVB Les \u00e9quipes sont pr\u00e9sentes dans les cat\u00e9gories : M7-M9 (Ecole de volley), M11 (Poussins \/Poussines), M13 M (Benjamins), M15 F (Minimes filles), M15 M (Minimes gar\u00e7ons), M18 F (Cadettes), M18 M (Cadets), &hellip; <a href=\"https:\/\/www.sportingclubplaisance.org\/scp-volley.fr\/la-section\/equipes\/\" class=\"more-link\">Continuer la lecture de <span class=\"screen-reader-text\">\u00c9quipes 2022\/2023<\/span><\/a><\/p>\n<div style=\"padding-bottom:20px; padding-top:10px;\" class=\"hupso-share-buttons\"><!-- Hupso Share Buttons - https:\/\/www.hupso.com\/share\/ --><a class=\"hupso_counters\" href=\"https:\/\/www.hupso.com\/share\/\"><img src=\"https:\/\/static.hupso.com\/share\/buttons\/lang\/fr\/share-small.png\" style=\"border:0px; padding-top:2px; float:left;\" alt=\"Share Button\"\/><\/a><script type=\"text\/javascript\">var hupso_services_c=new Array(\"twitter\",\"facebook_like\",\"facebook_send\",\"google\",\"email\");var hupso_counters_lang = \"fr_FR\";var hupso_image_folder_url = \"\";var hupso_url_c=\"\";var hupso_title_c=\"%C3%89quipes%202022%2F2023\";<\/script><script type=\"text\/javascript\" src=\"https:\/\/static.hupso.com\/share\/js\/counters.js\"><\/script><!-- Hupso Share Buttons --><\/div>","protected":false},"author":2,"featured_media":0,"parent":20,"menu_order":0,"comment_status":"closed","ping_status":"closed","template":"","meta":{"_mc_calendar":[],"footnotes":""},"class_list":["post-76","page","type-page","status-publish","hentry"],"_links":{"self":[{"href":"https:\/\/www.sportingclubplaisance.org\/scp-volley.fr\/wp-json\/wp\/v2\/pages\/76","targetHints":{"allow":["GET"]}}],"collection":[{"href":"https:\/\/www.sportingclubplaisance.org\/scp-volley.fr\/wp-json\/wp\/v2\/pages"}],"about":[{"href":"https:\/\/www.sportingclubplaisance.org\/scp-volley.fr\/wp-json\/wp\/v2\/types\/page"}],"author":[{"embeddable":true,"href":"https:\/\/www.sportingclubplaisance.org\/scp-volley.fr\/wp-json\/wp\/v2\/users\/2"}],"replies":[{"embeddable":true,"href":"https:\/\/www.sportingclubplaisance.org\/scp-volley.fr\/wp-json\/wp\/v2\/comments?post=76"}],"version-history":[{"count":65,"href":"https:\/\/www.sportingclubplaisance.org\/scp-volley.fr\/wp-json\/wp\/v2\/pages\/76\/revisions"}],"predecessor-version":[{"id":5995,"href":"https:\/\/www.sportingclubplaisance.org\/scp-volley.fr\/wp-json\/wp\/v2\/pages\/76\/revisions\/5995"}],"up":[{"embeddable":true,"href":"https:\/\/www.sportingclubplaisance.org\/scp-volley.fr\/wp-json\/wp\/v2\/pages\/20"}],"wp:attachment":[{"href":"https:\/\/www.sportingclubplaisance.org\/scp-volley.fr\/wp-json\/wp\/v2\/media?parent=76"}],"curies":[{"name":"wp","href":"https:\/\/api.w.org\/{rel}","templated":true}]}}