{"id":533,"date":"2014-05-28T23:15:52","date_gmt":"2014-05-28T22:15:52","guid":{"rendered":"http:\/\/www.sportingclubplaisance.org\/scp-volley.fr\/?page_id=533"},"modified":"2019-03-28T15:01:32","modified_gmt":"2019-03-28T14:01:32","slug":"vitalsport","status":"publish","type":"page","link":"https:\/\/www.sportingclubplaisance.org\/scp-volley.fr\/la-section\/phototheque\/vitalsport\/","title":{"rendered":"Vital Sport"},"content":{"rendered":"<p>Journ\u00e9e organis\u00e9e sous l&rsquo;\u00e9gide de D\u00e9cathlon de Colomiers<\/p>\n<table>\n<tbody>\n<tr>\n<td><a href=\"..\/..\/..\/wp-content\/uploads\/2012_2013\/decathlon\/01-IMG_7554.jpg\" data-rel=\"lightbox-gallery-ofL9WBad\" data-rl_title=\"\" data-rl_caption=\"\" title=\"\"><img loading=\"lazy\" decoding=\"async\" class=\"alignnone size-thumbnail\" src=\"..\/..\/..\/wp-content\/uploads\/2012_2013\/decathlon\/01-IMG_7554-150x150.jpg\" alt=\"\" width=\"150\" height=\"150\"><\/a><\/td>\n<td><a href=\"..\/..\/..\/wp-content\/uploads\/2012_2013\/decathlon\/01-IMG_75541.jpg\" data-rel=\"lightbox-gallery-ofL9WBad\" data-rl_title=\"\" data-rl_caption=\"\" title=\"\"><img loading=\"lazy\" decoding=\"async\" class=\"alignnone size-thumbnail\" src=\"..\/..\/..\/wp-content\/uploads\/2012_2013\/decathlon\/01-IMG_75541-150x150.jpg\" alt=\"\" width=\"150\" height=\"150\"><\/a><\/td>\n<td><a href=\"..\/..\/..\/wp-content\/uploads\/2012_2013\/decathlon\/02-IMG_7556.jpg\" data-rel=\"lightbox-gallery-ofL9WBad\" data-rl_title=\"\" data-rl_caption=\"\" title=\"\"><img loading=\"lazy\" decoding=\"async\" class=\"alignnone size-thumbnail\" src=\"..\/..\/..\/wp-content\/uploads\/2012_2013\/decathlon\/02-IMG_7556-150x150.jpg\" alt=\"\" width=\"150\" height=\"150\"><\/a><\/td>\n<td><a href=\"..\/..\/..\/wp-content\/uploads\/2012_2013\/decathlon\/03-IMG_7557.jpg\" data-rel=\"lightbox-gallery-ofL9WBad\" data-rl_title=\"\" data-rl_caption=\"\" title=\"\"><img loading=\"lazy\" decoding=\"async\" class=\"alignnone size-thumbnail\" src=\"..\/..\/..\/wp-content\/uploads\/2012_2013\/decathlon\/03-IMG_7557-150x150.jpg\" alt=\"\" width=\"150\" height=\"150\"><\/a><\/td>\n<td><del><a href=\"..\/..\/..\/wp-content\/uploads\/2012_2013\/decathlon\/04-IMG_7563.jpg\" data-rel=\"lightbox-gallery-ofL9WBad\" data-rl_title=\"\" data-rl_caption=\"\" title=\"\"><img loading=\"lazy\" decoding=\"async\" class=\"alignnone size-thumbnail\" src=\"..\/..\/..\/wp-content\/uploads\/2012_2013\/decathlon\/04-IMG_7563-150x150.jpg\" alt=\"\" width=\"150\" height=\"150\"><\/a><\/del><\/td>\n<\/tr>\n<tr>\n<td><a href=\"..\/..\/..\/wp-content\/uploads\/2012_2013\/decathlon\/05-IMG_7565.jpg\" data-rel=\"lightbox-gallery-ofL9WBad\" data-rl_title=\"\" data-rl_caption=\"\" title=\"\"><img loading=\"lazy\" decoding=\"async\" class=\"alignnone size-thumbnail\" src=\"..\/..\/..\/wp-content\/uploads\/2012_2013\/decathlon\/05-IMG_7565-150x150.jpg\" alt=\"\" width=\"150\" height=\"150\"><\/a><\/td>\n<td><a href=\"..\/..\/..\/wp-content\/uploads\/2012_2013\/decathlon\/06-IMG_7568.jpg\" data-rel=\"lightbox-gallery-ofL9WBad\" data-rl_title=\"\" data-rl_caption=\"\" title=\"\"><img loading=\"lazy\" decoding=\"async\" class=\"alignnone size-thumbnail\" src=\"..\/..\/..\/wp-content\/uploads\/2012_2013\/decathlon\/06-IMG_7568-150x150.jpg\" alt=\"\" width=\"150\" height=\"150\"><\/a><\/td>\n<td><a href=\"..\/..\/..\/wp-content\/uploads\/2012_2013\/decathlon\/07-IMG_7570.jpg\" data-rel=\"lightbox-gallery-ofL9WBad\" data-rl_title=\"\" data-rl_caption=\"\" title=\"\"><img loading=\"lazy\" decoding=\"async\" class=\"alignnone size-thumbnail\" src=\"..\/..\/..\/wp-content\/uploads\/2012_2013\/decathlon\/07-IMG_7570-150x150.jpg\" alt=\"\" width=\"150\" height=\"150\"><\/a><\/td>\n<td><a href=\"..\/..\/..\/wp-content\/uploads\/2012_2013\/decathlon\/08-IMG_7573.jpg\" data-rel=\"lightbox-gallery-ofL9WBad\" data-rl_title=\"\" data-rl_caption=\"\" title=\"\"><img loading=\"lazy\" decoding=\"async\" class=\"alignnone size-thumbnail\" src=\"..\/..\/..\/wp-content\/uploads\/2012_2013\/decathlon\/08-IMG_7573-150x150.jpg\" alt=\"\" width=\"150\" height=\"150\"><\/a><\/td>\n<td><a href=\"..\/..\/..\/wp-content\/uploads\/2012_2013\/decathlon\/09-IMG_7577.jpg\" data-rel=\"lightbox-gallery-ofL9WBad\" data-rl_title=\"\" data-rl_caption=\"\" title=\"\"><img loading=\"lazy\" decoding=\"async\" class=\"alignnone size-thumbnail\" src=\"..\/..\/..\/wp-content\/uploads\/2012_2013\/decathlon\/09-IMG_7577-150x150.jpg\" alt=\"\" width=\"150\" height=\"150\"><\/a><\/td>\n<\/tr>\n<tr>\n<td><a href=\"..\/..\/..\/wp-content\/uploads\/2012_2013\/decathlon\/10-IMG_7582.jpg\" data-rel=\"lightbox-gallery-ofL9WBad\" data-rl_title=\"\" data-rl_caption=\"\" title=\"\"><img loading=\"lazy\" decoding=\"async\" class=\"alignnone size-thumbnail\" src=\"..\/..\/..\/wp-content\/uploads\/2012_2013\/decathlon\/10-IMG_7582-150x150.jpg\" alt=\"\" width=\"150\" height=\"150\"><\/a><\/td>\n<td><a href=\"..\/..\/..\/wp-content\/uploads\/2012_2013\/decathlon\/11-IMG_7583.jpg\" data-rel=\"lightbox-gallery-ofL9WBad\" data-rl_title=\"\" data-rl_caption=\"\" title=\"\"><img loading=\"lazy\" decoding=\"async\" class=\"alignnone size-thumbnail\" src=\"..\/..\/..\/wp-content\/uploads\/2012_2013\/decathlon\/11-IMG_7583-150x150.jpg\" alt=\"\" width=\"150\" height=\"150\"><\/a><\/td>\n<td><a href=\"..\/..\/..\/wp-content\/uploads\/2012_2013\/decathlon\/12-IMG_7584.jpg\" data-rel=\"lightbox-gallery-ofL9WBad\" data-rl_title=\"\" data-rl_caption=\"\" title=\"\"><img loading=\"lazy\" decoding=\"async\" class=\"alignnone size-thumbnail\" src=\"..\/..\/..\/wp-content\/uploads\/2012_2013\/decathlon\/12-IMG_7584-150x150.jpg\" alt=\"\" width=\"150\" height=\"150\"><\/a><\/td>\n<td><a href=\"..\/..\/..\/wp-content\/uploads\/2012_2013\/decathlon\/13-IMG_7585.jpg\" data-rel=\"lightbox-gallery-ofL9WBad\" data-rl_title=\"\" data-rl_caption=\"\" title=\"\"><img loading=\"lazy\" decoding=\"async\" class=\"alignnone size-thumbnail\" src=\"..\/..\/..\/wp-content\/uploads\/2012_2013\/decathlon\/13-IMG_7585-150x150.jpg\" alt=\"\" width=\"150\" height=\"150\"><\/a><\/td>\n<td><\/td>\n<\/tr>\n<\/tbody>\n<\/table>\n<p><a href=\"..\">Retour<\/a><\/p>\n<div style=\"padding-bottom:20px; padding-top:10px;\" class=\"hupso-share-buttons\"><!-- Hupso Share Buttons - https:\/\/www.hupso.com\/share\/ --><a class=\"hupso_counters\" href=\"https:\/\/www.hupso.com\/share\/\"><img decoding=\"async\" src=\"https:\/\/static.hupso.com\/share\/buttons\/lang\/fr\/share-small.png\" style=\"border:0px; padding-top:2px; float:left;\" alt=\"Share Button\"\/><\/a><script type=\"text\/javascript\">var hupso_services_c=new Array(\"twitter\",\"facebook_like\",\"facebook_send\",\"google\",\"email\");var hupso_counters_lang = \"fr_FR\";var hupso_image_folder_url = \"\";var hupso_url_c=\"\";var hupso_title_c=\"Vital%20Sport\";<\/script><script type=\"text\/javascript\" src=\"https:\/\/static.hupso.com\/share\/js\/counters.js\"><\/script><!-- Hupso Share Buttons --><\/div>","protected":false},"excerpt":{"rendered":"<p>Journ\u00e9e organis\u00e9e sous l&rsquo;\u00e9gide de D\u00e9cathlon de Colomiers Retour<\/p>\n<div style=\"padding-bottom:20px; padding-top:10px;\" class=\"hupso-share-buttons\"><!-- Hupso Share Buttons - https:\/\/www.hupso.com\/share\/ --><a class=\"hupso_counters\" href=\"https:\/\/www.hupso.com\/share\/\"><img src=\"https:\/\/static.hupso.com\/share\/buttons\/lang\/fr\/share-small.png\" style=\"border:0px; padding-top:2px; float:left;\" alt=\"Share Button\"\/><\/a><script type=\"text\/javascript\">var hupso_services_c=new Array(\"twitter\",\"facebook_like\",\"facebook_send\",\"google\",\"email\");var hupso_counters_lang = \"fr_FR\";var hupso_image_folder_url = \"\";var hupso_url_c=\"\";var hupso_title_c=\"Vital%20Sport\";<\/script><script type=\"text\/javascript\" src=\"https:\/\/static.hupso.com\/share\/js\/counters.js\"><\/script><!-- Hupso Share Buttons --><\/div>","protected":false},"author":2,"featured_media":0,"parent":11,"menu_order":0,"comment_status":"closed","ping_status":"open","template":"","meta":{"_mc_calendar":[],"footnotes":""},"class_list":["post-533","page","type-page","status-publish","hentry"],"_links":{"self":[{"href":"https:\/\/www.sportingclubplaisance.org\/scp-volley.fr\/wp-json\/wp\/v2\/pages\/533","targetHints":{"allow":["GET"]}}],"collection":[{"href":"https:\/\/www.sportingclubplaisance.org\/scp-volley.fr\/wp-json\/wp\/v2\/pages"}],"about":[{"href":"https:\/\/www.sportingclubplaisance.org\/scp-volley.fr\/wp-json\/wp\/v2\/types\/page"}],"author":[{"embeddable":true,"href":"https:\/\/www.sportingclubplaisance.org\/scp-volley.fr\/wp-json\/wp\/v2\/users\/2"}],"replies":[{"embeddable":true,"href":"https:\/\/www.sportingclubplaisance.org\/scp-volley.fr\/wp-json\/wp\/v2\/comments?post=533"}],"version-history":[{"count":8,"href":"https:\/\/www.sportingclubplaisance.org\/scp-volley.fr\/wp-json\/wp\/v2\/pages\/533\/revisions"}],"predecessor-version":[{"id":3927,"href":"https:\/\/www.sportingclubplaisance.org\/scp-volley.fr\/wp-json\/wp\/v2\/pages\/533\/revisions\/3927"}],"up":[{"embeddable":true,"href":"https:\/\/www.sportingclubplaisance.org\/scp-volley.fr\/wp-json\/wp\/v2\/pages\/11"}],"wp:attachment":[{"href":"https:\/\/www.sportingclubplaisance.org\/scp-volley.fr\/wp-json\/wp\/v2\/media?parent=533"}],"curies":[{"name":"wp","href":"https:\/\/api.w.org\/{rel}","templated":true}]}}