{"id":3076,"date":"2016-10-29T22:10:57","date_gmt":"2016-10-29T21:10:57","guid":{"rendered":"http:\/\/www.sportingclubplaisance.org\/scp-volley.fr\/?page_id=3076"},"modified":"2016-10-29T22:39:43","modified_gmt":"2016-10-29T21:39:43","slug":"stage_ete_2016","status":"publish","type":"page","link":"https:\/\/www.sportingclubplaisance.org\/scp-volley.fr\/la-section\/phototheque\/stage_ete_2016\/","title":{"rendered":"Stage d&rsquo;\u00e9t\u00e9 2016"},"content":{"rendered":"<p>Photo du stage d&rsquo;\u00e9t\u00e9 2016 \u00e0 Maz\u00e8res (09).<\/p>\n<table>\n<tbody>\n<tr>\n<td><a href=\"..\/..\/..\/wp-content\/uploads\/2016_2017\/stage_ete\/IMG_3100.jpg\" data-rel=\"lightbox-gallery-ICsHfils\" data-rl_title=\"\" data-rl_caption=\"\" title=\"\"><img loading=\"lazy\" decoding=\"async\" class=\"alignnone size-thumbnail\" src=\"..\/..\/..\/wp-content\/uploads\/2016_2017\/stage_ete\/IMG_3100-150x150.jpg\" alt=\"\" width=\"150\" height=\"150\" \/><\/a><\/td>\n<td><a href=\"..\/..\/..\/wp-content\/uploads\/2016_2017\/stage_ete\/IMG_3101.jpg\" data-rel=\"lightbox-gallery-ICsHfils\" data-rl_title=\"\" data-rl_caption=\"\" title=\"\"><img loading=\"lazy\" decoding=\"async\" class=\"alignnone size-thumbnail\" src=\"..\/..\/..\/wp-content\/uploads\/2016_2017\/stage_ete\/IMG_3101-150x150.jpg\" alt=\"\" width=\"150\" height=\"150\" \/><\/a><\/td>\n<td><a href=\"..\/..\/..\/wp-content\/uploads\/2016_2017\/stage_ete\/IMG_3103.jpg\" data-rel=\"lightbox-gallery-ICsHfils\" data-rl_title=\"\" data-rl_caption=\"\" title=\"\"><img loading=\"lazy\" decoding=\"async\" class=\"alignnone size-thumbnail\" src=\"..\/..\/..\/wp-content\/uploads\/2016_2017\/stage_ete\/IMG_3103-150x150.jpg\" alt=\"\" width=\"150\" height=\"150\" \/><\/a><\/td>\n<td><a href=\"..\/..\/..\/wp-content\/uploads\/2016_2017\/stage_ete\/IMG_3109.jpg\" data-rel=\"lightbox-gallery-ICsHfils\" data-rl_title=\"\" data-rl_caption=\"\" title=\"\"><img loading=\"lazy\" decoding=\"async\" class=\"alignnone size-thumbnail\" src=\"..\/..\/..\/wp-content\/uploads\/2016_2017\/stage_ete\/IMG_3109-150x150.jpg\" alt=\"\" width=\"150\" height=\"150\" \/><\/a><\/td>\n<td><a href=\"..\/..\/..\/wp-content\/uploads\/2016_2017\/stage_ete\/IMG_3110.jpg\" data-rel=\"lightbox-gallery-ICsHfils\" data-rl_title=\"\" data-rl_caption=\"\" title=\"\"><img loading=\"lazy\" decoding=\"async\" class=\"alignnone size-thumbnail\" src=\"..\/..\/..\/wp-content\/uploads\/2016_2017\/stage_ete\/IMG_3110-150x150.jpg\" alt=\"\" width=\"150\" height=\"150\" \/><\/a><\/td>\n<\/tr>\n<tr>\n<td><a href=\"..\/..\/..\/wp-content\/uploads\/2016_2017\/stage_ete\/IMG_3111.jpg\" data-rel=\"lightbox-gallery-ICsHfils\" data-rl_title=\"\" data-rl_caption=\"\" title=\"\"><img loading=\"lazy\" decoding=\"async\" class=\"alignnone size-thumbnail\" src=\"..\/..\/..\/wp-content\/uploads\/2016_2017\/stage_ete\/IMG_3111-150x150.jpg\" alt=\"\" width=\"150\" height=\"150\" \/><\/a><\/td>\n<td><a href=\"..\/..\/..\/wp-content\/uploads\/2016_2017\/stage_ete\/IMG_3112.jpg\" data-rel=\"lightbox-gallery-ICsHfils\" data-rl_title=\"\" data-rl_caption=\"\" title=\"\"><img loading=\"lazy\" decoding=\"async\" class=\"alignnone size-thumbnail\" src=\"..\/..\/..\/wp-content\/uploads\/2016_2017\/stage_ete\/IMG_3112-150x150.jpg\" alt=\"\" width=\"150\" height=\"150\" \/><\/a><\/td>\n<td><a href=\"..\/..\/..\/wp-content\/uploads\/2016_2017\/stage_ete\/IMG_3114.jpg\" data-rel=\"lightbox-gallery-ICsHfils\" data-rl_title=\"\" data-rl_caption=\"\" title=\"\"><img loading=\"lazy\" decoding=\"async\" class=\"alignnone size-thumbnail\" src=\"..\/..\/..\/wp-content\/uploads\/2016_2017\/stage_ete\/IMG_3114-150x150.jpg\" alt=\"\" width=\"150\" height=\"150\" \/><\/a><\/td>\n<td><a href=\"..\/..\/..\/wp-content\/uploads\/2016_2017\/stage_ete\/IMG_3115.jpg\" data-rel=\"lightbox-gallery-ICsHfils\" data-rl_title=\"\" data-rl_caption=\"\" title=\"\"><img loading=\"lazy\" decoding=\"async\" class=\"alignnone size-thumbnail\" src=\"..\/..\/..\/wp-content\/uploads\/2016_2017\/stage_ete\/IMG_3115-150x150.jpg\" alt=\"\" width=\"150\" height=\"150\" \/><\/a><\/td>\n<td><a href=\"..\/..\/..\/wp-content\/uploads\/2016_2017\/stage_ete\/IMG_3117.jpg\" data-rel=\"lightbox-gallery-ICsHfils\" data-rl_title=\"\" data-rl_caption=\"\" title=\"\"><img loading=\"lazy\" decoding=\"async\" class=\"alignnone size-thumbnail\" src=\"..\/..\/..\/wp-content\/uploads\/2016_2017\/stage_ete\/IMG_3117-150x150.jpg\" alt=\"\" width=\"150\" height=\"150\" \/><\/a><\/td>\n<\/tr>\n<tr>\n<td><a href=\"..\/..\/..\/wp-content\/uploads\/2016_2017\/stage_ete\/IMG_3121.jpg\" data-rel=\"lightbox-gallery-ICsHfils\" data-rl_title=\"\" data-rl_caption=\"\" title=\"\"><img loading=\"lazy\" decoding=\"async\" class=\"alignnone size-thumbnail\" src=\"..\/..\/..\/wp-content\/uploads\/2016_2017\/stage_ete\/IMG_3121-150x150.jpg\" alt=\"\" width=\"150\" height=\"150\" \/><\/a><\/td>\n<td><a href=\"..\/..\/..\/wp-content\/uploads\/2016_2017\/stage_ete\/IMG_3123.jpg\" data-rel=\"lightbox-gallery-ICsHfils\" data-rl_title=\"\" data-rl_caption=\"\" title=\"\"><img loading=\"lazy\" decoding=\"async\" class=\"alignnone size-thumbnail\" src=\"..\/..\/..\/wp-content\/uploads\/2016_2017\/stage_ete\/IMG_3123-150x150.jpg\" alt=\"\" width=\"150\" height=\"150\" \/><\/a><\/td>\n<td><a href=\"..\/..\/..\/wp-content\/uploads\/2016_2017\/stage_ete\/IMG_3127.jpg\" data-rel=\"lightbox-gallery-ICsHfils\" data-rl_title=\"\" data-rl_caption=\"\" title=\"\"><img loading=\"lazy\" decoding=\"async\" class=\"alignnone size-thumbnail\" src=\"..\/..\/..\/wp-content\/uploads\/2016_2017\/stage_ete\/IMG_3127-150x150.jpg\" alt=\"\" width=\"150\" height=\"150\" \/><\/a><\/td>\n<td><a href=\"..\/..\/..\/wp-content\/uploads\/2016_2017\/stage_ete\/IMG_3130.jpg\" data-rel=\"lightbox-gallery-ICsHfils\" data-rl_title=\"\" data-rl_caption=\"\" title=\"\"><img loading=\"lazy\" decoding=\"async\" class=\"alignnone size-thumbnail\" src=\"..\/..\/..\/wp-content\/uploads\/2016_2017\/stage_ete\/IMG_3130-150x150.jpg\" alt=\"\" width=\"150\" height=\"150\" \/><\/a><\/td>\n<td><a href=\"..\/..\/..\/wp-content\/uploads\/2016_2017\/stage_ete\/IMG_3133.jpg\" data-rel=\"lightbox-gallery-ICsHfils\" data-rl_title=\"\" data-rl_caption=\"\" title=\"\"><img loading=\"lazy\" decoding=\"async\" class=\"alignnone size-thumbnail\" src=\"..\/..\/..\/wp-content\/uploads\/2016_2017\/stage_ete\/IMG_3133-150x150.jpg\" alt=\"\" width=\"150\" height=\"150\" \/><\/a><\/td>\n<\/tr>\n<tr>\n<td><a href=\"..\/..\/..\/wp-content\/uploads\/2016_2017\/stage_ete\/IMG_3134.jpg\" data-rel=\"lightbox-gallery-ICsHfils\" data-rl_title=\"\" data-rl_caption=\"\" title=\"\"><img loading=\"lazy\" decoding=\"async\" class=\"alignnone size-thumbnail\" src=\"..\/..\/..\/wp-content\/uploads\/2016_2017\/stage_ete\/IMG_3134-150x150.jpg\" alt=\"\" width=\"150\" height=\"150\" \/><\/a><\/td>\n<td><a href=\"..\/..\/..\/wp-content\/uploads\/2016_2017\/stage_ete\/IMG_3139.jpg\" data-rel=\"lightbox-gallery-ICsHfils\" data-rl_title=\"\" data-rl_caption=\"\" title=\"\"><img loading=\"lazy\" decoding=\"async\" class=\"alignnone size-thumbnail\" src=\"..\/..\/..\/wp-content\/uploads\/2016_2017\/stage_ete\/IMG_3139-150x150.jpg\" alt=\"\" width=\"150\" height=\"150\" \/><\/a><\/td>\n<td><a href=\"..\/..\/..\/wp-content\/uploads\/2016_2017\/stage_ete\/IMG_3141.jpg\" data-rel=\"lightbox-gallery-ICsHfils\" data-rl_title=\"\" data-rl_caption=\"\" title=\"\"><img loading=\"lazy\" decoding=\"async\" class=\"alignnone size-thumbnail\" src=\"..\/..\/..\/wp-content\/uploads\/2016_2017\/stage_ete\/IMG_3141-150x150.jpg\" alt=\"\" width=\"150\" height=\"150\" \/><\/a><\/td>\n<td><a href=\"..\/..\/..\/wp-content\/uploads\/2016_2017\/stage_ete\/IMG_3142.jpg\" data-rel=\"lightbox-gallery-ICsHfils\" data-rl_title=\"\" data-rl_caption=\"\" title=\"\"><img loading=\"lazy\" decoding=\"async\" class=\"alignnone size-thumbnail\" src=\"..\/..\/..\/wp-content\/uploads\/2016_2017\/stage_ete\/IMG_3142-150x150.jpg\" alt=\"\" width=\"150\" height=\"150\" \/><\/a><\/td>\n<td><a href=\"..\/..\/..\/wp-content\/uploads\/2016_2017\/stage_ete\/IMG_3146.jpg\" data-rel=\"lightbox-gallery-ICsHfils\" data-rl_title=\"\" data-rl_caption=\"\" title=\"\"><img loading=\"lazy\" decoding=\"async\" class=\"alignnone size-thumbnail\" src=\"..\/..\/..\/wp-content\/uploads\/2016_2017\/stage_ete\/IMG_3146-150x150.jpg\" alt=\"\" width=\"150\" height=\"150\" \/><\/a><\/td>\n<\/tr>\n<tr>\n<td><a href=\"..\/..\/..\/wp-content\/uploads\/2016_2017\/stage_ete\/IMG_3147.jpg\" data-rel=\"lightbox-gallery-ICsHfils\" data-rl_title=\"\" data-rl_caption=\"\" title=\"\"><img loading=\"lazy\" decoding=\"async\" class=\"alignnone size-thumbnail\" src=\"..\/..\/..\/wp-content\/uploads\/2016_2017\/stage_ete\/IMG_3147-150x150.jpg\" alt=\"\" width=\"150\" height=\"150\" \/><\/a><\/td>\n<td><a href=\"..\/..\/..\/wp-content\/uploads\/2016_2017\/stage_ete\/IMG_3148.jpg\" data-rel=\"lightbox-gallery-ICsHfils\" data-rl_title=\"\" data-rl_caption=\"\" title=\"\"><img loading=\"lazy\" decoding=\"async\" class=\"alignnone size-thumbnail\" src=\"..\/..\/..\/wp-content\/uploads\/2016_2017\/stage_ete\/IMG_3148-150x150.jpg\" alt=\"\" width=\"150\" height=\"150\" \/><\/a><\/td>\n<td><a href=\"..\/..\/..\/wp-content\/uploads\/2016_2017\/stage_ete\/IMG_3149.jpg\" data-rel=\"lightbox-gallery-ICsHfils\" data-rl_title=\"\" data-rl_caption=\"\" title=\"\"><img loading=\"lazy\" decoding=\"async\" class=\"alignnone size-thumbnail\" src=\"..\/..\/..\/wp-content\/uploads\/2016_2017\/stage_ete\/IMG_3149-150x150.jpg\" alt=\"\" width=\"150\" height=\"150\" \/><\/a><\/td>\n<td><a href=\"..\/..\/..\/wp-content\/uploads\/2016_2017\/stage_ete\/IMG_3152.jpg\" data-rel=\"lightbox-gallery-ICsHfils\" data-rl_title=\"\" data-rl_caption=\"\" title=\"\"><img loading=\"lazy\" decoding=\"async\" class=\"alignnone size-thumbnail\" src=\"..\/..\/..\/wp-content\/uploads\/2016_2017\/stage_ete\/IMG_3152-150x150.jpg\" alt=\"\" width=\"150\" height=\"150\" \/><\/a><\/td>\n<td><a href=\"..\/..\/..\/wp-content\/uploads\/2016_2017\/stage_ete\/IMG_3154.jpg\" data-rel=\"lightbox-gallery-ICsHfils\" data-rl_title=\"\" data-rl_caption=\"\" title=\"\"><img loading=\"lazy\" decoding=\"async\" class=\"alignnone size-thumbnail\" src=\"..\/..\/..\/wp-content\/uploads\/2016_2017\/stage_ete\/IMG_3154-150x150.jpg\" alt=\"\" width=\"150\" height=\"150\" \/><\/a><\/td>\n<\/tr>\n<tr>\n<td><a href=\"..\/..\/..\/wp-content\/uploads\/2016_2017\/stage_ete\/IMG_3177.jpg\" data-rel=\"lightbox-gallery-ICsHfils\" data-rl_title=\"\" data-rl_caption=\"\" title=\"\"><img loading=\"lazy\" decoding=\"async\" class=\"alignnone size-thumbnail\" src=\"..\/..\/..\/wp-content\/uploads\/2016_2017\/stage_ete\/IMG_3177-150x150.jpg\" alt=\"\" width=\"150\" height=\"150\" \/><\/a><\/td>\n<td><a href=\"..\/..\/..\/wp-content\/uploads\/2016_2017\/stage_ete\/IMG_3181.jpg\" data-rel=\"lightbox-gallery-ICsHfils\" data-rl_title=\"\" data-rl_caption=\"\" title=\"\"><img loading=\"lazy\" decoding=\"async\" class=\"alignnone size-thumbnail\" src=\"..\/..\/..\/wp-content\/uploads\/2016_2017\/stage_ete\/IMG_3181-150x150.jpg\" alt=\"\" width=\"150\" height=\"150\" \/><\/a><\/td>\n<td><a href=\"..\/..\/..\/wp-content\/uploads\/2016_2017\/stage_ete\/IMG_3189.jpg\" data-rel=\"lightbox-gallery-ICsHfils\" data-rl_title=\"\" data-rl_caption=\"\" title=\"\"><img loading=\"lazy\" decoding=\"async\" class=\"alignnone size-thumbnail\" src=\"..\/..\/..\/wp-content\/uploads\/2016_2017\/stage_ete\/IMG_3189-150x150.jpg\" alt=\"\" width=\"150\" height=\"150\" \/><\/a><\/td>\n<td><a href=\"..\/..\/..\/wp-content\/uploads\/2016_2017\/stage_ete\/IMG_3191.jpg\" data-rel=\"lightbox-gallery-ICsHfils\" data-rl_title=\"\" data-rl_caption=\"\" title=\"\"><img loading=\"lazy\" decoding=\"async\" class=\"alignnone size-thumbnail\" src=\"..\/..\/..\/wp-content\/uploads\/2016_2017\/stage_ete\/IMG_3191-150x150.jpg\" alt=\"\" width=\"150\" height=\"150\" \/><\/a><\/td>\n<td><a href=\"..\/..\/..\/wp-content\/uploads\/2016_2017\/stage_ete\/IMG_3195.jpg\" data-rel=\"lightbox-gallery-ICsHfils\" data-rl_title=\"\" data-rl_caption=\"\" title=\"\"><img loading=\"lazy\" decoding=\"async\" class=\"alignnone size-thumbnail\" src=\"..\/..\/..\/wp-content\/uploads\/2016_2017\/stage_ete\/IMG_3195-150x150.jpg\" alt=\"\" width=\"150\" height=\"150\" \/><\/a><\/td>\n<\/tr>\n<tr>\n<td><a href=\"..\/..\/..\/wp-content\/uploads\/2016_2017\/stage_ete\/IMG_3197.jpg\" data-rel=\"lightbox-gallery-ICsHfils\" data-rl_title=\"\" data-rl_caption=\"\" title=\"\"><img loading=\"lazy\" decoding=\"async\" class=\"alignnone size-thumbnail\" src=\"..\/..\/..\/wp-content\/uploads\/2016_2017\/stage_ete\/IMG_3197-150x150.jpg\" alt=\"\" width=\"150\" height=\"150\" \/><\/a><\/td>\n<td><a href=\"..\/..\/..\/wp-content\/uploads\/2016_2017\/stage_ete\/IMG_3198.jpg\" data-rel=\"lightbox-gallery-ICsHfils\" data-rl_title=\"\" data-rl_caption=\"\" title=\"\"><img loading=\"lazy\" decoding=\"async\" class=\"alignnone size-thumbnail\" src=\"..\/..\/..\/wp-content\/uploads\/2016_2017\/stage_ete\/IMG_3198-150x150.jpg\" alt=\"\" width=\"150\" height=\"150\" \/><\/a><\/td>\n<td><a href=\"..\/..\/..\/wp-content\/uploads\/2016_2017\/stage_ete\/IMG_3200.jpg\" data-rel=\"lightbox-gallery-ICsHfils\" data-rl_title=\"\" data-rl_caption=\"\" title=\"\"><img loading=\"lazy\" decoding=\"async\" class=\"alignnone size-thumbnail\" src=\"..\/..\/..\/wp-content\/uploads\/2016_2017\/stage_ete\/IMG_3200-150x150.jpg\" alt=\"\" width=\"150\" height=\"150\" \/><\/a><\/td>\n<td><a href=\"..\/..\/..\/wp-content\/uploads\/2016_2017\/stage_ete\/IMG_3201.jpg\" data-rel=\"lightbox-gallery-ICsHfils\" data-rl_title=\"\" data-rl_caption=\"\" title=\"\"><img loading=\"lazy\" decoding=\"async\" class=\"alignnone size-thumbnail\" src=\"..\/..\/..\/wp-content\/uploads\/2016_2017\/stage_ete\/IMG_3201-150x150.jpg\" alt=\"\" width=\"150\" height=\"150\" \/><\/a><\/td>\n<td><a href=\"..\/..\/..\/wp-content\/uploads\/2016_2017\/stage_ete\/IMG_3204.jpg\" data-rel=\"lightbox-gallery-ICsHfils\" data-rl_title=\"\" data-rl_caption=\"\" title=\"\"><img loading=\"lazy\" decoding=\"async\" class=\"alignnone size-thumbnail\" src=\"..\/..\/..\/wp-content\/uploads\/2016_2017\/stage_ete\/IMG_3204-150x150.jpg\" alt=\"\" width=\"150\" height=\"150\" \/><\/a><\/td>\n<\/tr>\n<tr>\n<td><a href=\"..\/..\/..\/wp-content\/uploads\/2016_2017\/stage_ete\/IMG_3205.jpg\" data-rel=\"lightbox-gallery-ICsHfils\" data-rl_title=\"\" data-rl_caption=\"\" title=\"\"><img loading=\"lazy\" decoding=\"async\" class=\"alignnone size-thumbnail\" src=\"..\/..\/..\/wp-content\/uploads\/2016_2017\/stage_ete\/IMG_3205-150x150.jpg\" alt=\"\" width=\"150\" height=\"150\" \/><\/a><\/td>\n<td><a href=\"..\/..\/..\/wp-content\/uploads\/2016_2017\/stage_ete\/IMG_3206.jpg\" data-rel=\"lightbox-gallery-ICsHfils\" data-rl_title=\"\" data-rl_caption=\"\" title=\"\"><img loading=\"lazy\" decoding=\"async\" class=\"alignnone size-thumbnail\" src=\"..\/..\/..\/wp-content\/uploads\/2016_2017\/stage_ete\/IMG_3206-150x150.jpg\" alt=\"\" width=\"150\" height=\"150\" \/><\/a><\/td>\n<td><a href=\"..\/..\/..\/wp-content\/uploads\/2016_2017\/stage_ete\/IMG_3211.jpg\" data-rel=\"lightbox-gallery-ICsHfils\" data-rl_title=\"\" data-rl_caption=\"\" title=\"\"><img loading=\"lazy\" decoding=\"async\" class=\"alignnone size-thumbnail\" src=\"..\/..\/..\/wp-content\/uploads\/2016_2017\/stage_ete\/IMG_3211-150x150.jpg\" alt=\"\" width=\"150\" height=\"150\" \/><\/a><\/td>\n<td><a href=\"..\/..\/..\/wp-content\/uploads\/2016_2017\/stage_ete\/IMG_3212.jpg\" data-rel=\"lightbox-gallery-ICsHfils\" data-rl_title=\"\" data-rl_caption=\"\" title=\"\"><img loading=\"lazy\" decoding=\"async\" class=\"alignnone size-thumbnail\" src=\"..\/..\/..\/wp-content\/uploads\/2016_2017\/stage_ete\/IMG_3212-150x150.jpg\" alt=\"\" width=\"150\" height=\"150\" \/><\/a><\/td>\n<td><a href=\"..\/..\/..\/wp-content\/uploads\/2016_2017\/stage_ete\/IMG_3213.jpg\" data-rel=\"lightbox-gallery-ICsHfils\" data-rl_title=\"\" data-rl_caption=\"\" title=\"\"><img loading=\"lazy\" decoding=\"async\" class=\"alignnone size-thumbnail\" src=\"..\/..\/..\/wp-content\/uploads\/2016_2017\/stage_ete\/IMG_3213-150x150.jpg\" alt=\"\" width=\"150\" height=\"150\" \/><\/a><\/td>\n<\/tr>\n<tr>\n<td><a href=\"..\/..\/..\/wp-content\/uploads\/2016_2017\/stage_ete\/IMG_3221.jpg\" data-rel=\"lightbox-gallery-ICsHfils\" data-rl_title=\"\" data-rl_caption=\"\" title=\"\"><img loading=\"lazy\" decoding=\"async\" class=\"alignnone size-thumbnail\" src=\"..\/..\/..\/wp-content\/uploads\/2016_2017\/stage_ete\/IMG_3221-150x150.jpg\" alt=\"\" width=\"150\" height=\"150\" \/><\/a><\/td>\n<td><a href=\"..\/..\/..\/wp-content\/uploads\/2016_2017\/stage_ete\/IMG_3222.jpg\" data-rel=\"lightbox-gallery-ICsHfils\" data-rl_title=\"\" data-rl_caption=\"\" title=\"\"><img loading=\"lazy\" decoding=\"async\" class=\"alignnone size-thumbnail\" src=\"..\/..\/..\/wp-content\/uploads\/2016_2017\/stage_ete\/IMG_3222-150x150.jpg\" alt=\"\" width=\"150\" height=\"150\" \/><\/a><\/td>\n<td><a href=\"..\/..\/..\/wp-content\/uploads\/2016_2017\/stage_ete\/IMG_3225.jpg\" data-rel=\"lightbox-gallery-ICsHfils\" data-rl_title=\"\" data-rl_caption=\"\" title=\"\"><img loading=\"lazy\" decoding=\"async\" class=\"alignnone size-thumbnail\" src=\"..\/..\/..\/wp-content\/uploads\/2016_2017\/stage_ete\/IMG_3225-150x150.jpg\" alt=\"\" width=\"150\" height=\"150\" \/><\/a><\/td>\n<td><a href=\"..\/..\/..\/wp-content\/uploads\/2016_2017\/stage_ete\/IMG_3228.jpg\" data-rel=\"lightbox-gallery-ICsHfils\" data-rl_title=\"\" data-rl_caption=\"\" title=\"\"><img loading=\"lazy\" decoding=\"async\" class=\"alignnone size-thumbnail\" src=\"..\/..\/..\/wp-content\/uploads\/2016_2017\/stage_ete\/IMG_3228-150x150.jpg\" alt=\"\" width=\"150\" height=\"150\" \/><\/a><\/td>\n<td><a href=\"..\/..\/..\/wp-content\/uploads\/2016_2017\/stage_ete\/IMG_3230.jpg\" data-rel=\"lightbox-gallery-ICsHfils\" data-rl_title=\"\" data-rl_caption=\"\" title=\"\"><img loading=\"lazy\" decoding=\"async\" class=\"alignnone size-thumbnail\" src=\"..\/..\/..\/wp-content\/uploads\/2016_2017\/stage_ete\/IMG_3230-150x150.jpg\" alt=\"\" width=\"150\" height=\"150\" \/><\/a><\/td>\n<\/tr>\n<tr>\n<td><a href=\"..\/..\/..\/wp-content\/uploads\/2016_2017\/stage_ete\/IMG_3266.jpg\" data-rel=\"lightbox-gallery-ICsHfils\" data-rl_title=\"\" data-rl_caption=\"\" title=\"\"><img loading=\"lazy\" decoding=\"async\" class=\"alignnone size-thumbnail\" src=\"..\/..\/..\/wp-content\/uploads\/2016_2017\/stage_ete\/IMG_3266-150x150.jpg\" alt=\"\" width=\"150\" height=\"150\" \/><\/a><\/td>\n<td><a href=\"..\/..\/..\/wp-content\/uploads\/2016_2017\/stage_ete\/IMG_3271.jpg\" data-rel=\"lightbox-gallery-ICsHfils\" data-rl_title=\"\" data-rl_caption=\"\" title=\"\"><img loading=\"lazy\" decoding=\"async\" class=\"alignnone size-thumbnail\" src=\"..\/..\/..\/wp-content\/uploads\/2016_2017\/stage_ete\/IMG_3271-150x150.jpg\" alt=\"\" width=\"150\" height=\"150\" \/><\/a><\/td>\n<td><a href=\"..\/..\/..\/wp-content\/uploads\/2016_2017\/stage_ete\/IMG_3272.jpg\" data-rel=\"lightbox-gallery-ICsHfils\" data-rl_title=\"\" data-rl_caption=\"\" title=\"\"><img loading=\"lazy\" decoding=\"async\" class=\"alignnone size-thumbnail\" src=\"..\/..\/..\/wp-content\/uploads\/2016_2017\/stage_ete\/IMG_3272-150x150.jpg\" alt=\"\" width=\"150\" height=\"150\" \/><\/a><\/td>\n<td><a href=\"..\/..\/..\/wp-content\/uploads\/2016_2017\/stage_ete\/IMG_3274.jpg\" data-rel=\"lightbox-gallery-ICsHfils\" data-rl_title=\"\" data-rl_caption=\"\" title=\"\"><img loading=\"lazy\" decoding=\"async\" class=\"alignnone size-thumbnail\" src=\"..\/..\/..\/wp-content\/uploads\/2016_2017\/stage_ete\/IMG_3274-150x150.jpg\" alt=\"\" width=\"150\" height=\"150\" \/><\/a><\/td>\n<td><a href=\"..\/..\/..\/wp-content\/uploads\/2016_2017\/stage_ete\/IMG_3281.jpg\" data-rel=\"lightbox-gallery-ICsHfils\" data-rl_title=\"\" data-rl_caption=\"\" title=\"\"><img loading=\"lazy\" decoding=\"async\" class=\"alignnone size-thumbnail\" src=\"..\/..\/..\/wp-content\/uploads\/2016_2017\/stage_ete\/IMG_3281-150x150.jpg\" alt=\"\" width=\"150\" height=\"150\" \/><\/a><\/td>\n<\/tr>\n<tr>\n<td><a href=\"..\/..\/..\/wp-content\/uploads\/2016_2017\/stage_ete\/IMG_3294.jpg\" data-rel=\"lightbox-gallery-ICsHfils\" data-rl_title=\"\" data-rl_caption=\"\" title=\"\"><img loading=\"lazy\" decoding=\"async\" class=\"alignnone size-thumbnail\" src=\"..\/..\/..\/wp-content\/uploads\/2016_2017\/stage_ete\/IMG_3294-150x150.jpg\" alt=\"\" width=\"150\" height=\"150\" \/><\/a><\/td>\n<td><\/td>\n<td><\/td>\n<td><\/td>\n<td><\/td>\n<\/tr>\n<\/tbody>\n<\/table>\n<p>&nbsp;<\/p>\n<p><a href=\"..\">Retour<\/a><\/p>\n<div style=\"padding-bottom:20px; padding-top:10px;\" class=\"hupso-share-buttons\"><!-- Hupso Share Buttons - https:\/\/www.hupso.com\/share\/ --><a class=\"hupso_counters\" href=\"https:\/\/www.hupso.com\/share\/\"><img decoding=\"async\" src=\"https:\/\/static.hupso.com\/share\/buttons\/lang\/fr\/share-small.png\" style=\"border:0px; padding-top:2px; float:left;\" alt=\"Share Button\"\/><\/a><script type=\"text\/javascript\">var hupso_services_c=new Array(\"twitter\",\"facebook_like\",\"facebook_send\",\"google\",\"email\");var hupso_counters_lang = \"fr_FR\";var hupso_image_folder_url = \"\";var hupso_url_c=\"\";var hupso_title_c=\"Stage%20d%27%C3%A9t%C3%A9%202016\";<\/script><script type=\"text\/javascript\" src=\"https:\/\/static.hupso.com\/share\/js\/counters.js\"><\/script><!-- Hupso Share Buttons --><\/div>","protected":false},"excerpt":{"rendered":"<p>Photo du stage d&rsquo;\u00e9t\u00e9 2016 \u00e0 Maz\u00e8res (09). &nbsp; Retour<\/p>\n<div style=\"padding-bottom:20px; padding-top:10px;\" class=\"hupso-share-buttons\"><!-- Hupso Share Buttons - https:\/\/www.hupso.com\/share\/ --><a class=\"hupso_counters\" href=\"https:\/\/www.hupso.com\/share\/\"><img src=\"https:\/\/static.hupso.com\/share\/buttons\/lang\/fr\/share-small.png\" style=\"border:0px; padding-top:2px; float:left;\" alt=\"Share Button\"\/><\/a><script type=\"text\/javascript\">var hupso_services_c=new Array(\"twitter\",\"facebook_like\",\"facebook_send\",\"google\",\"email\");var hupso_counters_lang = \"fr_FR\";var hupso_image_folder_url = \"\";var hupso_url_c=\"\";var hupso_title_c=\"Stage%20d%27%C3%A9t%C3%A9%202016\";<\/script><script type=\"text\/javascript\" src=\"https:\/\/static.hupso.com\/share\/js\/counters.js\"><\/script><!-- Hupso Share Buttons --><\/div>","protected":false},"author":2,"featured_media":0,"parent":11,"menu_order":0,"comment_status":"closed","ping_status":"closed","template":"","meta":{"_mc_calendar":[],"footnotes":""},"class_list":["post-3076","page","type-page","status-publish","hentry"],"_links":{"self":[{"href":"https:\/\/www.sportingclubplaisance.org\/scp-volley.fr\/wp-json\/wp\/v2\/pages\/3076","targetHints":{"allow":["GET"]}}],"collection":[{"href":"https:\/\/www.sportingclubplaisance.org\/scp-volley.fr\/wp-json\/wp\/v2\/pages"}],"about":[{"href":"https:\/\/www.sportingclubplaisance.org\/scp-volley.fr\/wp-json\/wp\/v2\/types\/page"}],"author":[{"embeddable":true,"href":"https:\/\/www.sportingclubplaisance.org\/scp-volley.fr\/wp-json\/wp\/v2\/users\/2"}],"replies":[{"embeddable":true,"href":"https:\/\/www.sportingclubplaisance.org\/scp-volley.fr\/wp-json\/wp\/v2\/comments?post=3076"}],"version-history":[{"count":11,"href":"https:\/\/www.sportingclubplaisance.org\/scp-volley.fr\/wp-json\/wp\/v2\/pages\/3076\/revisions"}],"predecessor-version":[{"id":3088,"href":"https:\/\/www.sportingclubplaisance.org\/scp-volley.fr\/wp-json\/wp\/v2\/pages\/3076\/revisions\/3088"}],"up":[{"embeddable":true,"href":"https:\/\/www.sportingclubplaisance.org\/scp-volley.fr\/wp-json\/wp\/v2\/pages\/11"}],"wp:attachment":[{"href":"https:\/\/www.sportingclubplaisance.org\/scp-volley.fr\/wp-json\/wp\/v2\/media?parent=3076"}],"curies":[{"name":"wp","href":"https:\/\/api.w.org\/{rel}","templated":true}]}}