{"id":2915,"date":"2016-09-15T11:31:57","date_gmt":"2016-09-15T10:31:57","guid":{"rendered":"http:\/\/www.sportingclubplaisance.org\/scp-volley.fr\/?page_id=2915"},"modified":"2023-02-06T21:49:54","modified_gmt":"2023-02-06T20:49:54","slug":"m17m","status":"publish","type":"page","link":"https:\/\/www.sportingclubplaisance.org\/scp-volley.fr\/la-section\/equipes\/m17m\/","title":{"rendered":"M18 M"},"content":{"rendered":"<p><a href=\"#effectif\">Effectif<\/a><br \/>\n<a href=\"#resultat_classement\">R\u00e9sultat \/ classement<\/a><br \/>\n<a href=\"#historique\">Historique<\/a><\/p>\n<div id=\"effectif\">\n<h1>Effectif<\/h1>\n<h2>\u00c9quipe 1<\/h2>\n<p><a title=\"\" href=\"..\/..\/..\/wp-content\/uploads\/Equipes\/volley_ball.jpg\" data-rel=\"lightbox-gallery-4a84fybo\" data-rl_title=\"\" data-rl_caption=\"\"><img decoding=\"async\" class=\"imageEquipe\" title=\"M15 masculines\" src=\"..\/..\/..\/wp-content\/uploads\/Equipes\/volley_ball.jpg\" alt=\"M15 masculines\"><\/a><br \/>\n<span style=\"text-decoration: underline;\">Joueurs :<\/span><br \/>\n<span style=\"text-decoration: underline;\">Entraineurs :<\/span><br \/>\nPatrick ALLAH<br \/>\nNicolas LAGARDE<\/p>\n<h2>\u00c9quipe 2<\/h2>\n<p><a title=\"\" href=\"..\/..\/..\/wp-content\/uploads\/Equipes\/volley_ball.jpg\" data-rel=\"lightbox-gallery-4a84fybo\" data-rl_title=\"\" data-rl_caption=\"\"><img decoding=\"async\" class=\"imageEquipe\" title=\"M15 masculines\" src=\"..\/..\/..\/wp-content\/uploads\/Equipes\/volley_ball.jpg\" alt=\"M15 masculines\"><\/a><br \/>\n<span style=\"text-decoration: underline;\">Joueurs :<\/span><br \/>\n<span style=\"text-decoration: underline;\">Entraineurs :<\/span><br \/>\nPierre VENTURIN<br \/>\nYannick VIRGILI<\/p>\n<\/div>\n<div id=\"resultat_classement\">\n<h1>R\u00e9sultats \/ Classement<\/h1>\n<p>\u00c9quipe 1 :<br \/>\n<a href=\"https:\/\/www.ffvbbeach.org\/ffvbapp\/resu\/vbspo_calendrier.php?saison=2022%2F2023&amp;codent=LILR&amp;poule=COA&amp;calend=COMPLET&amp;equipe=6&amp;x=10&amp;y=12\" target=\"_blank\" rel=\"noopener\">M18 Masculins Occitanie Ouest &#8211; Poule A<\/a><br \/>\n<a href=\"https:\/\/www.ffvbbeach.org\/ffvbapp\/resu\/vbspo_calendrier.php?saison=2022%2F2023&amp;codent=LILR&amp;poule=COE&amp;calend=COMPLET&amp;equipe=1&amp;x=9&amp;y=5\" target=\"_blank\" rel=\"noopener\">M18 Masculins Occitanie Ouest &#8211; Phase finale 9 \u00e0 12<\/a><br \/>\n\u00c9quipe 2 :<br \/>\n<a href=\"https:\/\/www.ffvbbeach.org\/ffvbapp\/resu\/vbspo_calendrier.php?saison=2022%2F2023&amp;codent=LILR&amp;poule=COA&amp;calend=COMPLET&amp;equipe=2&amp;x=10&amp;y=6\" target=\"_blank\" rel=\"noopener\">M18 Masculins Occitanie Ouest &#8211; Poule A<\/a><br \/>\n<a href=\"https:\/\/www.ffvbbeach.org\/ffvbapp\/resu\/vbspo_calendrier.php?saison=2022%2F2023&amp;codent=LILR&amp;poule=COF&amp;calend=COMPLET&amp;equipe=2&amp;x=10&amp;y=11\" target=\"_blank\" rel=\"noopener\">M18 Masculins Occitanie Ouest &#8211; Phase finale 13 \u00e0 17<\/a><br \/>\nCoupe de France :<br \/>\n<a href=\"https:\/\/www.ffvbbeach.org\/ffvbapp\/resu\/planning_club.php?saison=2022%2F2023&amp;codent=ACJEUNES&amp;division=CMX&amp;cnclub=0319125&amp;x=4&amp;y=8\" target=\"_blank\" rel=\"noopener\">1er tour<\/a><\/p>\n<\/div>\n<div id=\"historique\">\n<h1>Historique<\/h1>\n<p>Retrouver l&rsquo;historique de l&rsquo;\u00e9quipe dans le &lsquo;Section \/ Palmar\u00e8s&rsquo; ou en cliquant <a href=\"..\/..\/..\/la-section\/palmares\/historique_m17m\">ici<\/a>.<\/p>\n<\/div>\n<p><a title=\"Equipes\" href=\"..\">Retour<\/a><\/p>\n<div style=\"padding-bottom:20px; padding-top:10px;\" class=\"hupso-share-buttons\"><!-- Hupso Share Buttons - https:\/\/www.hupso.com\/share\/ --><a class=\"hupso_counters\" href=\"https:\/\/www.hupso.com\/share\/\"><img decoding=\"async\" src=\"https:\/\/static.hupso.com\/share\/buttons\/lang\/fr\/share-small.png\" style=\"border:0px; padding-top:2px; float:left;\" alt=\"Share Button\"\/><\/a><script type=\"text\/javascript\">var hupso_services_c=new Array(\"twitter\",\"facebook_like\",\"facebook_send\",\"google\",\"email\");var hupso_counters_lang = \"fr_FR\";var hupso_image_folder_url = \"\";var hupso_url_c=\"\";var hupso_title_c=\"M18%20M\";<\/script><script type=\"text\/javascript\" src=\"https:\/\/static.hupso.com\/share\/js\/counters.js\"><\/script><!-- Hupso Share Buttons --><\/div>","protected":false},"excerpt":{"rendered":"<p>Effectif R\u00e9sultat \/ classement Historique Effectif \u00c9quipe 1 Joueurs : Entraineurs : Patrick ALLAH Nicolas LAGARDE \u00c9quipe 2 Joueurs : Entraineurs : Pierre VENTURIN Yannick VIRGILI R\u00e9sultats \/ Classement \u00c9quipe 1 : M18 Masculins Occitanie Ouest &#8211; Poule A M18 Masculins Occitanie Ouest &#8211; Phase finale 9 \u00e0 12 \u00c9quipe 2 : M18 Masculins Occitanie &hellip; <a href=\"https:\/\/www.sportingclubplaisance.org\/scp-volley.fr\/la-section\/equipes\/m17m\/\" class=\"more-link\">Continuer la lecture de <span class=\"screen-reader-text\">M18 M<\/span><\/a><\/p>\n<div style=\"padding-bottom:20px; padding-top:10px;\" class=\"hupso-share-buttons\"><!-- Hupso Share Buttons - https:\/\/www.hupso.com\/share\/ --><a class=\"hupso_counters\" href=\"https:\/\/www.hupso.com\/share\/\"><img src=\"https:\/\/static.hupso.com\/share\/buttons\/lang\/fr\/share-small.png\" style=\"border:0px; padding-top:2px; float:left;\" alt=\"Share Button\"\/><\/a><script type=\"text\/javascript\">var hupso_services_c=new Array(\"twitter\",\"facebook_like\",\"facebook_send\",\"google\",\"email\");var hupso_counters_lang = \"fr_FR\";var hupso_image_folder_url = \"\";var hupso_url_c=\"\";var hupso_title_c=\"M18%20M\";<\/script><script type=\"text\/javascript\" src=\"https:\/\/static.hupso.com\/share\/js\/counters.js\"><\/script><!-- Hupso Share Buttons --><\/div>","protected":false},"author":2,"featured_media":0,"parent":76,"menu_order":0,"comment_status":"closed","ping_status":"closed","template":"","meta":{"_mc_calendar":[],"footnotes":""},"class_list":["post-2915","page","type-page","status-publish","hentry"],"_links":{"self":[{"href":"https:\/\/www.sportingclubplaisance.org\/scp-volley.fr\/wp-json\/wp\/v2\/pages\/2915","targetHints":{"allow":["GET"]}}],"collection":[{"href":"https:\/\/www.sportingclubplaisance.org\/scp-volley.fr\/wp-json\/wp\/v2\/pages"}],"about":[{"href":"https:\/\/www.sportingclubplaisance.org\/scp-volley.fr\/wp-json\/wp\/v2\/types\/page"}],"author":[{"embeddable":true,"href":"https:\/\/www.sportingclubplaisance.org\/scp-volley.fr\/wp-json\/wp\/v2\/users\/2"}],"replies":[{"embeddable":true,"href":"https:\/\/www.sportingclubplaisance.org\/scp-volley.fr\/wp-json\/wp\/v2\/comments?post=2915"}],"version-history":[{"count":10,"href":"https:\/\/www.sportingclubplaisance.org\/scp-volley.fr\/wp-json\/wp\/v2\/pages\/2915\/revisions"}],"predecessor-version":[{"id":6069,"href":"https:\/\/www.sportingclubplaisance.org\/scp-volley.fr\/wp-json\/wp\/v2\/pages\/2915\/revisions\/6069"}],"up":[{"embeddable":true,"href":"https:\/\/www.sportingclubplaisance.org\/scp-volley.fr\/wp-json\/wp\/v2\/pages\/76"}],"wp:attachment":[{"href":"https:\/\/www.sportingclubplaisance.org\/scp-volley.fr\/wp-json\/wp\/v2\/media?parent=2915"}],"curies":[{"name":"wp","href":"https:\/\/api.w.org\/{rel}","templated":true}]}}