{"id":2302,"date":"2015-10-29T12:40:35","date_gmt":"2015-10-29T11:40:35","guid":{"rendered":"http:\/\/www.sportingclubplaisance.org\/scp-volley.fr\/?page_id=2302"},"modified":"2022-09-29T21:27:00","modified_gmt":"2022-09-29T20:27:00","slug":"senior_f_2","status":"publish","type":"page","link":"https:\/\/www.sportingclubplaisance.org\/scp-volley.fr\/la-section\/equipes\/senior_f_2\/","title":{"rendered":"S\u00e9nior f\u00e9minine 2"},"content":{"rendered":"<p><a href=\"#effectif\">Effectif<\/a><br \/>\n<a href=\"#resultat_classement\">R\u00e9sultat \/ classement<\/a><br \/>\n<a href=\"#historique\">Historique<\/a><\/p>\n<div id=\"effectif\">\n<h1>Effectif<\/h1>\n<p><a title=\"\" href=\"..\/..\/..\/wp-content\/uploads\/Equipes\/volley_ball.jpg\" data-rel=\"lightbox-gallery-U2wOMKZY\" data-rl_title=\"\" data-rl_caption=\"\"><img decoding=\"async\" class=\"imageEquipe\" title=\"R2 f\u00e9minine\" src=\"..\/..\/..\/wp-content\/uploads\/Equipes\/volley_ball.jpg\" alt=\"R2 f\u00e9minine\"><\/a><\/p>\n<p><span style=\"text-decoration: underline;\">Joueuses :<\/span><\/p>\n<ul><\/ul>\n<p><span style=\"text-decoration: underline;\">Entraineur :<\/span><br \/>\nNicolas LAGARDE<\/p>\n<\/div>\n<div id=\"resultat_classement\">\n<h1>R\u00e9sultats \/ Classement<\/h1>\n<p><a href=\"https:\/\/www.ffvbbeach.org\/ffvbapp\/resu\/vbspo_calendrier.php?saison=2022%2F2023&amp;codent=LILR&amp;poule=F2O&amp;calend=COMPLET&amp;equipe=4&amp;x=3&amp;y=5\" target=\"_blank\" rel=\"noopener noreferrer\">R\u00e9gionale 2 F\u00e9minine Occitanie Ouest<\/a><\/p>\n<\/div>\n<div id=\"historique\">\n<h1>Historique<\/h1>\n<p>Retrouver l&rsquo;historique de l&rsquo;\u00e9quipe dans le &lsquo;Section \/ Palmar\u00e8s&rsquo; ou en cliquant <a href=\"..\/..\/..\/la-section\/palmares\/historique_senior_f\">ici<\/a>.<\/p>\n<\/div>\n<p><a title=\"Equipes\" href=\"..\">Retour<\/a><\/p>\n<div style=\"padding-bottom:20px; padding-top:10px;\" class=\"hupso-share-buttons\"><!-- Hupso Share Buttons - https:\/\/www.hupso.com\/share\/ --><a class=\"hupso_counters\" href=\"https:\/\/www.hupso.com\/share\/\"><img decoding=\"async\" src=\"https:\/\/static.hupso.com\/share\/buttons\/lang\/fr\/share-small.png\" style=\"border:0px; padding-top:2px; float:left;\" alt=\"Share Button\"\/><\/a><script type=\"text\/javascript\">var hupso_services_c=new Array(\"twitter\",\"facebook_like\",\"facebook_send\",\"google\",\"email\");var hupso_counters_lang = \"fr_FR\";var hupso_image_folder_url = \"\";var hupso_url_c=\"\";var hupso_title_c=\"S%C3%A9nior%20f%C3%A9minine%202\";<\/script><script type=\"text\/javascript\" src=\"https:\/\/static.hupso.com\/share\/js\/counters.js\"><\/script><!-- Hupso Share Buttons --><\/div>","protected":false},"excerpt":{"rendered":"<p>Effectif R\u00e9sultat \/ classement Historique Effectif Joueuses : Entraineur : Nicolas LAGARDE R\u00e9sultats \/ Classement R\u00e9gionale 2 F\u00e9minine Occitanie Ouest Historique Retrouver l&rsquo;historique de l&rsquo;\u00e9quipe dans le &lsquo;Section \/ Palmar\u00e8s&rsquo; ou en cliquant ici. Retour<\/p>\n<div style=\"padding-bottom:20px; padding-top:10px;\" class=\"hupso-share-buttons\"><!-- Hupso Share Buttons - https:\/\/www.hupso.com\/share\/ --><a class=\"hupso_counters\" href=\"https:\/\/www.hupso.com\/share\/\"><img src=\"https:\/\/static.hupso.com\/share\/buttons\/lang\/fr\/share-small.png\" style=\"border:0px; padding-top:2px; float:left;\" alt=\"Share Button\"\/><\/a><script type=\"text\/javascript\">var hupso_services_c=new Array(\"twitter\",\"facebook_like\",\"facebook_send\",\"google\",\"email\");var hupso_counters_lang = \"fr_FR\";var hupso_image_folder_url = \"\";var hupso_url_c=\"\";var hupso_title_c=\"S%C3%A9nior%20f%C3%A9minine%202\";<\/script><script type=\"text\/javascript\" src=\"https:\/\/static.hupso.com\/share\/js\/counters.js\"><\/script><!-- Hupso Share Buttons --><\/div>","protected":false},"author":2,"featured_media":0,"parent":76,"menu_order":0,"comment_status":"closed","ping_status":"closed","template":"","meta":{"_mc_calendar":[],"footnotes":""},"class_list":["post-2302","page","type-page","status-publish","hentry"],"_links":{"self":[{"href":"https:\/\/www.sportingclubplaisance.org\/scp-volley.fr\/wp-json\/wp\/v2\/pages\/2302","targetHints":{"allow":["GET"]}}],"collection":[{"href":"https:\/\/www.sportingclubplaisance.org\/scp-volley.fr\/wp-json\/wp\/v2\/pages"}],"about":[{"href":"https:\/\/www.sportingclubplaisance.org\/scp-volley.fr\/wp-json\/wp\/v2\/types\/page"}],"author":[{"embeddable":true,"href":"https:\/\/www.sportingclubplaisance.org\/scp-volley.fr\/wp-json\/wp\/v2\/users\/2"}],"replies":[{"embeddable":true,"href":"https:\/\/www.sportingclubplaisance.org\/scp-volley.fr\/wp-json\/wp\/v2\/comments?post=2302"}],"version-history":[{"count":14,"href":"https:\/\/www.sportingclubplaisance.org\/scp-volley.fr\/wp-json\/wp\/v2\/pages\/2302\/revisions"}],"predecessor-version":[{"id":5869,"href":"https:\/\/www.sportingclubplaisance.org\/scp-volley.fr\/wp-json\/wp\/v2\/pages\/2302\/revisions\/5869"}],"up":[{"embeddable":true,"href":"https:\/\/www.sportingclubplaisance.org\/scp-volley.fr\/wp-json\/wp\/v2\/pages\/76"}],"wp:attachment":[{"href":"https:\/\/www.sportingclubplaisance.org\/scp-volley.fr\/wp-json\/wp\/v2\/media?parent=2302"}],"curies":[{"name":"wp","href":"https:\/\/api.w.org\/{rel}","templated":true}]}}