{"id":2258,"date":"2015-10-26T22:59:19","date_gmt":"2015-10-26T21:59:19","guid":{"rendered":"http:\/\/www.sportingclubplaisance.org\/scp-volley.fr\/?page_id=2258"},"modified":"2016-08-04T22:32:39","modified_gmt":"2016-08-04T21:32:39","slug":"historique_mixte_1","status":"publish","type":"page","link":"https:\/\/www.sportingclubplaisance.org\/scp-volley.fr\/la-section\/palmares\/historique_mixte_1\/","title":{"rendered":"Historique Mixte 1"},"content":{"rendered":"<p>&nbsp;<\/p>\n<div id=\"historique\">\n<table class=\"tableauHistorique\">\n<thead>\n<tr>\n<th>Saison<\/th>\n<th>Division<\/th>\n<th>Classement<\/th>\n<\/tr>\n<\/thead>\n<tbody>\n<tr>\n<td>2015 &#8211; 2016<\/td>\n<td><a title=\"\" href=\"..\/..\/..\/wp-content\/uploads\/Equipes\/2015_2016\/mixte_1.jpg\" data-rel=\"lightbox-gallery-ykBFaoqr\" data-rl_title=\"\" data-rl_caption=\"\">Excellence A Mixte<\/a><\/td>\n<td>10\u00e8me<br \/>\nDescente en Excellence B Mixte<\/td>\n<\/tr>\n<tr>\n<td>2014 &#8211; 2015<\/td>\n<td><a title=\"\" href=\"..\/..\/..\/wp-content\/uploads\/Equipes\/2014_2015\/mixte_1.jpg\" data-rel=\"lightbox-gallery-ykBFaoqr\" data-rl_title=\"\" data-rl_caption=\"\">Excellence A Mixte<\/a><\/td>\n<td>7\u00e8me<\/td>\n<\/tr>\n<tr>\n<td>2013 &#8211; 2014<\/td>\n<td><a title=\"\" href=\"..\/..\/..\/wp-content\/uploads\/Equipes\/2013_2014\/mixte_1.jpg\" data-rel=\"lightbox-gallery-ykBFaoqr\" data-rl_title=\"\" data-rl_caption=\"\">Excellence B Mixte<\/a><\/td>\n<td>3\u00e8me<br \/>\nAccession \u00e0 l&rsquo;Excellence A Mixte<\/td>\n<\/tr>\n<tr>\n<td>2012 &#8211; 2013<\/td>\n<td>Excellence C Mixte<\/td>\n<td>2\u00e8me<br \/>\nAccession \u00e0 l&rsquo;Excellence B Mixte<\/td>\n<\/tr>\n<tr>\n<td>2011 &#8211; 2012<\/td>\n<td><a title=\"\" href=\"..\/..\/..\/wp-content\/uploads\/Equipes\/2011_2012\/fsgt_mixte1.jpg\" data-rel=\"lightbox-gallery-ykBFaoqr\" data-rl_title=\"\" data-rl_caption=\"\">Excellence C Mixte<\/a><\/td>\n<td>3\u00e8me<\/td>\n<\/tr>\n<tr>\n<td>2010 &#8211; 2011<\/td>\n<td>Excellence C Mixte<\/td>\n<td>4\u00e8me<\/td>\n<\/tr>\n<tr>\n<td>2009 &#8211; 2010<\/td>\n<td>Excellence C Mixte<\/td>\n<td><\/td>\n<\/tr>\n<tr>\n<td>2008 &#8211; 2009<\/td>\n<td>Excellence C Mixte<\/td>\n<td><\/td>\n<\/tr>\n<tr>\n<td>2007 &#8211; 2008<\/td>\n<td>Excellence C Mixte<\/td>\n<td>3\u00e8me<\/td>\n<\/tr>\n<tr>\n<td>2006 &#8211; 2007<\/td>\n<td>Excellence C Mixte<\/td>\n<td>8\u00e8me<\/td>\n<\/tr>\n<tr>\n<td>2005 &#8211; 2006<\/td>\n<td>Honneur A Mixte<\/td>\n<td>8\u00e8me<\/td>\n<\/tr>\n<\/tbody>\n<\/table>\n<\/div>\n<p><a title=\"Palmar\u00e8s\" href=\"..\">Retour Palmar\u00e8s<\/a><\/p>\n<div style=\"padding-bottom:20px; padding-top:10px;\" class=\"hupso-share-buttons\"><!-- Hupso Share Buttons - https:\/\/www.hupso.com\/share\/ --><a class=\"hupso_counters\" href=\"https:\/\/www.hupso.com\/share\/\"><img decoding=\"async\" src=\"https:\/\/static.hupso.com\/share\/buttons\/lang\/fr\/share-small.png\" style=\"border:0px; padding-top:2px; float:left;\" alt=\"Share Button\"\/><\/a><script type=\"text\/javascript\">var hupso_services_c=new Array(\"twitter\",\"facebook_like\",\"facebook_send\",\"google\",\"email\");var hupso_counters_lang = \"fr_FR\";var hupso_image_folder_url = \"\";var hupso_url_c=\"\";var hupso_title_c=\"Historique%20Mixte%201\";<\/script><script type=\"text\/javascript\" src=\"https:\/\/static.hupso.com\/share\/js\/counters.js\"><\/script><!-- Hupso Share Buttons --><\/div>","protected":false},"excerpt":{"rendered":"<p>&nbsp; Saison Division Classement 2015 &#8211; 2016 Excellence A Mixte 10\u00e8me Descente en Excellence B Mixte 2014 &#8211; 2015 Excellence A Mixte 7\u00e8me 2013 &#8211; 2014 Excellence B Mixte 3\u00e8me Accession \u00e0 l&rsquo;Excellence A Mixte 2012 &#8211; 2013 Excellence C Mixte 2\u00e8me Accession \u00e0 l&rsquo;Excellence B Mixte 2011 &#8211; 2012 Excellence C Mixte 3\u00e8me 2010 &hellip; <a href=\"https:\/\/www.sportingclubplaisance.org\/scp-volley.fr\/la-section\/palmares\/historique_mixte_1\/\" class=\"more-link\">Continuer la lecture de <span class=\"screen-reader-text\">Historique Mixte 1<\/span><\/a><\/p>\n<div style=\"padding-bottom:20px; padding-top:10px;\" class=\"hupso-share-buttons\"><!-- Hupso Share Buttons - https:\/\/www.hupso.com\/share\/ --><a class=\"hupso_counters\" href=\"https:\/\/www.hupso.com\/share\/\"><img src=\"https:\/\/static.hupso.com\/share\/buttons\/lang\/fr\/share-small.png\" style=\"border:0px; padding-top:2px; float:left;\" alt=\"Share Button\"\/><\/a><script type=\"text\/javascript\">var hupso_services_c=new Array(\"twitter\",\"facebook_like\",\"facebook_send\",\"google\",\"email\");var hupso_counters_lang = \"fr_FR\";var hupso_image_folder_url = \"\";var hupso_url_c=\"\";var hupso_title_c=\"Historique%20Mixte%201\";<\/script><script type=\"text\/javascript\" src=\"https:\/\/static.hupso.com\/share\/js\/counters.js\"><\/script><!-- Hupso Share Buttons --><\/div>","protected":false},"author":2,"featured_media":0,"parent":2228,"menu_order":0,"comment_status":"closed","ping_status":"closed","template":"","meta":{"_mc_calendar":[],"footnotes":""},"class_list":["post-2258","page","type-page","status-publish","hentry"],"_links":{"self":[{"href":"https:\/\/www.sportingclubplaisance.org\/scp-volley.fr\/wp-json\/wp\/v2\/pages\/2258","targetHints":{"allow":["GET"]}}],"collection":[{"href":"https:\/\/www.sportingclubplaisance.org\/scp-volley.fr\/wp-json\/wp\/v2\/pages"}],"about":[{"href":"https:\/\/www.sportingclubplaisance.org\/scp-volley.fr\/wp-json\/wp\/v2\/types\/page"}],"author":[{"embeddable":true,"href":"https:\/\/www.sportingclubplaisance.org\/scp-volley.fr\/wp-json\/wp\/v2\/users\/2"}],"replies":[{"embeddable":true,"href":"https:\/\/www.sportingclubplaisance.org\/scp-volley.fr\/wp-json\/wp\/v2\/comments?post=2258"}],"version-history":[{"count":3,"href":"https:\/\/www.sportingclubplaisance.org\/scp-volley.fr\/wp-json\/wp\/v2\/pages\/2258\/revisions"}],"predecessor-version":[{"id":2884,"href":"https:\/\/www.sportingclubplaisance.org\/scp-volley.fr\/wp-json\/wp\/v2\/pages\/2258\/revisions\/2884"}],"up":[{"embeddable":true,"href":"https:\/\/www.sportingclubplaisance.org\/scp-volley.fr\/wp-json\/wp\/v2\/pages\/2228"}],"wp:attachment":[{"href":"https:\/\/www.sportingclubplaisance.org\/scp-volley.fr\/wp-json\/wp\/v2\/media?parent=2258"}],"curies":[{"name":"wp","href":"https:\/\/api.w.org\/{rel}","templated":true}]}}