{"id":2124,"date":"2015-09-04T17:08:57","date_gmt":"2015-09-04T16:08:57","guid":{"rendered":"http:\/\/www.sportingclubplaisance.org\/scp-volley.fr\/?page_id=2124"},"modified":"2015-09-15T08:37:06","modified_gmt":"2015-09-15T07:37:06","slug":"stage_ete_2015","status":"publish","type":"page","link":"https:\/\/www.sportingclubplaisance.org\/scp-volley.fr\/la-section\/phototheque\/stage_ete_2015\/","title":{"rendered":"Stage d&rsquo;\u00e9t\u00e9 2015"},"content":{"rendered":"<p>Photo du stage d&rsquo;\u00e9t\u00e9 2015 \u00e0 Maz\u00e8res (09).<\/p>\n<table>\n<tbody>\n<tr>\n<td><a href=\"..\/..\/..\/wp-content\/uploads\/2015_2016\/stage_ete\/stage_ete_2015_01.jpg\" data-rel=\"lightbox-gallery-42f8hIJN\" data-rl_title=\"\" data-rl_caption=\"\" title=\"\"><img loading=\"lazy\" decoding=\"async\" class=\"alignnone size-thumbnail\" src=\"..\/..\/..\/wp-content\/uploads\/2015_2016\/stage_ete\/stage_ete_2015_01-150x150.jpg\" alt=\"\" width=\"150\" height=\"150\" \/><\/a><\/td>\n<td><a href=\"..\/..\/..\/wp-content\/uploads\/2015_2016\/stage_ete\/stage_ete_2015_02.jpg\" data-rel=\"lightbox-gallery-42f8hIJN\" data-rl_title=\"\" data-rl_caption=\"\" title=\"\"><img loading=\"lazy\" decoding=\"async\" class=\"alignnone size-thumbnail\" src=\"..\/..\/..\/wp-content\/uploads\/2015_2016\/stage_ete\/stage_ete_2015_02-150x150.jpg\" alt=\"\" width=\"150\" height=\"150\" \/><\/a><\/td>\n<td><a href=\"..\/..\/..\/wp-content\/uploads\/2015_2016\/stage_ete\/stage_ete_2015_03.jpg\" data-rel=\"lightbox-gallery-42f8hIJN\" data-rl_title=\"\" data-rl_caption=\"\" title=\"\"><img loading=\"lazy\" decoding=\"async\" class=\"alignnone size-thumbnail\" src=\"..\/..\/..\/wp-content\/uploads\/2015_2016\/stage_ete\/stage_ete_2015_03-150x150.jpg\" alt=\"\" width=\"150\" height=\"150\" \/><\/a><\/td>\n<td><a href=\"..\/..\/..\/wp-content\/uploads\/2015_2016\/stage_ete\/stage_ete_2015_04.jpg\" data-rel=\"lightbox-gallery-42f8hIJN\" data-rl_title=\"\" data-rl_caption=\"\" title=\"\"><img loading=\"lazy\" decoding=\"async\" class=\"alignnone size-thumbnail\" src=\"..\/..\/..\/wp-content\/uploads\/2015_2016\/stage_ete\/stage_ete_2015_04-150x150.jpg\" alt=\"\" width=\"150\" height=\"150\" \/><\/a><\/td>\n<td><a href=\"..\/..\/..\/wp-content\/uploads\/2015_2016\/stage_ete\/stage_ete_2015_05.jpg\" data-rel=\"lightbox-gallery-42f8hIJN\" data-rl_title=\"\" data-rl_caption=\"\" title=\"\"><img loading=\"lazy\" decoding=\"async\" class=\"alignnone size-thumbnail\" src=\"..\/..\/..\/wp-content\/uploads\/2015_2016\/stage_ete\/stage_ete_2015_05-150x150.jpg\" alt=\"\" width=\"150\" height=\"150\" \/><\/a><\/td>\n<\/tr>\n<tr>\n<td><a href=\"..\/..\/..\/wp-content\/uploads\/2015_2016\/stage_ete\/stage_ete_2015_06.jpg\" data-rel=\"lightbox-gallery-42f8hIJN\" data-rl_title=\"\" data-rl_caption=\"\" title=\"\"><img loading=\"lazy\" decoding=\"async\" class=\"alignnone size-thumbnail\" src=\"..\/..\/..\/wp-content\/uploads\/2015_2016\/stage_ete\/stage_ete_2015_06-150x150.jpg\" alt=\"\" width=\"150\" height=\"150\" \/><\/a><\/td>\n<td><a href=\"..\/..\/..\/wp-content\/uploads\/2015_2016\/stage_ete\/stage_ete_2015_07.jpg\" data-rel=\"lightbox-gallery-42f8hIJN\" data-rl_title=\"\" data-rl_caption=\"\" title=\"\"><img loading=\"lazy\" decoding=\"async\" class=\"alignnone size-thumbnail\" src=\"..\/..\/..\/wp-content\/uploads\/2015_2016\/stage_ete\/stage_ete_2015_07-150x150.jpg\" alt=\"\" width=\"150\" height=\"150\" \/><\/a><\/td>\n<td><a href=\"..\/..\/..\/wp-content\/uploads\/2015_2016\/stage_ete\/stage_ete_2015_08.jpg\" data-rel=\"lightbox-gallery-42f8hIJN\" data-rl_title=\"\" data-rl_caption=\"\" title=\"\"><img loading=\"lazy\" decoding=\"async\" class=\"alignnone size-thumbnail\" src=\"..\/..\/..\/wp-content\/uploads\/2015_2016\/stage_ete\/stage_ete_2015_08-150x150.jpg\" alt=\"\" width=\"150\" height=\"150\" \/><\/a><\/td>\n<td><a href=\"..\/..\/..\/wp-content\/uploads\/2015_2016\/stage_ete\/stage_ete_2015_09.jpg\" data-rel=\"lightbox-gallery-42f8hIJN\" data-rl_title=\"\" data-rl_caption=\"\" title=\"\"><img loading=\"lazy\" decoding=\"async\" class=\"alignnone size-thumbnail\" src=\"..\/..\/..\/wp-content\/uploads\/2015_2016\/stage_ete\/stage_ete_2015_09-150x150.jpg\" alt=\"\" width=\"150\" height=\"150\" \/><\/a><\/td>\n<td><a href=\"..\/..\/..\/wp-content\/uploads\/2015_2016\/stage_ete\/stage_ete_2015_10.jpg\" data-rel=\"lightbox-gallery-42f8hIJN\" data-rl_title=\"\" data-rl_caption=\"\" title=\"\"><img loading=\"lazy\" decoding=\"async\" class=\"alignnone size-thumbnail\" src=\"..\/..\/..\/wp-content\/uploads\/2015_2016\/stage_ete\/stage_ete_2015_10-150x150.jpg\" alt=\"\" width=\"150\" height=\"150\" \/><\/a><\/td>\n<\/tr>\n<tr>\n<td><a href=\"..\/..\/..\/wp-content\/uploads\/2015_2016\/stage_ete\/stage_ete_2015_11.jpg\" data-rel=\"lightbox-gallery-42f8hIJN\" data-rl_title=\"\" data-rl_caption=\"\" title=\"\"><img loading=\"lazy\" decoding=\"async\" class=\"alignnone size-thumbnail\" src=\"..\/..\/..\/wp-content\/uploads\/2015_2016\/stage_ete\/stage_ete_2015_11-150x150.jpg\" alt=\"\" width=\"150\" height=\"150\" \/><\/a><\/td>\n<td><a href=\"..\/..\/..\/wp-content\/uploads\/2015_2016\/stage_ete\/stage_ete_2015_12.jpg\" data-rel=\"lightbox-gallery-42f8hIJN\" data-rl_title=\"\" data-rl_caption=\"\" title=\"\"><img loading=\"lazy\" decoding=\"async\" class=\"alignnone size-thumbnail\" src=\"..\/..\/..\/wp-content\/uploads\/2015_2016\/stage_ete\/stage_ete_2015_12-150x150.jpg\" alt=\"\" width=\"150\" height=\"150\" \/><\/a><\/td>\n<td><a href=\"..\/..\/..\/wp-content\/uploads\/2015_2016\/stage_ete\/stage_ete_2015_13.jpg\" data-rel=\"lightbox-gallery-42f8hIJN\" data-rl_title=\"\" data-rl_caption=\"\" title=\"\"><img loading=\"lazy\" decoding=\"async\" class=\"alignnone size-thumbnail\" src=\"..\/..\/..\/wp-content\/uploads\/2015_2016\/stage_ete\/stage_ete_2015_13-150x150.jpg\" alt=\"\" width=\"150\" height=\"150\" \/><\/a><\/td>\n<td><a href=\"..\/..\/..\/wp-content\/uploads\/2015_2016\/stage_ete\/stage_ete_2015_14.jpg\" data-rel=\"lightbox-gallery-42f8hIJN\" data-rl_title=\"\" data-rl_caption=\"\" title=\"\"><img loading=\"lazy\" decoding=\"async\" class=\"alignnone size-thumbnail\" src=\"..\/..\/..\/wp-content\/uploads\/2015_2016\/stage_ete\/stage_ete_2015_14-150x150.jpg\" alt=\"\" width=\"150\" height=\"150\" \/><\/a><\/td>\n<td><a href=\"..\/..\/..\/wp-content\/uploads\/2015_2016\/stage_ete\/stage_ete_2015_15.jpg\" data-rel=\"lightbox-gallery-42f8hIJN\" data-rl_title=\"\" data-rl_caption=\"\" title=\"\"><img loading=\"lazy\" decoding=\"async\" class=\"alignnone size-thumbnail\" src=\"..\/..\/..\/wp-content\/uploads\/2015_2016\/stage_ete\/stage_ete_2015_15-150x150.jpg\" alt=\"\" width=\"150\" height=\"150\" \/><\/a><\/td>\n<\/tr>\n<tr>\n<td><a href=\"..\/..\/..\/wp-content\/uploads\/2015_2016\/stage_ete\/stage_ete_2015_16.jpg\" data-rel=\"lightbox-gallery-42f8hIJN\" data-rl_title=\"\" data-rl_caption=\"\" title=\"\"><img loading=\"lazy\" decoding=\"async\" class=\"alignnone size-thumbnail\" src=\"..\/..\/..\/wp-content\/uploads\/2015_2016\/stage_ete\/stage_ete_2015_16-150x150.jpg\" alt=\"\" width=\"150\" height=\"150\" \/><\/a><\/td>\n<td><a href=\"..\/..\/..\/wp-content\/uploads\/2015_2016\/stage_ete\/stage_ete_2015_17.jpg\" data-rel=\"lightbox-gallery-42f8hIJN\" data-rl_title=\"\" data-rl_caption=\"\" title=\"\"><img loading=\"lazy\" decoding=\"async\" class=\"alignnone size-thumbnail\" src=\"..\/..\/..\/wp-content\/uploads\/2015_2016\/stage_ete\/stage_ete_2015_17-150x150.jpg\" alt=\"\" width=\"150\" height=\"150\" \/><\/a><\/td>\n<td><a href=\"..\/..\/..\/wp-content\/uploads\/2015_2016\/stage_ete\/stage_ete_2015_18.jpg\" data-rel=\"lightbox-gallery-42f8hIJN\" data-rl_title=\"\" data-rl_caption=\"\" title=\"\"><img loading=\"lazy\" decoding=\"async\" class=\"alignnone size-thumbnail\" src=\"..\/..\/..\/wp-content\/uploads\/2015_2016\/stage_ete\/stage_ete_2015_18-150x150.jpg\" alt=\"\" width=\"150\" height=\"150\" \/><\/a><\/td>\n<td><a href=\"..\/..\/..\/wp-content\/uploads\/2015_2016\/stage_ete\/stage_ete_2015_19.jpg\" data-rel=\"lightbox-gallery-42f8hIJN\" data-rl_title=\"\" data-rl_caption=\"\" title=\"\"><img loading=\"lazy\" decoding=\"async\" class=\"alignnone size-thumbnail\" src=\"..\/..\/..\/wp-content\/uploads\/2015_2016\/stage_ete\/stage_ete_2015_19-150x150.jpg\" alt=\"\" width=\"150\" height=\"150\" \/><\/a><\/td>\n<td><a href=\"..\/..\/..\/wp-content\/uploads\/2015_2016\/stage_ete\/stage_ete_2015_20.jpg\" data-rel=\"lightbox-gallery-42f8hIJN\" data-rl_title=\"\" data-rl_caption=\"\" title=\"\"><img loading=\"lazy\" decoding=\"async\" class=\"alignnone size-thumbnail\" src=\"..\/..\/..\/wp-content\/uploads\/2015_2016\/stage_ete\/stage_ete_2015_20-150x150.jpg\" alt=\"\" width=\"150\" height=\"150\" \/><\/a><\/td>\n<\/tr>\n<tr>\n<td><a href=\"..\/..\/..\/wp-content\/uploads\/2015_2016\/stage_ete\/stage_ete_2015_21.jpg\" data-rel=\"lightbox-gallery-42f8hIJN\" data-rl_title=\"\" data-rl_caption=\"\" title=\"\"><img loading=\"lazy\" decoding=\"async\" class=\"alignnone size-thumbnail\" src=\"..\/..\/..\/wp-content\/uploads\/2015_2016\/stage_ete\/stage_ete_2015_21-150x150.jpg\" alt=\"\" width=\"150\" height=\"150\" \/><\/a><\/td>\n<td><a href=\"..\/..\/..\/wp-content\/uploads\/2015_2016\/stage_ete\/stage_ete_2015_22.jpg\" data-rel=\"lightbox-gallery-42f8hIJN\" data-rl_title=\"\" data-rl_caption=\"\" title=\"\"><img loading=\"lazy\" decoding=\"async\" class=\"alignnone size-thumbnail\" src=\"..\/..\/..\/wp-content\/uploads\/2015_2016\/stage_ete\/stage_ete_2015_22-150x150.jpg\" alt=\"\" width=\"150\" height=\"150\" \/><\/a><\/td>\n<td><a href=\"..\/..\/..\/wp-content\/uploads\/2015_2016\/stage_ete\/stage_ete_2015_23.jpg\" data-rel=\"lightbox-gallery-42f8hIJN\" data-rl_title=\"\" data-rl_caption=\"\" title=\"\"><img loading=\"lazy\" decoding=\"async\" class=\"alignnone size-thumbnail\" src=\"..\/..\/..\/wp-content\/uploads\/2015_2016\/stage_ete\/stage_ete_2015_23-150x150.jpg\" alt=\"\" width=\"150\" height=\"150\" \/><\/a><\/td>\n<td><a href=\"..\/..\/..\/wp-content\/uploads\/2015_2016\/stage_ete\/stage_ete_2015_24.jpg\" data-rel=\"lightbox-gallery-42f8hIJN\" data-rl_title=\"\" data-rl_caption=\"\" title=\"\"><img loading=\"lazy\" decoding=\"async\" class=\"alignnone size-thumbnail\" src=\"..\/..\/..\/wp-content\/uploads\/2015_2016\/stage_ete\/stage_ete_2015_24-150x150.jpg\" alt=\"\" width=\"150\" height=\"150\" \/><\/a><\/td>\n<td><a href=\"..\/..\/..\/wp-content\/uploads\/2015_2016\/stage_ete\/stage_ete_2015_25.jpg\" data-rel=\"lightbox-gallery-42f8hIJN\" data-rl_title=\"\" data-rl_caption=\"\" title=\"\"><img loading=\"lazy\" decoding=\"async\" class=\"alignnone size-thumbnail\" src=\"..\/..\/..\/wp-content\/uploads\/2015_2016\/stage_ete\/stage_ete_2015_25-150x150.jpg\" alt=\"\" width=\"150\" height=\"150\" \/><\/a><\/td>\n<\/tr>\n<tr>\n<td><a href=\"..\/..\/..\/wp-content\/uploads\/2015_2016\/stage_ete\/stage_ete_2015_26.jpg\" data-rel=\"lightbox-gallery-42f8hIJN\" data-rl_title=\"\" data-rl_caption=\"\" title=\"\"><img loading=\"lazy\" decoding=\"async\" class=\"alignnone size-thumbnail\" src=\"..\/..\/..\/wp-content\/uploads\/2015_2016\/stage_ete\/stage_ete_2015_26-150x150.jpg\" alt=\"\" width=\"150\" height=\"150\" \/><\/a><\/td>\n<td><\/td>\n<td><\/td>\n<td><\/td>\n<td><\/td>\n<\/tr>\n<\/tbody>\n<\/table>\n<p>&nbsp;<\/p>\n<p><a href=\"..\">Retour<\/a><\/p>\n<div style=\"padding-bottom:20px; padding-top:10px;\" class=\"hupso-share-buttons\"><!-- Hupso Share Buttons - https:\/\/www.hupso.com\/share\/ --><a class=\"hupso_counters\" href=\"https:\/\/www.hupso.com\/share\/\"><img decoding=\"async\" src=\"https:\/\/static.hupso.com\/share\/buttons\/lang\/fr\/share-small.png\" style=\"border:0px; padding-top:2px; float:left;\" alt=\"Share Button\"\/><\/a><script type=\"text\/javascript\">var hupso_services_c=new Array(\"twitter\",\"facebook_like\",\"facebook_send\",\"google\",\"email\");var hupso_counters_lang = \"fr_FR\";var hupso_image_folder_url = \"\";var hupso_url_c=\"\";var hupso_title_c=\"Stage%20d%27%C3%A9t%C3%A9%202015\";<\/script><script type=\"text\/javascript\" src=\"https:\/\/static.hupso.com\/share\/js\/counters.js\"><\/script><!-- Hupso Share Buttons --><\/div>","protected":false},"excerpt":{"rendered":"<p>Photo du stage d&rsquo;\u00e9t\u00e9 2015 \u00e0 Maz\u00e8res (09). &nbsp; Retour<\/p>\n<div style=\"padding-bottom:20px; padding-top:10px;\" class=\"hupso-share-buttons\"><!-- Hupso Share Buttons - https:\/\/www.hupso.com\/share\/ --><a class=\"hupso_counters\" href=\"https:\/\/www.hupso.com\/share\/\"><img src=\"https:\/\/static.hupso.com\/share\/buttons\/lang\/fr\/share-small.png\" style=\"border:0px; padding-top:2px; float:left;\" alt=\"Share Button\"\/><\/a><script type=\"text\/javascript\">var hupso_services_c=new Array(\"twitter\",\"facebook_like\",\"facebook_send\",\"google\",\"email\");var hupso_counters_lang = \"fr_FR\";var hupso_image_folder_url = \"\";var hupso_url_c=\"\";var hupso_title_c=\"Stage%20d%27%C3%A9t%C3%A9%202015\";<\/script><script type=\"text\/javascript\" src=\"https:\/\/static.hupso.com\/share\/js\/counters.js\"><\/script><!-- Hupso Share Buttons --><\/div>","protected":false},"author":2,"featured_media":0,"parent":11,"menu_order":0,"comment_status":"closed","ping_status":"closed","template":"","meta":{"_mc_calendar":[],"footnotes":""},"class_list":["post-2124","page","type-page","status-publish","hentry"],"_links":{"self":[{"href":"https:\/\/www.sportingclubplaisance.org\/scp-volley.fr\/wp-json\/wp\/v2\/pages\/2124","targetHints":{"allow":["GET"]}}],"collection":[{"href":"https:\/\/www.sportingclubplaisance.org\/scp-volley.fr\/wp-json\/wp\/v2\/pages"}],"about":[{"href":"https:\/\/www.sportingclubplaisance.org\/scp-volley.fr\/wp-json\/wp\/v2\/types\/page"}],"author":[{"embeddable":true,"href":"https:\/\/www.sportingclubplaisance.org\/scp-volley.fr\/wp-json\/wp\/v2\/users\/2"}],"replies":[{"embeddable":true,"href":"https:\/\/www.sportingclubplaisance.org\/scp-volley.fr\/wp-json\/wp\/v2\/comments?post=2124"}],"version-history":[{"count":3,"href":"https:\/\/www.sportingclubplaisance.org\/scp-volley.fr\/wp-json\/wp\/v2\/pages\/2124\/revisions"}],"predecessor-version":[{"id":2128,"href":"https:\/\/www.sportingclubplaisance.org\/scp-volley.fr\/wp-json\/wp\/v2\/pages\/2124\/revisions\/2128"}],"up":[{"embeddable":true,"href":"https:\/\/www.sportingclubplaisance.org\/scp-volley.fr\/wp-json\/wp\/v2\/pages\/11"}],"wp:attachment":[{"href":"https:\/\/www.sportingclubplaisance.org\/scp-volley.fr\/wp-json\/wp\/v2\/media?parent=2124"}],"curies":[{"name":"wp","href":"https:\/\/api.w.org\/{rel}","templated":true}]}}