{"id":1643,"date":"2014-11-25T13:42:27","date_gmt":"2014-11-25T12:42:27","guid":{"rendered":"http:\/\/www.sportingclubplaisance.org\/scp-volley.fr\/?page_id=1643"},"modified":"2019-03-28T14:58:12","modified_gmt":"2019-03-28T13:58:12","slug":"2014_2eme_tour_m13f","status":"publish","type":"page","link":"https:\/\/www.sportingclubplaisance.org\/scp-volley.fr\/la-section\/phototheque\/2014_2eme_tour_m13f\/","title":{"rendered":"2\u00e8me tour de coupe de France M13 F"},"content":{"rendered":"<p>Photo du match contre Labastide du 2\u00e8me tour de Coupe de France des M13 F \u00e0 Toulouse (gymnase Toulouse-Lautrec) le dimanche 23 novembre 2014.<\/p>\n<table>\n<tbody>\n<tr>\n<td><a href=\"..\/..\/..\/wp-content\/uploads\/2014_2015\/M13M_2eme_tour\/IMG_0842.jpg\" data-rel=\"lightbox-gallery-T9VL27sZ\" data-rl_title=\"\" data-rl_caption=\"\" title=\"\"><img loading=\"lazy\" decoding=\"async\" class=\"alignnone size-thumbnail\" src=\"..\/..\/..\/wp-content\/uploads\/2014_2015\/M13M_2eme_tour\/IMG_0842-150x150.jpg\" alt=\"\" width=\"150\" height=\"150\"><\/a><\/td>\n<td><a href=\"..\/..\/..\/wp-content\/uploads\/2014_2015\/M13M_2eme_tour\/IMG_0849.jpg\" data-rel=\"lightbox-gallery-T9VL27sZ\" data-rl_title=\"\" data-rl_caption=\"\" title=\"\"><img loading=\"lazy\" decoding=\"async\" class=\"alignnone size-thumbnail\" src=\"..\/..\/..\/wp-content\/uploads\/2014_2015\/M13M_2eme_tour\/IMG_0849-150x150.jpg\" alt=\"\" width=\"150\" height=\"150\"><\/a><\/td>\n<td><a href=\"..\/..\/..\/wp-content\/uploads\/2014_2015\/M13M_2eme_tour\/IMG_0857.jpg\" data-rel=\"lightbox-gallery-T9VL27sZ\" data-rl_title=\"\" data-rl_caption=\"\" title=\"\"><img loading=\"lazy\" decoding=\"async\" class=\"alignnone size-thumbnail\" src=\"..\/..\/..\/wp-content\/uploads\/2014_2015\/M13M_2eme_tour\/IMG_0857-150x150.jpg\" alt=\"\" width=\"150\" height=\"150\"><\/a><\/td>\n<td><a href=\"..\/..\/..\/wp-content\/uploads\/2014_2015\/M13M_2eme_tour\/IMG_0865.jpg\" data-rel=\"lightbox-gallery-T9VL27sZ\" data-rl_title=\"\" data-rl_caption=\"\" title=\"\"><img loading=\"lazy\" decoding=\"async\" class=\"alignnone size-thumbnail\" src=\"..\/..\/..\/wp-content\/uploads\/2014_2015\/M13M_2eme_tour\/IMG_0865-150x150.jpg\" alt=\"\" width=\"150\" height=\"150\"><\/a><\/td>\n<td><a href=\"..\/..\/..\/wp-content\/uploads\/2014_2015\/M13M_2eme_tour\/IMG_0875.jpg\" data-rel=\"lightbox-gallery-T9VL27sZ\" data-rl_title=\"\" data-rl_caption=\"\" title=\"\"><img loading=\"lazy\" decoding=\"async\" class=\"alignnone size-thumbnail\" src=\"..\/..\/..\/wp-content\/uploads\/2014_2015\/M13M_2eme_tour\/IMG_0875-150x150.jpg\" alt=\"\" width=\"150\" height=\"150\"><\/a><\/td>\n<\/tr>\n<tr>\n<td><a href=\"..\/..\/..\/wp-content\/uploads\/2014_2015\/M13M_2eme_tour\/IMG_0877.jpg\" data-rel=\"lightbox-gallery-T9VL27sZ\" data-rl_title=\"\" data-rl_caption=\"\" title=\"\"><img loading=\"lazy\" decoding=\"async\" class=\"alignnone size-thumbnail\" src=\"..\/..\/..\/wp-content\/uploads\/2014_2015\/M13M_2eme_tour\/IMG_0877-150x150.jpg\" alt=\"\" width=\"150\" height=\"150\"><\/a><\/td>\n<td><a href=\"..\/..\/..\/wp-content\/uploads\/2014_2015\/M13M_2eme_tour\/IMG_0882.jpg\" data-rel=\"lightbox-gallery-T9VL27sZ\" data-rl_title=\"\" data-rl_caption=\"\" title=\"\"><img loading=\"lazy\" decoding=\"async\" class=\"alignnone size-thumbnail\" src=\"..\/..\/..\/wp-content\/uploads\/2014_2015\/M13M_2eme_tour\/IMG_0882-150x150.jpg\" alt=\"\" width=\"150\" height=\"150\"><\/a><\/td>\n<td><a href=\"..\/..\/..\/wp-content\/uploads\/2014_2015\/M13M_2eme_tour\/IMG_0898.jpg\" data-rel=\"lightbox-gallery-T9VL27sZ\" data-rl_title=\"\" data-rl_caption=\"\" title=\"\"><img loading=\"lazy\" decoding=\"async\" class=\"alignnone size-thumbnail\" src=\"..\/..\/..\/wp-content\/uploads\/2014_2015\/M13M_2eme_tour\/IMG_0898-150x150.jpg\" alt=\"\" width=\"150\" height=\"150\"><\/a><\/td>\n<td><a href=\"..\/..\/..\/wp-content\/uploads\/2014_2015\/M13M_2eme_tour\/IMG_0905.jpg\" data-rel=\"lightbox-gallery-T9VL27sZ\" data-rl_title=\"\" data-rl_caption=\"\" title=\"\"><img loading=\"lazy\" decoding=\"async\" class=\"alignnone size-thumbnail\" src=\"..\/..\/..\/wp-content\/uploads\/2014_2015\/M13M_2eme_tour\/IMG_0905-150x150.jpg\" alt=\"\" width=\"150\" height=\"150\"><\/a><\/td>\n<td><a href=\"..\/..\/..\/wp-content\/uploads\/2014_2015\/M13M_2eme_tour\/IMG_0923.jpg\" data-rel=\"lightbox-gallery-T9VL27sZ\" data-rl_title=\"\" data-rl_caption=\"\" title=\"\"><img loading=\"lazy\" decoding=\"async\" class=\"alignnone size-thumbnail\" src=\"..\/..\/..\/wp-content\/uploads\/2014_2015\/M13M_2eme_tour\/IMG_0923-150x150.jpg\" alt=\"\" width=\"150\" height=\"150\"><\/a><\/td>\n<\/tr>\n<tr>\n<td><a href=\"..\/..\/..\/wp-content\/uploads\/2014_2015\/M13M_2eme_tour\/IMG_0931.jpg\" data-rel=\"lightbox-gallery-T9VL27sZ\" data-rl_title=\"\" data-rl_caption=\"\" title=\"\"><img loading=\"lazy\" decoding=\"async\" class=\"alignnone size-thumbnail\" src=\"..\/..\/..\/wp-content\/uploads\/2014_2015\/M13M_2eme_tour\/IMG_0931-150x150.jpg\" alt=\"\" width=\"150\" height=\"150\"><\/a><\/td>\n<td><a href=\"..\/..\/..\/wp-content\/uploads\/2014_2015\/M13M_2eme_tour\/IMG_0938.jpg\" data-rel=\"lightbox-gallery-T9VL27sZ\" data-rl_title=\"\" data-rl_caption=\"\" title=\"\"><img loading=\"lazy\" decoding=\"async\" class=\"alignnone size-thumbnail\" src=\"..\/..\/..\/wp-content\/uploads\/2014_2015\/M13M_2eme_tour\/IMG_0938-150x150.jpg\" alt=\"\" width=\"150\" height=\"150\"><\/a><\/td>\n<td><a href=\"..\/..\/..\/wp-content\/uploads\/2014_2015\/M13M_2eme_tour\/IMG_0954.jpg\" data-rel=\"lightbox-gallery-T9VL27sZ\" data-rl_title=\"\" data-rl_caption=\"\" title=\"\"><img loading=\"lazy\" decoding=\"async\" class=\"alignnone size-thumbnail\" src=\"..\/..\/..\/wp-content\/uploads\/2014_2015\/M13M_2eme_tour\/IMG_0954-150x150.jpg\" alt=\"\" width=\"150\" height=\"150\"><\/a><\/td>\n<td><a href=\"..\/..\/..\/wp-content\/uploads\/2014_2015\/M13M_2eme_tour\/IMG_0970.jpg\" data-rel=\"lightbox-gallery-T9VL27sZ\" data-rl_title=\"\" data-rl_caption=\"\" title=\"\"><img loading=\"lazy\" decoding=\"async\" class=\"alignnone size-thumbnail\" src=\"..\/..\/..\/wp-content\/uploads\/2014_2015\/M13M_2eme_tour\/IMG_0970-150x150.jpg\" alt=\"\" width=\"150\" height=\"150\"><\/a><\/td>\n<td><a href=\"..\/..\/..\/wp-content\/uploads\/2014_2015\/M13M_2eme_tour\/IMG_0986.jpg\" data-rel=\"lightbox-gallery-T9VL27sZ\" data-rl_title=\"\" data-rl_caption=\"\" title=\"\"><img loading=\"lazy\" decoding=\"async\" class=\"alignnone size-thumbnail\" src=\"..\/..\/..\/wp-content\/uploads\/2014_2015\/M13M_2eme_tour\/IMG_0986-150x150.jpg\" alt=\"\" width=\"150\" height=\"150\"><\/a><\/td>\n<\/tr>\n<tr>\n<td><a href=\"..\/..\/..\/wp-content\/uploads\/2014_2015\/M13M_2eme_tour\/IMG_1007.jpg\" data-rel=\"lightbox-gallery-T9VL27sZ\" data-rl_title=\"\" data-rl_caption=\"\" title=\"\"><img loading=\"lazy\" decoding=\"async\" class=\"alignnone size-thumbnail\" src=\"..\/..\/..\/wp-content\/uploads\/2014_2015\/M13M_2eme_tour\/IMG_1007-150x150.jpg\" alt=\"\" width=\"150\" height=\"150\"><\/a><\/td>\n<td><a href=\"..\/..\/..\/wp-content\/uploads\/2014_2015\/M13M_2eme_tour\/IMG_1017.jpg\" data-rel=\"lightbox-gallery-T9VL27sZ\" data-rl_title=\"\" data-rl_caption=\"\" title=\"\"><img loading=\"lazy\" decoding=\"async\" class=\"alignnone size-thumbnail\" src=\"..\/..\/..\/wp-content\/uploads\/2014_2015\/M13M_2eme_tour\/IMG_1017-150x150.jpg\" alt=\"\" width=\"150\" height=\"150\"><\/a><\/td>\n<td><a href=\"..\/..\/..\/wp-content\/uploads\/2014_2015\/M13M_2eme_tour\/IMG_1022.jpg\" data-rel=\"lightbox-gallery-T9VL27sZ\" data-rl_title=\"\" data-rl_caption=\"\" title=\"\"><img loading=\"lazy\" decoding=\"async\" class=\"alignnone size-thumbnail\" src=\"..\/..\/..\/wp-content\/uploads\/2014_2015\/M13M_2eme_tour\/IMG_1022-150x150.jpg\" alt=\"\" width=\"150\" height=\"150\"><\/a><\/td>\n<td><a href=\"..\/..\/..\/wp-content\/uploads\/2014_2015\/M13M_2eme_tour\/IMG_1031.jpg\" data-rel=\"lightbox-gallery-T9VL27sZ\" data-rl_title=\"\" data-rl_caption=\"\" title=\"\"><img loading=\"lazy\" decoding=\"async\" class=\"alignnone size-thumbnail\" src=\"..\/..\/..\/wp-content\/uploads\/2014_2015\/M13M_2eme_tour\/IMG_1031-150x150.jpg\" alt=\"\" width=\"150\" height=\"150\"><\/a><\/td>\n<td><a href=\"..\/..\/..\/wp-content\/uploads\/2014_2015\/M13M_2eme_tour\/IMG_1045.jpg\" data-rel=\"lightbox-gallery-T9VL27sZ\" data-rl_title=\"\" data-rl_caption=\"\" title=\"\"><img loading=\"lazy\" decoding=\"async\" class=\"alignnone size-thumbnail\" src=\"..\/..\/..\/wp-content\/uploads\/2014_2015\/M13M_2eme_tour\/IMG_1045-150x150.jpg\" alt=\"\" width=\"150\" height=\"150\"><\/a><\/td>\n<\/tr>\n<tr>\n<td><a href=\"..\/..\/..\/wp-content\/uploads\/2014_2015\/M13M_2eme_tour\/IMG_1046.jpg\" data-rel=\"lightbox-gallery-T9VL27sZ\" data-rl_title=\"\" data-rl_caption=\"\" title=\"\"><img loading=\"lazy\" decoding=\"async\" class=\"alignnone size-thumbnail\" src=\"..\/..\/..\/wp-content\/uploads\/2014_2015\/M13M_2eme_tour\/IMG_1046-150x150.jpg\" alt=\"\" width=\"150\" height=\"150\"><\/a><\/td>\n<td><a href=\"..\/..\/..\/wp-content\/uploads\/2014_2015\/M13M_2eme_tour\/IMG_1063.jpg\" data-rel=\"lightbox-gallery-T9VL27sZ\" data-rl_title=\"\" data-rl_caption=\"\" title=\"\"><img loading=\"lazy\" decoding=\"async\" class=\"alignnone size-thumbnail\" src=\"..\/..\/..\/wp-content\/uploads\/2014_2015\/M13M_2eme_tour\/IMG_1063-150x150.jpg\" alt=\"\" width=\"150\" height=\"150\"><\/a><\/td>\n<td><a href=\"..\/..\/..\/wp-content\/uploads\/2014_2015\/M13M_2eme_tour\/IMG_1064.jpg\" data-rel=\"lightbox-gallery-T9VL27sZ\" data-rl_title=\"\" data-rl_caption=\"\" title=\"\"><img loading=\"lazy\" decoding=\"async\" class=\"alignnone size-thumbnail\" src=\"..\/..\/..\/wp-content\/uploads\/2014_2015\/M13M_2eme_tour\/IMG_1064-150x150.jpg\" alt=\"\" width=\"150\" height=\"150\"><\/a><\/td>\n<td><a href=\"..\/..\/..\/wp-content\/uploads\/2014_2015\/M13M_2eme_tour\/IMG_1068.jpg\" data-rel=\"lightbox-gallery-T9VL27sZ\" data-rl_title=\"\" data-rl_caption=\"\" title=\"\"><img loading=\"lazy\" decoding=\"async\" class=\"alignnone size-thumbnail\" src=\"..\/..\/..\/wp-content\/uploads\/2014_2015\/M13M_2eme_tour\/IMG_1068-150x150.jpg\" alt=\"\" width=\"150\" height=\"150\"><\/a><\/td>\n<td><a href=\"..\/..\/..\/wp-content\/uploads\/2014_2015\/M13M_2eme_tour\/IMG_1069.jpg\" data-rel=\"lightbox-gallery-T9VL27sZ\" data-rl_title=\"\" data-rl_caption=\"\" title=\"\"><img loading=\"lazy\" decoding=\"async\" class=\"alignnone size-thumbnail\" src=\"..\/..\/..\/wp-content\/uploads\/2014_2015\/M13M_2eme_tour\/IMG_1069-150x150.jpg\" alt=\"\" width=\"150\" height=\"150\"><\/a><\/td>\n<\/tr>\n<tr>\n<td><a href=\"..\/..\/..\/wp-content\/uploads\/2014_2015\/M13M_2eme_tour\/IMG_1077.jpg\" data-rel=\"lightbox-gallery-T9VL27sZ\" data-rl_title=\"\" data-rl_caption=\"\" title=\"\"><img loading=\"lazy\" decoding=\"async\" class=\"alignnone size-thumbnail\" src=\"..\/..\/..\/wp-content\/uploads\/2014_2015\/M13M_2eme_tour\/IMG_1077-150x150.jpg\" alt=\"\" width=\"150\" height=\"150\"><\/a><\/td>\n<td><a href=\"..\/..\/..\/wp-content\/uploads\/2014_2015\/M13M_2eme_tour\/IMG_1081.jpg\" data-rel=\"lightbox-gallery-T9VL27sZ\" data-rl_title=\"\" data-rl_caption=\"\" title=\"\"><img loading=\"lazy\" decoding=\"async\" class=\"alignnone size-thumbnail\" src=\"..\/..\/..\/wp-content\/uploads\/2014_2015\/M13M_2eme_tour\/IMG_1081-150x150.jpg\" alt=\"\" width=\"150\" height=\"150\"><\/a><\/td>\n<td><a href=\"..\/..\/..\/wp-content\/uploads\/2014_2015\/M13M_2eme_tour\/IMG_1088.jpg\" data-rel=\"lightbox-gallery-T9VL27sZ\" data-rl_title=\"\" data-rl_caption=\"\" title=\"\"><img loading=\"lazy\" decoding=\"async\" class=\"alignnone size-thumbnail\" src=\"..\/..\/..\/wp-content\/uploads\/2014_2015\/M13M_2eme_tour\/IMG_1088-150x150.jpg\" alt=\"\" width=\"150\" height=\"150\"><\/a><\/td>\n<td><\/td>\n<td><\/td>\n<\/tr>\n<\/tbody>\n<\/table>\n<p>&nbsp;<\/p>\n<p><a href=\"..\">Retour<\/a>.<\/p>\n<div style=\"padding-bottom:20px; padding-top:10px;\" class=\"hupso-share-buttons\"><!-- Hupso Share Buttons - https:\/\/www.hupso.com\/share\/ --><a class=\"hupso_counters\" href=\"https:\/\/www.hupso.com\/share\/\"><img decoding=\"async\" src=\"https:\/\/static.hupso.com\/share\/buttons\/lang\/fr\/share-small.png\" style=\"border:0px; padding-top:2px; float:left;\" alt=\"Share Button\"\/><\/a><script type=\"text\/javascript\">var hupso_services_c=new Array(\"twitter\",\"facebook_like\",\"facebook_send\",\"google\",\"email\");var hupso_counters_lang = \"fr_FR\";var hupso_image_folder_url = \"\";var hupso_url_c=\"\";var hupso_title_c=\"2%C3%A8me%20tour%20de%20coupe%20de%20France%20M13%20F\";<\/script><script type=\"text\/javascript\" src=\"https:\/\/static.hupso.com\/share\/js\/counters.js\"><\/script><!-- Hupso Share Buttons --><\/div>","protected":false},"excerpt":{"rendered":"<p>Photo du match contre Labastide du 2\u00e8me tour de Coupe de France des M13 F \u00e0 Toulouse (gymnase Toulouse-Lautrec) le dimanche 23 novembre 2014. &nbsp; Retour.<\/p>\n<div style=\"padding-bottom:20px; padding-top:10px;\" class=\"hupso-share-buttons\"><!-- Hupso Share Buttons - https:\/\/www.hupso.com\/share\/ --><a class=\"hupso_counters\" href=\"https:\/\/www.hupso.com\/share\/\"><img src=\"https:\/\/static.hupso.com\/share\/buttons\/lang\/fr\/share-small.png\" style=\"border:0px; padding-top:2px; float:left;\" alt=\"Share Button\"\/><\/a><script type=\"text\/javascript\">var hupso_services_c=new Array(\"twitter\",\"facebook_like\",\"facebook_send\",\"google\",\"email\");var hupso_counters_lang = \"fr_FR\";var hupso_image_folder_url = \"\";var hupso_url_c=\"\";var hupso_title_c=\"2%C3%A8me%20tour%20de%20coupe%20de%20France%20M13%20F\";<\/script><script type=\"text\/javascript\" src=\"https:\/\/static.hupso.com\/share\/js\/counters.js\"><\/script><!-- Hupso Share Buttons --><\/div>","protected":false},"author":2,"featured_media":0,"parent":11,"menu_order":0,"comment_status":"closed","ping_status":"open","template":"","meta":{"_mc_calendar":[],"footnotes":""},"class_list":["post-1643","page","type-page","status-publish","hentry"],"_links":{"self":[{"href":"https:\/\/www.sportingclubplaisance.org\/scp-volley.fr\/wp-json\/wp\/v2\/pages\/1643","targetHints":{"allow":["GET"]}}],"collection":[{"href":"https:\/\/www.sportingclubplaisance.org\/scp-volley.fr\/wp-json\/wp\/v2\/pages"}],"about":[{"href":"https:\/\/www.sportingclubplaisance.org\/scp-volley.fr\/wp-json\/wp\/v2\/types\/page"}],"author":[{"embeddable":true,"href":"https:\/\/www.sportingclubplaisance.org\/scp-volley.fr\/wp-json\/wp\/v2\/users\/2"}],"replies":[{"embeddable":true,"href":"https:\/\/www.sportingclubplaisance.org\/scp-volley.fr\/wp-json\/wp\/v2\/comments?post=1643"}],"version-history":[{"count":11,"href":"https:\/\/www.sportingclubplaisance.org\/scp-volley.fr\/wp-json\/wp\/v2\/pages\/1643\/revisions"}],"predecessor-version":[{"id":3915,"href":"https:\/\/www.sportingclubplaisance.org\/scp-volley.fr\/wp-json\/wp\/v2\/pages\/1643\/revisions\/3915"}],"up":[{"embeddable":true,"href":"https:\/\/www.sportingclubplaisance.org\/scp-volley.fr\/wp-json\/wp\/v2\/pages\/11"}],"wp:attachment":[{"href":"https:\/\/www.sportingclubplaisance.org\/scp-volley.fr\/wp-json\/wp\/v2\/media?parent=1643"}],"curies":[{"name":"wp","href":"https:\/\/api.w.org\/{rel}","templated":true}]}}