{"id":153,"date":"2014-05-15T09:35:01","date_gmt":"2014-05-15T08:35:01","guid":{"rendered":"http:\/\/www.sportingclubplaisance.org\/scp-volley.fr\/?page_id=153"},"modified":"2023-02-06T21:53:36","modified_gmt":"2023-02-06T20:53:36","slug":"m17f","status":"publish","type":"page","link":"https:\/\/www.sportingclubplaisance.org\/scp-volley.fr\/la-section\/equipes\/m17f\/","title":{"rendered":"M18 F"},"content":{"rendered":"<p><a href=\"#effectif\">Effectif<\/a><br \/>\n<a href=\"#resultat_classement\">R\u00e9sultat \/ classement<\/a><br \/>\n<a href=\"#historique\">Historique<\/a><\/p>\n<div id=\"effectif\">\n<h1>Effectif<\/h1>\n<h2>\u00c9quipe 1<\/h2>\n<p><a title=\"\" href=\"..\/..\/..\/wp-content\/uploads\/Equipes\/volley_ball.jpg\" data-rel=\"lightbox-gallery-atsSs1tM\" data-rl_title=\"\" data-rl_caption=\"\"><img decoding=\"async\" class=\"imageEquipe\" title=\"M17 f\u00e9minines\" src=\"..\/..\/..\/wp-content\/uploads\/Equipes\/volley_ball.jpg\" alt=\"M17 f\u00e9minines\"><\/a><\/p>\n<p><span style=\"text-decoration: underline;\">Joueuses :<\/span><\/p>\n<ul><\/ul>\n<p><span style=\"text-decoration: underline;\">Entraineur :<\/span><br \/>\nPierre VENTURIN<\/p>\n<h2>\u00c9quipe 2<\/h2>\n<p><a title=\"\" href=\"..\/..\/..\/wp-content\/uploads\/Equipes\/volley_ball.jpg\" data-rel=\"lightbox-gallery-atsSs1tM\" data-rl_title=\"\" data-rl_caption=\"\"><img decoding=\"async\" class=\"imageEquipe\" title=\"M17 f\u00e9minines\" src=\"..\/..\/..\/wp-content\/uploads\/Equipes\/volley_ball.jpg\" alt=\"M17 f\u00e9minines\"><\/a><\/p>\n<p><span style=\"text-decoration: underline;\">Joueuses :<\/span><\/p>\n<ul><\/ul>\n<p><span style=\"text-decoration: underline;\">Entraineur :<\/span><br \/>\nYannick VIRGILI<\/p>\n<\/div>\n<div id=\"resultat_classement\">\n<h1>R\u00e9sultats \/ Classement<\/h1>\n<p>\u00c9quipe 1 :<br \/>\n<a href=\"https:\/\/www.ffvbbeach.org\/ffvbapp\/resu\/vbspo_calendrier.php?saison=2022%2F2023&amp;codent=LILR&amp;poule=CFP&amp;calend=COMPLET&amp;equipe=6&amp;x=12&amp;y=6\" target=\"_blank\" rel=\"noopener noreferrer\">M18 \/ M21 F\u00e9minines Occitanie Ouest &#8211; Poule B<\/a><br \/>\n<a href=\"https:\/\/www.ffvbbeach.org\/ffvbapp\/resu\/vbspo_calendrier.php?saison=2022%2F2023&amp;codent=LILR&amp;poule=CFR&amp;calend=COMPLET&amp;equipe=4&amp;x=5&amp;y=1\" target=\"_blank\" rel=\"noopener noreferrer\">M18 \/ M21 F\u00e9minines Occitanie Ouest &#8211; Phase finale 5 \u00e0 8<\/a><br \/>\n\u00c9quipe 2 :<br \/>\n<a href=\"https:\/\/www.ffvbbeach.org\/ffvbapp\/resu\/vbspo_calendrier.php?saison=2022%2F2023&amp;codent=PTMP31&amp;poule=18F&amp;calend=COMPLET&amp;equipe=5&amp;x=3&amp;y=4\" target=\"_blank\" rel=\"noopener noreferrer\">Moins de 18 ans f\u00e9minine 6&#215;6<\/a><br \/>\nCoupe de France :<br \/>\n<a href=\"https:\/\/www.ffvbbeach.org\/ffvbapp\/resu\/planning_club.php?saison=2022%2F2023&amp;codent=ACJEUNES&amp;division=CFX&amp;cnclub=0319125&amp;x=6&amp;y=15\" target=\"_blank\" rel=\"noopener noreferrer\">1er tour<\/a><\/p>\n<\/div>\n<div id=\"historique\">\n<h1>Historique<\/h1>\n<p>Retrouver l&rsquo;historique de l&rsquo;\u00e9quipe dans le &lsquo;Section \/ Palmar\u00e8s&rsquo; ou en cliquant <a href=\"..\/..\/..\/la-section\/palmares\/historique_m17f\">ici<\/a>.<\/p>\n<\/div>\n<p><a title=\"Equipes\" href=\"..\">Retour<\/a><\/p>\n<div style=\"padding-bottom:20px; padding-top:10px;\" class=\"hupso-share-buttons\"><!-- Hupso Share Buttons - https:\/\/www.hupso.com\/share\/ --><a class=\"hupso_counters\" href=\"https:\/\/www.hupso.com\/share\/\"><img decoding=\"async\" src=\"https:\/\/static.hupso.com\/share\/buttons\/lang\/fr\/share-small.png\" style=\"border:0px; padding-top:2px; float:left;\" alt=\"Share Button\"\/><\/a><script type=\"text\/javascript\">var hupso_services_c=new Array(\"twitter\",\"facebook_like\",\"facebook_send\",\"google\",\"email\");var hupso_counters_lang = \"fr_FR\";var hupso_image_folder_url = \"\";var hupso_url_c=\"\";var hupso_title_c=\"M18%20F\";<\/script><script type=\"text\/javascript\" src=\"https:\/\/static.hupso.com\/share\/js\/counters.js\"><\/script><!-- Hupso Share Buttons --><\/div>","protected":false},"excerpt":{"rendered":"<p>Effectif R\u00e9sultat \/ classement Historique Effectif \u00c9quipe 1 Joueuses : Entraineur : Pierre VENTURIN \u00c9quipe 2 Joueuses : Entraineur : Yannick VIRGILI R\u00e9sultats \/ Classement \u00c9quipe 1 : M18 \/ M21 F\u00e9minines Occitanie Ouest &#8211; Poule B M18 \/ M21 F\u00e9minines Occitanie Ouest &#8211; Phase finale 5 \u00e0 8 \u00c9quipe 2 : Moins de 18 &hellip; <a href=\"https:\/\/www.sportingclubplaisance.org\/scp-volley.fr\/la-section\/equipes\/m17f\/\" class=\"more-link\">Continuer la lecture de <span class=\"screen-reader-text\">M18 F<\/span><\/a><\/p>\n<div style=\"padding-bottom:20px; padding-top:10px;\" class=\"hupso-share-buttons\"><!-- Hupso Share Buttons - https:\/\/www.hupso.com\/share\/ --><a class=\"hupso_counters\" href=\"https:\/\/www.hupso.com\/share\/\"><img src=\"https:\/\/static.hupso.com\/share\/buttons\/lang\/fr\/share-small.png\" style=\"border:0px; padding-top:2px; float:left;\" alt=\"Share Button\"\/><\/a><script type=\"text\/javascript\">var hupso_services_c=new Array(\"twitter\",\"facebook_like\",\"facebook_send\",\"google\",\"email\");var hupso_counters_lang = \"fr_FR\";var hupso_image_folder_url = \"\";var hupso_url_c=\"\";var hupso_title_c=\"M18%20F\";<\/script><script type=\"text\/javascript\" src=\"https:\/\/static.hupso.com\/share\/js\/counters.js\"><\/script><!-- Hupso Share Buttons --><\/div>","protected":false},"author":1,"featured_media":0,"parent":76,"menu_order":4,"comment_status":"closed","ping_status":"open","template":"","meta":{"_mc_calendar":[],"footnotes":""},"class_list":["post-153","page","type-page","status-publish","hentry"],"_links":{"self":[{"href":"https:\/\/www.sportingclubplaisance.org\/scp-volley.fr\/wp-json\/wp\/v2\/pages\/153","targetHints":{"allow":["GET"]}}],"collection":[{"href":"https:\/\/www.sportingclubplaisance.org\/scp-volley.fr\/wp-json\/wp\/v2\/pages"}],"about":[{"href":"https:\/\/www.sportingclubplaisance.org\/scp-volley.fr\/wp-json\/wp\/v2\/types\/page"}],"author":[{"embeddable":true,"href":"https:\/\/www.sportingclubplaisance.org\/scp-volley.fr\/wp-json\/wp\/v2\/users\/1"}],"replies":[{"embeddable":true,"href":"https:\/\/www.sportingclubplaisance.org\/scp-volley.fr\/wp-json\/wp\/v2\/comments?post=153"}],"version-history":[{"count":49,"href":"https:\/\/www.sportingclubplaisance.org\/scp-volley.fr\/wp-json\/wp\/v2\/pages\/153\/revisions"}],"predecessor-version":[{"id":6070,"href":"https:\/\/www.sportingclubplaisance.org\/scp-volley.fr\/wp-json\/wp\/v2\/pages\/153\/revisions\/6070"}],"up":[{"embeddable":true,"href":"https:\/\/www.sportingclubplaisance.org\/scp-volley.fr\/wp-json\/wp\/v2\/pages\/76"}],"wp:attachment":[{"href":"https:\/\/www.sportingclubplaisance.org\/scp-volley.fr\/wp-json\/wp\/v2\/media?parent=153"}],"curies":[{"name":"wp","href":"https:\/\/api.w.org\/{rel}","templated":true}]}}