{"id":1525,"date":"2014-11-11T23:26:06","date_gmt":"2014-11-11T22:26:06","guid":{"rendered":"http:\/\/www.sportingclubplaisance.org\/scp-volley.fr\/?page_id=1525"},"modified":"2019-03-28T15:01:11","modified_gmt":"2019-03-28T14:01:11","slug":"tournoi_m11m_plaisance","status":"publish","type":"page","link":"https:\/\/www.sportingclubplaisance.org\/scp-volley.fr\/la-section\/phototheque\/tournoi_m11m_plaisance\/","title":{"rendered":"Tournoi M11M \u00e0 Plaisance"},"content":{"rendered":"<p>Photo du tournoi M11 M organis\u00e9 \u00e0 Plaisance le samedi 8 novembre 2014.<\/p>\n<table>\n<tbody>\n<tr>\n<td><a href=\"..\/..\/..\/wp-content\/uploads\/2014_2015\/Tounoi_M11M_Plaisance\/IMG_0819.jpg\" data-rel=\"lightbox-gallery-pTgYNYdY\" data-rl_title=\"\" data-rl_caption=\"\" title=\"\"><img loading=\"lazy\" decoding=\"async\" class=\"alignnone size-thumbnail\" src=\"..\/..\/..\/wp-content\/uploads\/2014_2015\/Tounoi_M11M_Plaisance\/IMG_0819-150x150.jpg\" alt=\"\" width=\"150\" height=\"150\"><\/a><\/td>\n<td><a href=\"..\/..\/..\/wp-content\/uploads\/2014_2015\/Tounoi_M11M_Plaisance\/IMG_0820.jpg\" data-rel=\"lightbox-gallery-pTgYNYdY\" data-rl_title=\"\" data-rl_caption=\"\" title=\"\"><img loading=\"lazy\" decoding=\"async\" class=\"alignnone size-thumbnail\" src=\"..\/..\/..\/wp-content\/uploads\/2014_2015\/Tounoi_M11M_Plaisance\/IMG_0820-150x150.jpg\" alt=\"\" width=\"150\" height=\"150\"><\/a><\/td>\n<td><a href=\"..\/..\/..\/wp-content\/uploads\/2014_2015\/Tounoi_M11M_Plaisance\/IMG_0821.jpg\" data-rel=\"lightbox-gallery-pTgYNYdY\" data-rl_title=\"\" data-rl_caption=\"\" title=\"\"><img loading=\"lazy\" decoding=\"async\" class=\"alignnone size-thumbnail\" src=\"..\/..\/..\/wp-content\/uploads\/2014_2015\/Tounoi_M11M_Plaisance\/IMG_0821-150x150.jpg\" alt=\"\" width=\"150\" height=\"150\"><\/a><\/td>\n<td><a href=\"..\/..\/..\/wp-content\/uploads\/2014_2015\/Tounoi_M11M_Plaisance\/IMG_0822.jpg\" data-rel=\"lightbox-gallery-pTgYNYdY\" data-rl_title=\"\" data-rl_caption=\"\" title=\"\"><img loading=\"lazy\" decoding=\"async\" class=\"alignnone size-thumbnail\" src=\"..\/..\/..\/wp-content\/uploads\/2014_2015\/Tounoi_M11M_Plaisance\/IMG_0822-150x150.jpg\" alt=\"\" width=\"150\" height=\"150\"><\/a><\/td>\n<td><a href=\"..\/..\/..\/wp-content\/uploads\/2014_2015\/Tounoi_M11M_Plaisance\/IMG_0823.jpg\" data-rel=\"lightbox-gallery-pTgYNYdY\" data-rl_title=\"\" data-rl_caption=\"\" title=\"\"><img loading=\"lazy\" decoding=\"async\" class=\"alignnone size-thumbnail\" src=\"..\/..\/..\/wp-content\/uploads\/2014_2015\/Tounoi_M11M_Plaisance\/IMG_0823-150x150.jpg\" alt=\"\" width=\"150\" height=\"150\"><\/a><\/td>\n<\/tr>\n<tr>\n<td><a href=\"..\/..\/..\/wp-content\/uploads\/2014_2015\/Tounoi_M11M_Plaisance\/IMG_0824.jpg\" data-rel=\"lightbox-gallery-pTgYNYdY\" data-rl_title=\"\" data-rl_caption=\"\" title=\"\"><img loading=\"lazy\" decoding=\"async\" class=\"alignnone size-thumbnail\" src=\"..\/..\/..\/wp-content\/uploads\/2014_2015\/Tounoi_M11M_Plaisance\/IMG_0824-150x150.jpg\" alt=\"\" width=\"150\" height=\"150\"><\/a><\/td>\n<td><a href=\"..\/..\/..\/wp-content\/uploads\/2014_2015\/Tounoi_M11M_Plaisance\/IMG_0826.jpg\" data-rel=\"lightbox-gallery-pTgYNYdY\" data-rl_title=\"\" data-rl_caption=\"\" title=\"\"><img loading=\"lazy\" decoding=\"async\" class=\"alignnone size-thumbnail\" src=\"..\/..\/..\/wp-content\/uploads\/2014_2015\/Tounoi_M11M_Plaisance\/IMG_0826-150x150.jpg\" alt=\"\" width=\"150\" height=\"150\"><\/a><\/td>\n<td><a href=\"..\/..\/..\/wp-content\/uploads\/2014_2015\/Tounoi_M11M_Plaisance\/IMG_0828.jpg\" data-rel=\"lightbox-gallery-pTgYNYdY\" data-rl_title=\"\" data-rl_caption=\"\" title=\"\"><img loading=\"lazy\" decoding=\"async\" class=\"alignnone size-thumbnail\" src=\"..\/..\/..\/wp-content\/uploads\/2014_2015\/Tounoi_M11M_Plaisance\/IMG_0828-150x150.jpg\" alt=\"\" width=\"150\" height=\"150\"><\/a><\/td>\n<td><a href=\"..\/..\/..\/wp-content\/uploads\/2014_2015\/Tounoi_M11M_Plaisance\/IMG_0829.jpg\" data-rel=\"lightbox-gallery-pTgYNYdY\" data-rl_title=\"\" data-rl_caption=\"\" title=\"\"><img loading=\"lazy\" decoding=\"async\" class=\"alignnone size-thumbnail\" src=\"..\/..\/..\/wp-content\/uploads\/2014_2015\/Tounoi_M11M_Plaisance\/IMG_0829-150x150.jpg\" alt=\"\" width=\"150\" height=\"150\"><\/a><\/td>\n<td><a href=\"..\/..\/..\/wp-content\/uploads\/2014_2015\/Tounoi_M11M_Plaisance\/IMG_0830.jpg\" data-rel=\"lightbox-gallery-pTgYNYdY\" data-rl_title=\"\" data-rl_caption=\"\" title=\"\"><img loading=\"lazy\" decoding=\"async\" class=\"alignnone size-thumbnail\" src=\"..\/..\/..\/wp-content\/uploads\/2014_2015\/Tounoi_M11M_Plaisance\/IMG_0830-150x150.jpg\" alt=\"\" width=\"150\" height=\"150\"><\/a><\/td>\n<\/tr>\n<tr>\n<td><a href=\"..\/..\/..\/wp-content\/uploads\/2014_2015\/Tounoi_M11M_Plaisance\/IMG_0834.jpg\" data-rel=\"lightbox-gallery-pTgYNYdY\" data-rl_title=\"\" data-rl_caption=\"\" title=\"\"><img loading=\"lazy\" decoding=\"async\" class=\"alignnone size-thumbnail\" src=\"..\/..\/..\/wp-content\/uploads\/2014_2015\/Tounoi_M11M_Plaisance\/IMG_0834-150x150.jpg\" alt=\"\" width=\"150\" height=\"150\"><\/a><\/td>\n<td><a href=\"..\/..\/..\/wp-content\/uploads\/2014_2015\/Tounoi_M11M_Plaisance\/IMG_0836.jpg\" data-rel=\"lightbox-gallery-pTgYNYdY\" data-rl_title=\"\" data-rl_caption=\"\" title=\"\"><img loading=\"lazy\" decoding=\"async\" class=\"alignnone size-thumbnail\" src=\"..\/..\/..\/wp-content\/uploads\/2014_2015\/Tounoi_M11M_Plaisance\/IMG_0836-150x150.jpg\" alt=\"\" width=\"150\" height=\"150\"><\/a><\/td>\n<td><a href=\"..\/..\/..\/wp-content\/uploads\/2014_2015\/Tounoi_M11M_Plaisance\/IMG_0837.jpg\" data-rel=\"lightbox-gallery-pTgYNYdY\" data-rl_title=\"\" data-rl_caption=\"\" title=\"\"><img loading=\"lazy\" decoding=\"async\" class=\"alignnone size-thumbnail\" src=\"..\/..\/..\/wp-content\/uploads\/2014_2015\/Tounoi_M11M_Plaisance\/IMG_0837-150x150.jpg\" alt=\"\" width=\"150\" height=\"150\"><\/a><\/td>\n<td><a href=\"..\/..\/..\/wp-content\/uploads\/2014_2015\/Tounoi_M11M_Plaisance\/IMG_0839.jpg\" data-rel=\"lightbox-gallery-pTgYNYdY\" data-rl_title=\"\" data-rl_caption=\"\" title=\"\"><img loading=\"lazy\" decoding=\"async\" class=\"alignnone size-thumbnail\" src=\"..\/..\/..\/wp-content\/uploads\/2014_2015\/Tounoi_M11M_Plaisance\/IMG_0839-150x150.jpg\" alt=\"\" width=\"150\" height=\"150\"><\/a><\/td>\n<td><a href=\"..\/..\/..\/wp-content\/uploads\/2014_2015\/Tounoi_M11M_Plaisance\/IMG_0841.jpg\" data-rel=\"lightbox-gallery-pTgYNYdY\" data-rl_title=\"\" data-rl_caption=\"\" title=\"\"><img loading=\"lazy\" decoding=\"async\" class=\"alignnone size-thumbnail\" src=\"..\/..\/..\/wp-content\/uploads\/2014_2015\/Tounoi_M11M_Plaisance\/IMG_0841-150x150.jpg\" alt=\"\" width=\"150\" height=\"150\"><\/a><\/td>\n<\/tr>\n<\/tbody>\n<\/table>\n<p>&nbsp;<\/p>\n<p><a href=\"..\">Retour<\/a>.<\/p>\n<div style=\"padding-bottom:20px; padding-top:10px;\" class=\"hupso-share-buttons\"><!-- Hupso Share Buttons - https:\/\/www.hupso.com\/share\/ --><a class=\"hupso_counters\" href=\"https:\/\/www.hupso.com\/share\/\"><img decoding=\"async\" src=\"https:\/\/static.hupso.com\/share\/buttons\/lang\/fr\/share-small.png\" style=\"border:0px; padding-top:2px; float:left;\" alt=\"Share Button\"\/><\/a><script type=\"text\/javascript\">var hupso_services_c=new Array(\"twitter\",\"facebook_like\",\"facebook_send\",\"google\",\"email\");var hupso_counters_lang = \"fr_FR\";var hupso_image_folder_url = \"\";var hupso_url_c=\"\";var hupso_title_c=\"Tournoi%20M11M%20%C3%A0%20Plaisance\";<\/script><script type=\"text\/javascript\" src=\"https:\/\/static.hupso.com\/share\/js\/counters.js\"><\/script><!-- Hupso Share Buttons --><\/div>","protected":false},"excerpt":{"rendered":"<p>Photo du tournoi M11 M organis\u00e9 \u00e0 Plaisance le samedi 8 novembre 2014. &nbsp; Retour.<\/p>\n<div style=\"padding-bottom:20px; padding-top:10px;\" class=\"hupso-share-buttons\"><!-- Hupso Share Buttons - https:\/\/www.hupso.com\/share\/ --><a class=\"hupso_counters\" href=\"https:\/\/www.hupso.com\/share\/\"><img src=\"https:\/\/static.hupso.com\/share\/buttons\/lang\/fr\/share-small.png\" style=\"border:0px; padding-top:2px; float:left;\" alt=\"Share Button\"\/><\/a><script type=\"text\/javascript\">var hupso_services_c=new Array(\"twitter\",\"facebook_like\",\"facebook_send\",\"google\",\"email\");var hupso_counters_lang = \"fr_FR\";var hupso_image_folder_url = \"\";var hupso_url_c=\"\";var hupso_title_c=\"Tournoi%20M11M%20%C3%A0%20Plaisance\";<\/script><script type=\"text\/javascript\" src=\"https:\/\/static.hupso.com\/share\/js\/counters.js\"><\/script><!-- Hupso Share Buttons --><\/div>","protected":false},"author":2,"featured_media":0,"parent":11,"menu_order":0,"comment_status":"closed","ping_status":"open","template":"","meta":{"_mc_calendar":[],"footnotes":""},"class_list":["post-1525","page","type-page","status-publish","hentry"],"_links":{"self":[{"href":"https:\/\/www.sportingclubplaisance.org\/scp-volley.fr\/wp-json\/wp\/v2\/pages\/1525","targetHints":{"allow":["GET"]}}],"collection":[{"href":"https:\/\/www.sportingclubplaisance.org\/scp-volley.fr\/wp-json\/wp\/v2\/pages"}],"about":[{"href":"https:\/\/www.sportingclubplaisance.org\/scp-volley.fr\/wp-json\/wp\/v2\/types\/page"}],"author":[{"embeddable":true,"href":"https:\/\/www.sportingclubplaisance.org\/scp-volley.fr\/wp-json\/wp\/v2\/users\/2"}],"replies":[{"embeddable":true,"href":"https:\/\/www.sportingclubplaisance.org\/scp-volley.fr\/wp-json\/wp\/v2\/comments?post=1525"}],"version-history":[{"count":8,"href":"https:\/\/www.sportingclubplaisance.org\/scp-volley.fr\/wp-json\/wp\/v2\/pages\/1525\/revisions"}],"predecessor-version":[{"id":3926,"href":"https:\/\/www.sportingclubplaisance.org\/scp-volley.fr\/wp-json\/wp\/v2\/pages\/1525\/revisions\/3926"}],"up":[{"embeddable":true,"href":"https:\/\/www.sportingclubplaisance.org\/scp-volley.fr\/wp-json\/wp\/v2\/pages\/11"}],"wp:attachment":[{"href":"https:\/\/www.sportingclubplaisance.org\/scp-volley.fr\/wp-json\/wp\/v2\/media?parent=1525"}],"curies":[{"name":"wp","href":"https:\/\/api.w.org\/{rel}","templated":true}]}}