{"id":11,"date":"2013-06-18T16:26:44","date_gmt":"2013-06-18T15:26:44","guid":{"rendered":"http:\/\/www.sportingclubplaisance.org\/scp-volley.fr\/?page_id=11"},"modified":"2019-03-28T14:24:53","modified_gmt":"2019-03-28T13:24:53","slug":"phototheque","status":"publish","type":"page","link":"https:\/\/www.sportingclubplaisance.org\/scp-volley.fr\/la-section\/phototheque\/","title":{"rendered":"Phototh\u00e8que"},"content":{"rendered":"<p><strong>Saison 2016-2017<\/strong><\/p>\n<div style=\"padding-left: 30px;\"><a href=\"stage_ete_2016\">Stage d&rsquo;\u00e9t\u00e9<\/a><\/div>\n<p><strong>Saison 2015-2016<\/strong><\/p>\n<div style=\"padding-left: 30px;\"><a href=\"equipes_2015_2016\/\">\u00c9quipes 2015-2016<\/a><\/div>\n<div style=\"padding-left: 30px;\"><a href=\"stage_ete_2015\">Stage d&rsquo;\u00e9t\u00e9<\/a><\/div>\n<p><strong>Saison 2014-2015<\/strong><\/p>\n<div style=\"padding-left: 30px;\"><a href=\"equipes_2014_2015\/\">\u00c9quipes 2014-2015<\/a><\/div>\n<div style=\"padding-left: 30px;\"><a href=\"tournoi_m11m_plaisance\/\">Tournoi M11 M \u00e0 Plaisance<\/a><\/div>\n<div style=\"padding-left: 30px;\"><a href=\"2014_2eme_tour_m13f\">2\u00e8me tour de coupe de France M13 F<\/a><\/div>\n<p><strong>Saison 2013-2014<\/strong><\/p>\n<div style=\"padding-left: 30px;\"><a title=\"Benjamins 2013\/2014\" href=\"benjamins_2013_2014\/\">Benjamins<\/a><\/div>\n<div style=\"padding-left: 30px;\"><a href=\"tarbes_2014\/\">Tournoi de Tarbes 2014<\/a><\/div>\n<div style=\"padding-left: 30px;\"><a href=\"plaisance_2014\/\">Tournoi de Plaisance 2014<\/a><\/div>\n<p><strong>Saison 2012-2013<\/strong><\/p>\n<div style=\"padding-left: 30px;\"><a href=\"equipes_2012_2013\/\">\u00c9quipes 2012-2013<\/a><\/div>\n<div style=\"padding-left: 30px;\"><a href=\"vitalsport\/\">Journ\u00e9e Vital Sport au D\u00e9cathlon de Colomiers<\/a><\/div>\n<p><strong>Saison 2011-2012<\/strong><\/p>\n<div style=\"padding-left: 30px;\"><a href=\"equipes_2011_2012\/\">\u00c9quipes 2011-2012<\/a><\/div>\n<div style=\"padding-left: 30px;\"><a href=\"graine_de_pousse\/\">Tournoi Graine de Pousse \u00e0 Plaisance<\/a><br \/>\n<a href=\"tarbes_2012\/\">Tournoi de Tarbes 2012<\/a><br \/>\n<a href=\"plaisance_2012\/\">Tournoi de Plaisance 2012<\/a><\/div>\n<p><strong>Saison 2008-2009<\/strong><\/p>\n<div style=\"padding-left: 30px;\"><a href=\"tarbes_2009\/\">Tournoi de Tarbes 2009<\/a><\/div>\n<p><strong>Saison 2007-2008<\/strong><\/p>\n<div style=\"padding-left: 30px;\"><a href=\"equipes_2007_2008\/\">\u00c9quipes 2007-2008<\/a><\/div>\n<div style=\"padding-bottom:20px; padding-top:10px;\" class=\"hupso-share-buttons\"><!-- Hupso Share Buttons - https:\/\/www.hupso.com\/share\/ --><a class=\"hupso_counters\" href=\"https:\/\/www.hupso.com\/share\/\"><img decoding=\"async\" src=\"https:\/\/static.hupso.com\/share\/buttons\/lang\/fr\/share-small.png\" style=\"border:0px; padding-top:2px; float:left;\" alt=\"Share Button\"\/><\/a><script type=\"text\/javascript\">var hupso_services_c=new Array(\"twitter\",\"facebook_like\",\"facebook_send\",\"google\",\"email\");var hupso_counters_lang = \"fr_FR\";var hupso_image_folder_url = \"\";var hupso_url_c=\"\";var hupso_title_c=\"Phototh%C3%A8que\";<\/script><script type=\"text\/javascript\" src=\"https:\/\/static.hupso.com\/share\/js\/counters.js\"><\/script><!-- Hupso Share Buttons --><\/div>","protected":false},"excerpt":{"rendered":"<p>Saison 2016-2017 Stage d&rsquo;\u00e9t\u00e9 Saison 2015-2016 \u00c9quipes 2015-2016 Stage d&rsquo;\u00e9t\u00e9 Saison 2014-2015 \u00c9quipes 2014-2015 Tournoi M11 M \u00e0 Plaisance 2\u00e8me tour de coupe de France M13 F Saison 2013-2014 Benjamins Tournoi de Tarbes 2014 Tournoi de Plaisance 2014 Saison 2012-2013 \u00c9quipes 2012-2013 Journ\u00e9e Vital Sport au D\u00e9cathlon de Colomiers Saison 2011-2012 \u00c9quipes 2011-2012 Tournoi Graine &hellip; <a href=\"https:\/\/www.sportingclubplaisance.org\/scp-volley.fr\/la-section\/phototheque\/\" class=\"more-link\">Continuer la lecture de <span class=\"screen-reader-text\">Phototh\u00e8que<\/span><\/a><\/p>\n<div style=\"padding-bottom:20px; padding-top:10px;\" class=\"hupso-share-buttons\"><!-- Hupso Share Buttons - https:\/\/www.hupso.com\/share\/ --><a class=\"hupso_counters\" href=\"https:\/\/www.hupso.com\/share\/\"><img src=\"https:\/\/static.hupso.com\/share\/buttons\/lang\/fr\/share-small.png\" style=\"border:0px; padding-top:2px; float:left;\" alt=\"Share Button\"\/><\/a><script type=\"text\/javascript\">var hupso_services_c=new Array(\"twitter\",\"facebook_like\",\"facebook_send\",\"google\",\"email\");var hupso_counters_lang = \"fr_FR\";var hupso_image_folder_url = \"\";var hupso_url_c=\"\";var hupso_title_c=\"Phototh%C3%A8que\";<\/script><script type=\"text\/javascript\" src=\"https:\/\/static.hupso.com\/share\/js\/counters.js\"><\/script><!-- Hupso Share Buttons --><\/div>","protected":false},"author":1,"featured_media":0,"parent":20,"menu_order":4,"comment_status":"closed","ping_status":"open","template":"","meta":{"_mc_calendar":[],"footnotes":""},"class_list":["post-11","page","type-page","status-publish","hentry"],"_links":{"self":[{"href":"https:\/\/www.sportingclubplaisance.org\/scp-volley.fr\/wp-json\/wp\/v2\/pages\/11","targetHints":{"allow":["GET"]}}],"collection":[{"href":"https:\/\/www.sportingclubplaisance.org\/scp-volley.fr\/wp-json\/wp\/v2\/pages"}],"about":[{"href":"https:\/\/www.sportingclubplaisance.org\/scp-volley.fr\/wp-json\/wp\/v2\/types\/page"}],"author":[{"embeddable":true,"href":"https:\/\/www.sportingclubplaisance.org\/scp-volley.fr\/wp-json\/wp\/v2\/users\/1"}],"replies":[{"embeddable":true,"href":"https:\/\/www.sportingclubplaisance.org\/scp-volley.fr\/wp-json\/wp\/v2\/comments?post=11"}],"version-history":[{"count":41,"href":"https:\/\/www.sportingclubplaisance.org\/scp-volley.fr\/wp-json\/wp\/v2\/pages\/11\/revisions"}],"predecessor-version":[{"id":3090,"href":"https:\/\/www.sportingclubplaisance.org\/scp-volley.fr\/wp-json\/wp\/v2\/pages\/11\/revisions\/3090"}],"up":[{"embeddable":true,"href":"https:\/\/www.sportingclubplaisance.org\/scp-volley.fr\/wp-json\/wp\/v2\/pages\/20"}],"wp:attachment":[{"href":"https:\/\/www.sportingclubplaisance.org\/scp-volley.fr\/wp-json\/wp\/v2\/media?parent=11"}],"curies":[{"name":"wp","href":"https:\/\/api.w.org\/{rel}","templated":true}]}}