{"id":5206,"date":"2022-04-30T07:27:07","date_gmt":"2022-04-30T07:27:07","guid":{"rendered":"http:\/\/localhost\/wordpress\/MaquetteMN\/?page_id=5206"},"modified":"2022-04-30T07:42:01","modified_gmt":"2022-04-30T07:42:01","slug":"technique","status":"publish","type":"page","link":"https:\/\/www.sportingclubplaisance.org\/scp-rme.fr\/BlogMarcheN\/?page_id=5206","title":{"rendered":"Technique"},"content":{"rendered":"<p>&nbsp;<\/p>\n<p><img loading=\"lazy\" decoding=\"async\" class=\"alignnone wp-image-5213 size-full\" src=\"http:\/\/localhost\/wordpress\/MaquetteMN\/wp-content\/uploads\/2022\/04\/MNTechnique.jpg\" alt=\"\" width=\"850\" height=\"651\" srcset=\"https:\/\/www.sportingclubplaisance.org\/scp-rme.fr\/BlogMarcheN\/wp-content\/uploads\/2022\/04\/MNTechnique.jpg 850w, https:\/\/www.sportingclubplaisance.org\/scp-rme.fr\/BlogMarcheN\/wp-content\/uploads\/2022\/04\/MNTechnique-300x230.jpg 300w, https:\/\/www.sportingclubplaisance.org\/scp-rme.fr\/BlogMarcheN\/wp-content\/uploads\/2022\/04\/MNTechnique-768x588.jpg 768w\" sizes=\"auto, (max-width: 850px) 100vw, 850px\" \/><\/p>\n<p align=\"justify\"><span style=\"color: #222222; font-family: verdana, geneva, sans-serif; font-size: 12pt;\">&#8211; Une posture droite et l\u00e9g\u00e8rement vers l&rsquo;avant<\/span><\/p>\n<p align=\"justify\"><span style=\"color: #222222; font-family: verdana, geneva, sans-serif; font-size: 12pt;\">&#8211; Des mouvements naturels des bras (bras tendu et loin en arri\u00e8re)<\/span><\/p>\n<p align=\"justify\"><span style=\"color: #222222; font-family: verdana, geneva, sans-serif; font-size: 12pt;\">&#8211; Le b\u00e2ton est lib\u00e9r\u00e9 de la main d\u00e8s qu\u2019il est \u00e0 l\u2019arri\u00e8re du corps\u00a0 <\/span><span style=\"color: #222222; font-family: verdana, geneva, sans-serif; font-size: 12pt;\">(le b\u00e2ton est dans le prolongement du\u00a0 \u00a0bras)<\/span><\/p>\n<p align=\"justify\"><span style=\"color: #222222; font-family: verdana, geneva, sans-serif; font-size: 12pt;\">&#8211; De longs pas (bien d\u00e9rouler du talon \u00e0 la pointe)<\/span><\/p>\n<p style=\"font-family: 'PT Sans', sans-serif; font-size: 16px; font-style: normal; font-weight: 400;\"><span style=\"color: #222222; font-family: verdana, geneva, sans-serif; font-size: 12pt;\">&#8211; Une bonne pression sur les b\u00e2tons<\/span><\/p>\n<p>&nbsp;<\/p>\n","protected":false},"excerpt":{"rendered":"<p>&nbsp; &#8211; Une posture droite et l\u00e9g\u00e8rement vers l&rsquo;avant &#8211; Des mouvements naturels des bras (bras tendu et loin en arri\u00e8re) &#8211; Le b\u00e2ton est lib\u00e9r\u00e9 de la main d\u00e8s qu\u2019il est \u00e0 l\u2019arri\u00e8re du corps\u00a0 (le b\u00e2ton est dans le prolongement du\u00a0 \u00a0bras) &#8211; De longs pas (bien d\u00e9rouler du talon \u00e0 la pointe) &hellip; <a class=\"read-excerpt\" href=\"https:\/\/www.sportingclubplaisance.org\/scp-rme.fr\/BlogMarcheN\/?page_id=5206\">Continuer la lecture <span class=\"meta-nav\">&raquo;<\/span><\/a><\/p>\n","protected":false},"author":192,"featured_media":0,"parent":0,"menu_order":0,"comment_status":"closed","ping_status":"closed","template":"","meta":{"jetpack_post_was_ever_published":false,"footnotes":""},"class_list":["post-5206","page","type-page","status-publish","hentry"],"jetpack_sharing_enabled":true,"_links":{"self":[{"href":"https:\/\/www.sportingclubplaisance.org\/scp-rme.fr\/BlogMarcheN\/index.php?rest_route=\/wp\/v2\/pages\/5206","targetHints":{"allow":["GET"]}}],"collection":[{"href":"https:\/\/www.sportingclubplaisance.org\/scp-rme.fr\/BlogMarcheN\/index.php?rest_route=\/wp\/v2\/pages"}],"about":[{"href":"https:\/\/www.sportingclubplaisance.org\/scp-rme.fr\/BlogMarcheN\/index.php?rest_route=\/wp\/v2\/types\/page"}],"author":[{"embeddable":true,"href":"https:\/\/www.sportingclubplaisance.org\/scp-rme.fr\/BlogMarcheN\/index.php?rest_route=\/wp\/v2\/users\/192"}],"replies":[{"embeddable":true,"href":"https:\/\/www.sportingclubplaisance.org\/scp-rme.fr\/BlogMarcheN\/index.php?rest_route=%2Fwp%2Fv2%2Fcomments&post=5206"}],"version-history":[{"count":6,"href":"https:\/\/www.sportingclubplaisance.org\/scp-rme.fr\/BlogMarcheN\/index.php?rest_route=\/wp\/v2\/pages\/5206\/revisions"}],"predecessor-version":[{"id":5215,"href":"https:\/\/www.sportingclubplaisance.org\/scp-rme.fr\/BlogMarcheN\/index.php?rest_route=\/wp\/v2\/pages\/5206\/revisions\/5215"}],"wp:attachment":[{"href":"https:\/\/www.sportingclubplaisance.org\/scp-rme.fr\/BlogMarcheN\/index.php?rest_route=%2Fwp%2Fv2%2Fmedia&parent=5206"}],"curies":[{"name":"wp","href":"https:\/\/api.w.org\/{rel}","templated":true}]}}