{"id":5181,"date":"2022-04-29T14:32:36","date_gmt":"2022-04-29T14:32:36","guid":{"rendered":"http:\/\/localhost\/wordpress\/MaquetteMN\/?page_id=5181"},"modified":"2022-07-12T09:58:29","modified_gmt":"2022-07-12T09:58:29","slug":"redaction-article","status":"publish","type":"page","link":"https:\/\/www.sportingclubplaisance.org\/scp-rme.fr\/BlogMarcheN\/?page_id=5181","title":{"rendered":"R\u00e9daction d&rsquo;un article"},"content":{"rendered":"<p>Pour r\u00e9diger un article \u00e0 destination de tous les abonn\u00e9s du blog, il faut se connecter au module d&rsquo;administration du blog; cette op\u00e9ration est r\u00e9serv\u00e9e aux administrateurs et aux auteurs du blog :<\/p>\n<ul>\n<li>Cliquer sur l&rsquo;item \u00ab\u00a0Administration\u00a0\u00bb dans le menu de navigation<\/li>\n<li>Saisir l&rsquo;identifiant et le mot de passe<\/li>\n<li>D\u00e9rouler le menu de gauche du tableau de bord et s\u00e9lectionner l&rsquo;item \u00ab\u00a0Articles\u00a0\u00bb<\/li>\n<li>Cliquer sur le bouton \u00ab\u00a0Ajouter\u00a0\u00bb<\/li>\n<li>Renseigner le titre et le corps de l&rsquo;article<\/li>\n<li>Cliquer sur le bouton \u00ab\u00a0Publier\u00a0\u00bb<\/li>\n<li>Cliquer sur l&rsquo;avatar dans le bandeau en haut \u00e0 droite et s\u00e9lectionner \u00ab\u00a0Se d\u00e9connecter\u00a0\u00bb<\/li>\n<\/ul>\n","protected":false},"excerpt":{"rendered":"<p>Pour r\u00e9diger un article \u00e0 destination de tous les abonn\u00e9s du blog, il faut se connecter au module d&rsquo;administration du blog; cette op\u00e9ration est r\u00e9serv\u00e9e aux administrateurs et aux auteurs du blog : Cliquer sur l&rsquo;item \u00ab\u00a0Administration\u00a0\u00bb dans le menu de navigation Saisir l&rsquo;identifiant et le mot de passe D\u00e9rouler le menu de gauche du &hellip; <a class=\"read-excerpt\" href=\"https:\/\/www.sportingclubplaisance.org\/scp-rme.fr\/BlogMarcheN\/?page_id=5181\">Continuer la lecture <span class=\"meta-nav\">&raquo;<\/span><\/a><\/p>\n","protected":false},"author":192,"featured_media":0,"parent":0,"menu_order":1,"comment_status":"closed","ping_status":"closed","template":"","meta":{"jetpack_post_was_ever_published":false,"footnotes":""},"class_list":["post-5181","page","type-page","status-publish","hentry"],"jetpack_sharing_enabled":true,"_links":{"self":[{"href":"https:\/\/www.sportingclubplaisance.org\/scp-rme.fr\/BlogMarcheN\/index.php?rest_route=\/wp\/v2\/pages\/5181","targetHints":{"allow":["GET"]}}],"collection":[{"href":"https:\/\/www.sportingclubplaisance.org\/scp-rme.fr\/BlogMarcheN\/index.php?rest_route=\/wp\/v2\/pages"}],"about":[{"href":"https:\/\/www.sportingclubplaisance.org\/scp-rme.fr\/BlogMarcheN\/index.php?rest_route=\/wp\/v2\/types\/page"}],"author":[{"embeddable":true,"href":"https:\/\/www.sportingclubplaisance.org\/scp-rme.fr\/BlogMarcheN\/index.php?rest_route=\/wp\/v2\/users\/192"}],"replies":[{"embeddable":true,"href":"https:\/\/www.sportingclubplaisance.org\/scp-rme.fr\/BlogMarcheN\/index.php?rest_route=%2Fwp%2Fv2%2Fcomments&post=5181"}],"version-history":[{"count":5,"href":"https:\/\/www.sportingclubplaisance.org\/scp-rme.fr\/BlogMarcheN\/index.php?rest_route=\/wp\/v2\/pages\/5181\/revisions"}],"predecessor-version":[{"id":5198,"href":"https:\/\/www.sportingclubplaisance.org\/scp-rme.fr\/BlogMarcheN\/index.php?rest_route=\/wp\/v2\/pages\/5181\/revisions\/5198"}],"wp:attachment":[{"href":"https:\/\/www.sportingclubplaisance.org\/scp-rme.fr\/BlogMarcheN\/index.php?rest_route=%2Fwp%2Fv2%2Fmedia&parent=5181"}],"curies":[{"name":"wp","href":"https:\/\/api.w.org\/{rel}","templated":true}]}}