{"id":5176,"date":"2022-04-29T14:24:03","date_gmt":"2022-04-29T14:24:03","guid":{"rendered":"http:\/\/localhost\/wordpress\/MaquetteMN\/?page_id=5176"},"modified":"2022-04-29T15:24:52","modified_gmt":"2022-04-29T15:24:52","slug":"gestion-calendrier","status":"publish","type":"page","link":"https:\/\/www.sportingclubplaisance.org\/scp-rme.fr\/BlogMarcheN\/?page_id=5176","title":{"rendered":"Gestion du calendrier"},"content":{"rendered":"<p>Pour ajouter un \u00e9v\u00e9nement dans le calendrier de la sidebar il faut se connecter au module d&rsquo;administration du blog; cette op\u00e9ration est r\u00e9serv\u00e9e aux administrateurs du blog :<\/p>\n<ul>\n<li>Cliquer sur l&rsquo;item \u00ab\u00a0Administration\u00a0\u00bb dans le menu de navigation<\/li>\n<li>Saisir l&rsquo;identifiant et le mot de passe<\/li>\n<li>D\u00e9rouler le menu de gauche du tableau de bord et s\u00e9lectionner l&rsquo;item \u00ab\u00a0Spiffy Calendar\u00a0\u00bb<\/li>\n<li>S\u00e9lectionner l&rsquo;onglet \u00ab\u00a0Ajouter\/Modifier un \u00e9v\u00e9nement\u00a0\u00bb<\/li>\n<li>Renseigner au moins le titre, la date et l&rsquo;heure de l&rsquo;\u00e9v\u00e9nement<\/li>\n<li>Cliquer sur le bouton \u00ab\u00a0Enregistrer\u00a0\u00bb<\/li>\n<li>Cliquer sur l&rsquo;avatar dans le bandeau en haut \u00e0 droite et s\u00e9lectionner \u00ab\u00a0Se d\u00e9connecter\u00a0\u00bb<\/li>\n<\/ul>\n<p>&nbsp;<\/p>\n","protected":false},"excerpt":{"rendered":"<p>Pour ajouter un \u00e9v\u00e9nement dans le calendrier de la sidebar il faut se connecter au module d&rsquo;administration du blog; cette op\u00e9ration est r\u00e9serv\u00e9e aux administrateurs du blog : Cliquer sur l&rsquo;item \u00ab\u00a0Administration\u00a0\u00bb dans le menu de navigation Saisir l&rsquo;identifiant et le mot de passe D\u00e9rouler le menu de gauche du tableau de bord et s\u00e9lectionner &hellip; <a class=\"read-excerpt\" href=\"https:\/\/www.sportingclubplaisance.org\/scp-rme.fr\/BlogMarcheN\/?page_id=5176\">Continuer la lecture <span class=\"meta-nav\">&raquo;<\/span><\/a><\/p>\n","protected":false},"author":192,"featured_media":0,"parent":0,"menu_order":0,"comment_status":"closed","ping_status":"closed","template":"","meta":{"jetpack_post_was_ever_published":false,"footnotes":""},"class_list":["post-5176","page","type-page","status-publish","hentry"],"jetpack_sharing_enabled":true,"_links":{"self":[{"href":"https:\/\/www.sportingclubplaisance.org\/scp-rme.fr\/BlogMarcheN\/index.php?rest_route=\/wp\/v2\/pages\/5176","targetHints":{"allow":["GET"]}}],"collection":[{"href":"https:\/\/www.sportingclubplaisance.org\/scp-rme.fr\/BlogMarcheN\/index.php?rest_route=\/wp\/v2\/pages"}],"about":[{"href":"https:\/\/www.sportingclubplaisance.org\/scp-rme.fr\/BlogMarcheN\/index.php?rest_route=\/wp\/v2\/types\/page"}],"author":[{"embeddable":true,"href":"https:\/\/www.sportingclubplaisance.org\/scp-rme.fr\/BlogMarcheN\/index.php?rest_route=\/wp\/v2\/users\/192"}],"replies":[{"embeddable":true,"href":"https:\/\/www.sportingclubplaisance.org\/scp-rme.fr\/BlogMarcheN\/index.php?rest_route=%2Fwp%2Fv2%2Fcomments&post=5176"}],"version-history":[{"count":6,"href":"https:\/\/www.sportingclubplaisance.org\/scp-rme.fr\/BlogMarcheN\/index.php?rest_route=\/wp\/v2\/pages\/5176\/revisions"}],"predecessor-version":[{"id":5199,"href":"https:\/\/www.sportingclubplaisance.org\/scp-rme.fr\/BlogMarcheN\/index.php?rest_route=\/wp\/v2\/pages\/5176\/revisions\/5199"}],"wp:attachment":[{"href":"https:\/\/www.sportingclubplaisance.org\/scp-rme.fr\/BlogMarcheN\/index.php?rest_route=%2Fwp%2Fv2%2Fmedia&parent=5176"}],"curies":[{"name":"wp","href":"https:\/\/api.w.org\/{rel}","templated":true}]}}