{"id":5130,"date":"2022-04-27T16:18:59","date_gmt":"2022-04-27T16:18:59","guid":{"rendered":"http:\/\/localhost\/wordpress\/MaquetteMN\/?page_id=5130"},"modified":"2022-04-29T14:24:36","modified_gmt":"2022-04-29T14:24:36","slug":"modification-des-polices-de-caracteres","status":"publish","type":"page","link":"https:\/\/www.sportingclubplaisance.org\/scp-rme.fr\/BlogMarcheN\/?page_id=5130","title":{"rendered":"Polices de caract\u00e8res ajout\u00e9s"},"content":{"rendered":"<p>&nbsp;<\/p>\n<p>Les polices \u00ab\u00a0Verdana\u00a0\u00bb et \u00ab\u00a0Haltregular\u00a0\u00bb ont \u00e9t\u00e9 ajout\u00e9e; pour ce faire :<\/p>\n<ol>\n<li>T\u00e9l\u00e9charger les fichiers ttf, woff des polices choisies<\/li>\n<li>copier les fichiers de police dans le r\u00e9pertoire fonts du th\u00e8me<\/li>\n<li>Modifier la feuille de style du th\u00e8me pour y ajouter les polices<\/li>\n<li>Modifier la feuille de style personnelle pour y impl\u00e9menter les polices dans les balises \u00e0 modifier<\/li>\n<\/ol>\n","protected":false},"excerpt":{"rendered":"<p>&nbsp; Les polices \u00ab\u00a0Verdana\u00a0\u00bb et \u00ab\u00a0Haltregular\u00a0\u00bb ont \u00e9t\u00e9 ajout\u00e9e; pour ce faire : T\u00e9l\u00e9charger les fichiers ttf, woff des polices choisies copier les fichiers de police dans le r\u00e9pertoire fonts du th\u00e8me Modifier la feuille de style du th\u00e8me pour y ajouter les polices Modifier la feuille de style personnelle pour y impl\u00e9menter les polices &hellip; <a class=\"read-excerpt\" href=\"https:\/\/www.sportingclubplaisance.org\/scp-rme.fr\/BlogMarcheN\/?page_id=5130\">Continuer la lecture <span class=\"meta-nav\">&raquo;<\/span><\/a><\/p>\n","protected":false},"author":192,"featured_media":0,"parent":0,"menu_order":3,"comment_status":"closed","ping_status":"closed","template":"","meta":{"jetpack_post_was_ever_published":false,"footnotes":""},"class_list":["post-5130","page","type-page","status-publish","hentry"],"jetpack_sharing_enabled":true,"_links":{"self":[{"href":"https:\/\/www.sportingclubplaisance.org\/scp-rme.fr\/BlogMarcheN\/index.php?rest_route=\/wp\/v2\/pages\/5130","targetHints":{"allow":["GET"]}}],"collection":[{"href":"https:\/\/www.sportingclubplaisance.org\/scp-rme.fr\/BlogMarcheN\/index.php?rest_route=\/wp\/v2\/pages"}],"about":[{"href":"https:\/\/www.sportingclubplaisance.org\/scp-rme.fr\/BlogMarcheN\/index.php?rest_route=\/wp\/v2\/types\/page"}],"author":[{"embeddable":true,"href":"https:\/\/www.sportingclubplaisance.org\/scp-rme.fr\/BlogMarcheN\/index.php?rest_route=\/wp\/v2\/users\/192"}],"replies":[{"embeddable":true,"href":"https:\/\/www.sportingclubplaisance.org\/scp-rme.fr\/BlogMarcheN\/index.php?rest_route=%2Fwp%2Fv2%2Fcomments&post=5130"}],"version-history":[{"count":8,"href":"https:\/\/www.sportingclubplaisance.org\/scp-rme.fr\/BlogMarcheN\/index.php?rest_route=\/wp\/v2\/pages\/5130\/revisions"}],"predecessor-version":[{"id":5158,"href":"https:\/\/www.sportingclubplaisance.org\/scp-rme.fr\/BlogMarcheN\/index.php?rest_route=\/wp\/v2\/pages\/5130\/revisions\/5158"}],"wp:attachment":[{"href":"https:\/\/www.sportingclubplaisance.org\/scp-rme.fr\/BlogMarcheN\/index.php?rest_route=%2Fwp%2Fv2%2Fmedia&parent=5130"}],"curies":[{"name":"wp","href":"https:\/\/api.w.org\/{rel}","templated":true}]}}