{"id":5128,"date":"2022-04-27T16:17:55","date_gmt":"2022-04-27T16:17:55","guid":{"rendered":"http:\/\/localhost\/wordpress\/MaquetteMN\/?page_id=5128"},"modified":"2022-04-29T14:24:22","modified_gmt":"2022-04-29T14:24:22","slug":"lundi-de-paques","status":"publish","type":"page","link":"https:\/\/www.sportingclubplaisance.org\/scp-rme.fr\/BlogMarcheN\/?page_id=5128","title":{"rendered":"Plugins ajout\u00e9s"},"content":{"rendered":"<p>&nbsp;<\/p>\n<p>En local, et en natif,\u00a0 l&rsquo;envoi des mails ne marche pas; pour y rem\u00e9dier\u00a0 les plugins suivants ont \u00e9t\u00e9 install\u00e9s :<\/p>\n<ul>\n<li>Installation et param\u00e9trage du plugin WP Mail SMTP avec le serveur Google.<\/li>\n<li>Installation et param\u00e9trage du plugin Notifications avec francisation des messages.<\/li>\n<\/ul>\n","protected":false},"excerpt":{"rendered":"<p>&nbsp; En local, et en natif,\u00a0 l&rsquo;envoi des mails ne marche pas; pour y rem\u00e9dier\u00a0 les plugins suivants ont \u00e9t\u00e9 install\u00e9s : Installation et param\u00e9trage du plugin WP Mail SMTP avec le serveur Google. Installation et param\u00e9trage du plugin Notifications avec francisation des messages.<\/p>\n","protected":false},"author":192,"featured_media":0,"parent":0,"menu_order":2,"comment_status":"closed","ping_status":"closed","template":"","meta":{"jetpack_post_was_ever_published":false,"footnotes":""},"class_list":["post-5128","page","type-page","status-publish","hentry"],"jetpack_sharing_enabled":true,"_links":{"self":[{"href":"https:\/\/www.sportingclubplaisance.org\/scp-rme.fr\/BlogMarcheN\/index.php?rest_route=\/wp\/v2\/pages\/5128","targetHints":{"allow":["GET"]}}],"collection":[{"href":"https:\/\/www.sportingclubplaisance.org\/scp-rme.fr\/BlogMarcheN\/index.php?rest_route=\/wp\/v2\/pages"}],"about":[{"href":"https:\/\/www.sportingclubplaisance.org\/scp-rme.fr\/BlogMarcheN\/index.php?rest_route=\/wp\/v2\/types\/page"}],"author":[{"embeddable":true,"href":"https:\/\/www.sportingclubplaisance.org\/scp-rme.fr\/BlogMarcheN\/index.php?rest_route=\/wp\/v2\/users\/192"}],"replies":[{"embeddable":true,"href":"https:\/\/www.sportingclubplaisance.org\/scp-rme.fr\/BlogMarcheN\/index.php?rest_route=%2Fwp%2Fv2%2Fcomments&post=5128"}],"version-history":[{"count":7,"href":"https:\/\/www.sportingclubplaisance.org\/scp-rme.fr\/BlogMarcheN\/index.php?rest_route=\/wp\/v2\/pages\/5128\/revisions"}],"predecessor-version":[{"id":5155,"href":"https:\/\/www.sportingclubplaisance.org\/scp-rme.fr\/BlogMarcheN\/index.php?rest_route=\/wp\/v2\/pages\/5128\/revisions\/5155"}],"wp:attachment":[{"href":"https:\/\/www.sportingclubplaisance.org\/scp-rme.fr\/BlogMarcheN\/index.php?rest_route=%2Fwp%2Fv2%2Fmedia&parent=5128"}],"curies":[{"name":"wp","href":"https:\/\/api.w.org\/{rel}","templated":true}]}}