{"id":1996,"date":"2014-08-10T10:11:31","date_gmt":"2014-08-10T09:11:31","guid":{"rendered":"http:\/\/www.sportingclubplaisance.org\/scp-artsmartiaux.fr\/boutique\/kimono-judo-initiation\/"},"modified":"2025-08-20T18:24:48","modified_gmt":"2025-08-20T17:24:48","slug":"kimono-judo-initiation","status":"publish","type":"product","link":"https:\/\/www.sportingclubplaisance.org\/scp-artsmartiaux.fr\/boutique\/kimono-judo-initiation\/","title":{"rendered":"Kimono Judo Initiation"},"content":{"rendered":"<p>Kimono Judo\u00a0Adidas J250<br \/>\nMod\u00e8le d&rsquo;initiation, en toile\u00a0250g\/m\u00b2, de marque Adidas. Id\u00e9al pour commencer le judo.<br \/>\nBandes Adidas sur les \u00e9paules, broderie avec le logo du club sur le c\u0153ur.<br \/>\nDisponibles en\u00a0taille 110cm et 120cm.<\/p>\n","protected":false},"excerpt":{"rendered":"<p>Kimono Judo\u00a0Adidas J250 Mod\u00e8le d&rsquo;initiation, en toile\u00a0250g\/m\u00b2, de marque Adidas. Id\u00e9al pour commencer le judo. Bandes Adidas sur les \u00e9paules, broderie avec le logo du club sur le c\u0153ur. Disponibles en\u00a0taille 110cm et 120cm.<\/p>\n","protected":false},"featured_media":1979,"template":"","meta":[],"product_brand":[],"product_cat":[53],"product_tag":[],"class_list":{"0":"post-1996","1":"product","2":"type-product","3":"status-publish","4":"has-post-thumbnail","6":"product_cat-boutique","7":"pa_taillecm-57","8":"pa_taillecm-54","9":"pa_taillecm-55","10":"pa_taillecm-56","11":"pa_taillecm-58","12":"pa_taillecm-59","13":"pa_taillecm-60","14":"pa_taillecm-61","15":"pa_taillecm-62","17":"first","18":"instock","19":"shipping-taxable","20":"purchasable","21":"product-type-variable","22":"has-default-attributes"},"publishpress_future_workflow_manual_trigger":{"enabledWorkflows":[]},"_links":{"self":[{"href":"https:\/\/www.sportingclubplaisance.org\/scp-artsmartiaux.fr\/wp-json\/wp\/v2\/product\/1996","targetHints":{"allow":["GET"]}}],"collection":[{"href":"https:\/\/www.sportingclubplaisance.org\/scp-artsmartiaux.fr\/wp-json\/wp\/v2\/product"}],"about":[{"href":"https:\/\/www.sportingclubplaisance.org\/scp-artsmartiaux.fr\/wp-json\/wp\/v2\/types\/product"}],"wp:featuredmedia":[{"embeddable":true,"href":"https:\/\/www.sportingclubplaisance.org\/scp-artsmartiaux.fr\/wp-json\/wp\/v2\/media\/1979"}],"wp:attachment":[{"href":"https:\/\/www.sportingclubplaisance.org\/scp-artsmartiaux.fr\/wp-json\/wp\/v2\/media?parent=1996"}],"wp:term":[{"taxonomy":"product_brand","embeddable":true,"href":"https:\/\/www.sportingclubplaisance.org\/scp-artsmartiaux.fr\/wp-json\/wp\/v2\/product_brand?post=1996"},{"taxonomy":"product_cat","embeddable":true,"href":"https:\/\/www.sportingclubplaisance.org\/scp-artsmartiaux.fr\/wp-json\/wp\/v2\/product_cat?post=1996"},{"taxonomy":"product_tag","embeddable":true,"href":"https:\/\/www.sportingclubplaisance.org\/scp-artsmartiaux.fr\/wp-json\/wp\/v2\/product_tag?post=1996"}],"curies":[{"name":"wp","href":"https:\/\/api.w.org\/{rel}","templated":true}]}}