{"id":1674,"date":"2014-04-12T16:10:11","date_gmt":"2014-04-12T15:10:11","guid":{"rendered":"http:\/\/www.sportingclubplaisance.org\/scp-artsmartiaux.fr\/?post_type=product&#038;p=1674"},"modified":"2018-07-29T14:56:31","modified_gmt":"2018-07-29T13:56:31","slug":"coupe-vent","status":"publish","type":"product","link":"https:\/\/www.sportingclubplaisance.org\/scp-artsmartiaux.fr\/boutique\/coupe-vent\/","title":{"rendered":"Coupe-vent"},"content":{"rendered":"<p>Coupe-vent, id\u00e9al pour se maintenir au chaud ou se prot\u00e9ger de la pluie.<br \/>\nFloqu\u00e9 avec le logo du club<\/p>\n","protected":false},"excerpt":{"rendered":"<p>Coupe-vent, id\u00e9al pour se maintenir au chaud ou se prot\u00e9ger de la pluie. Floqu\u00e9 avec le logo du club<\/p>\n","protected":false},"featured_media":1975,"template":"","meta":[],"product_brand":[],"product_cat":[53],"product_tag":[],"class_list":{"0":"post-1674","1":"product","2":"type-product","3":"status-publish","4":"has-post-thumbnail","6":"product_cat-boutique","7":"pa_taille-l","8":"pa_taille-s","9":"pa_taille-xl","10":"pa_taille-xxl","12":"first","13":"instock","14":"shipping-taxable","15":"purchasable","16":"product-type-variable"},"publishpress_future_workflow_manual_trigger":{"enabledWorkflows":[]},"_links":{"self":[{"href":"https:\/\/www.sportingclubplaisance.org\/scp-artsmartiaux.fr\/wp-json\/wp\/v2\/product\/1674","targetHints":{"allow":["GET"]}}],"collection":[{"href":"https:\/\/www.sportingclubplaisance.org\/scp-artsmartiaux.fr\/wp-json\/wp\/v2\/product"}],"about":[{"href":"https:\/\/www.sportingclubplaisance.org\/scp-artsmartiaux.fr\/wp-json\/wp\/v2\/types\/product"}],"wp:featuredmedia":[{"embeddable":true,"href":"https:\/\/www.sportingclubplaisance.org\/scp-artsmartiaux.fr\/wp-json\/wp\/v2\/media\/1975"}],"wp:attachment":[{"href":"https:\/\/www.sportingclubplaisance.org\/scp-artsmartiaux.fr\/wp-json\/wp\/v2\/media?parent=1674"}],"wp:term":[{"taxonomy":"product_brand","embeddable":true,"href":"https:\/\/www.sportingclubplaisance.org\/scp-artsmartiaux.fr\/wp-json\/wp\/v2\/product_brand?post=1674"},{"taxonomy":"product_cat","embeddable":true,"href":"https:\/\/www.sportingclubplaisance.org\/scp-artsmartiaux.fr\/wp-json\/wp\/v2\/product_cat?post=1674"},{"taxonomy":"product_tag","embeddable":true,"href":"https:\/\/www.sportingclubplaisance.org\/scp-artsmartiaux.fr\/wp-json\/wp\/v2\/product_tag?post=1674"}],"curies":[{"name":"wp","href":"https:\/\/api.w.org\/{rel}","templated":true}]}}