{"id":1636,"date":"2014-04-12T09:15:19","date_gmt":"2014-04-12T08:15:19","guid":{"rendered":"http:\/\/www.sportingclubplaisance.org\/scp-artsmartiaux.fr\/?post_type=product&#038;p=1636"},"modified":"2018-07-29T14:56:30","modified_gmt":"2018-07-29T13:56:30","slug":"sac-de-sport","status":"publish","type":"product","link":"https:\/\/www.sportingclubplaisance.org\/scp-artsmartiaux.fr\/boutique\/sac-de-sport\/","title":{"rendered":"Sac de sport"},"content":{"rendered":"<p>Sac id\u00e9al pour transporter son kimono \u00e0 l&rsquo;entrainement ou en comp\u00e9tition.<br \/>\nEn toile noire 100% polyester tr\u00e8s r\u00e9sistante.<br \/>\nFloqu\u00e9 aux couleurs du club.<\/p>\n","protected":false},"excerpt":{"rendered":"<p>Sac id\u00e9al pour transporter son kimono \u00e0 l&rsquo;entrainement ou en comp\u00e9tition. En toile noire 100% polyester tr\u00e8s r\u00e9sistante. Floqu\u00e9 aux couleurs du club.<\/p>\n","protected":false},"featured_media":1986,"template":"","meta":[],"product_brand":[],"product_cat":[53],"product_tag":[],"class_list":{"0":"post-1636","1":"product","2":"type-product","3":"status-publish","4":"has-post-thumbnail","6":"product_cat-boutique","8":"first","9":"instock","10":"shipping-taxable","11":"purchasable","12":"product-type-simple"},"publishpress_future_workflow_manual_trigger":{"enabledWorkflows":[]},"_links":{"self":[{"href":"https:\/\/www.sportingclubplaisance.org\/scp-artsmartiaux.fr\/wp-json\/wp\/v2\/product\/1636","targetHints":{"allow":["GET"]}}],"collection":[{"href":"https:\/\/www.sportingclubplaisance.org\/scp-artsmartiaux.fr\/wp-json\/wp\/v2\/product"}],"about":[{"href":"https:\/\/www.sportingclubplaisance.org\/scp-artsmartiaux.fr\/wp-json\/wp\/v2\/types\/product"}],"wp:featuredmedia":[{"embeddable":true,"href":"https:\/\/www.sportingclubplaisance.org\/scp-artsmartiaux.fr\/wp-json\/wp\/v2\/media\/1986"}],"wp:attachment":[{"href":"https:\/\/www.sportingclubplaisance.org\/scp-artsmartiaux.fr\/wp-json\/wp\/v2\/media?parent=1636"}],"wp:term":[{"taxonomy":"product_brand","embeddable":true,"href":"https:\/\/www.sportingclubplaisance.org\/scp-artsmartiaux.fr\/wp-json\/wp\/v2\/product_brand?post=1636"},{"taxonomy":"product_cat","embeddable":true,"href":"https:\/\/www.sportingclubplaisance.org\/scp-artsmartiaux.fr\/wp-json\/wp\/v2\/product_cat?post=1636"},{"taxonomy":"product_tag","embeddable":true,"href":"https:\/\/www.sportingclubplaisance.org\/scp-artsmartiaux.fr\/wp-json\/wp\/v2\/product_tag?post=1636"}],"curies":[{"name":"wp","href":"https:\/\/api.w.org\/{rel}","templated":true}]}}