{"id":1602,"date":"2014-03-22T17:12:41","date_gmt":"2014-03-22T16:12:41","guid":{"rendered":"http:\/\/www.sportingclubplaisance.org\/scp-artsmartiaux.fr\/?post_type=product&#038;p=1602"},"modified":"2025-09-16T19:35:37","modified_gmt":"2025-09-16T18:35:37","slug":"karategi","status":"publish","type":"product","link":"https:\/\/www.sportingclubplaisance.org\/scp-artsmartiaux.fr\/boutique\/karategi\/","title":{"rendered":"Kimono Karat\u00e9\/Ta\u00efso"},"content":{"rendered":"<p>Kimono Karat\u00e9 Fuji.<br \/>\nMod\u00e8le d&rsquo;entrainement classique, blanc, 100% coton, tissage serr\u00e9 r\u00e9sistant.<br \/>\nLa taille est \u00e9lastique et poss\u00e8de un cordon de serrage.<br \/>\nBroderie avec le logo du club sur le c\u0153ur.<br \/>\nDisponible de la taille 120cm \u00e0 200cm.<\/p>\n","protected":false},"excerpt":{"rendered":"<p>Kimono Karat\u00e9 Fuji. Mod\u00e8le d&rsquo;entrainement classique, blanc, 100% coton, tissage serr\u00e9 r\u00e9sistant. La taille est \u00e9lastique et poss\u00e8de un cordon de serrage. Broderie avec le logo du club sur le c\u0153ur. Disponible de la taille 120cm \u00e0 200cm.<\/p>\n","protected":false},"featured_media":1981,"template":"","meta":[],"product_brand":[],"product_cat":[53],"product_tag":[],"class_list":{"0":"post-1602","1":"product","2":"type-product","3":"status-publish","4":"has-post-thumbnail","6":"product_cat-boutique","7":"pa_taillecm-57","8":"pa_taillecm-54","9":"pa_taillecm-55","10":"pa_taillecm-56","11":"pa_taillecm-58","12":"pa_taillecm-59","13":"pa_taillecm-60","14":"pa_taillecm-61","15":"pa_taillecm-62","16":"pa_taillecm-63","18":"first","19":"instock","20":"shipping-taxable","21":"purchasable","22":"product-type-variable"},"publishpress_future_workflow_manual_trigger":{"enabledWorkflows":[]},"_links":{"self":[{"href":"https:\/\/www.sportingclubplaisance.org\/scp-artsmartiaux.fr\/wp-json\/wp\/v2\/product\/1602","targetHints":{"allow":["GET"]}}],"collection":[{"href":"https:\/\/www.sportingclubplaisance.org\/scp-artsmartiaux.fr\/wp-json\/wp\/v2\/product"}],"about":[{"href":"https:\/\/www.sportingclubplaisance.org\/scp-artsmartiaux.fr\/wp-json\/wp\/v2\/types\/product"}],"wp:featuredmedia":[{"embeddable":true,"href":"https:\/\/www.sportingclubplaisance.org\/scp-artsmartiaux.fr\/wp-json\/wp\/v2\/media\/1981"}],"wp:attachment":[{"href":"https:\/\/www.sportingclubplaisance.org\/scp-artsmartiaux.fr\/wp-json\/wp\/v2\/media?parent=1602"}],"wp:term":[{"taxonomy":"product_brand","embeddable":true,"href":"https:\/\/www.sportingclubplaisance.org\/scp-artsmartiaux.fr\/wp-json\/wp\/v2\/product_brand?post=1602"},{"taxonomy":"product_cat","embeddable":true,"href":"https:\/\/www.sportingclubplaisance.org\/scp-artsmartiaux.fr\/wp-json\/wp\/v2\/product_cat?post=1602"},{"taxonomy":"product_tag","embeddable":true,"href":"https:\/\/www.sportingclubplaisance.org\/scp-artsmartiaux.fr\/wp-json\/wp\/v2\/product_tag?post=1602"}],"curies":[{"name":"wp","href":"https:\/\/api.w.org\/{rel}","templated":true}]}}