{"id":1286,"date":"2013-12-07T19:21:39","date_gmt":"2013-12-07T18:21:39","guid":{"rendered":"http:\/\/www.sportingclubplaisance.org\/scp-artsmartiaux.fr\/?post_type=product&#038;p=1286"},"modified":"2025-08-20T18:28:14","modified_gmt":"2025-08-20T17:28:14","slug":"kimono-adidas-judo","status":"publish","type":"product","link":"https:\/\/www.sportingclubplaisance.org\/scp-artsmartiaux.fr\/boutique\/kimono-adidas-judo\/","title":{"rendered":"Kimono Judo\/Ju-Jitsu Entrainement"},"content":{"rendered":"<p>Kimono Judo\u00a0Adidas J350<br \/>\nMod\u00e8le d&rsquo;entrainement, tissage traditionnel grain de riz 350g\/m\u00b2, de marque Adidas.<br \/>\nBandes Adidas sur les \u00e9paules, broderie avec le logo du club sur le c\u0153ur.<br \/>\nDisponibles de la taille 130cm \u00e0 190cm.<\/p>\n","protected":false},"excerpt":{"rendered":"<p>Kimono Judo\u00a0Adidas J350 Mod\u00e8le d&rsquo;entrainement, tissage traditionnel grain de riz 350g\/m\u00b2, de marque Adidas. Bandes Adidas sur les \u00e9paules, broderie avec le logo du club sur le c\u0153ur. Disponibles de la taille 130cm \u00e0 190cm.<\/p>\n","protected":false},"featured_media":1980,"template":"","meta":[],"product_brand":[],"product_cat":[53],"product_tag":[],"class_list":{"0":"post-1286","1":"product","2":"type-product","3":"status-publish","4":"has-post-thumbnail","6":"product_cat-boutique","7":"pa_taillecm-57","8":"pa_taillecm-54","9":"pa_taillecm-55","10":"pa_taillecm-56","11":"pa_taillecm-58","12":"pa_taillecm-59","13":"pa_taillecm-60","14":"pa_taillecm-61","15":"pa_taillecm-62","17":"first","18":"instock","19":"shipping-taxable","20":"purchasable","21":"product-type-variable"},"publishpress_future_workflow_manual_trigger":{"enabledWorkflows":[]},"_links":{"self":[{"href":"https:\/\/www.sportingclubplaisance.org\/scp-artsmartiaux.fr\/wp-json\/wp\/v2\/product\/1286","targetHints":{"allow":["GET"]}}],"collection":[{"href":"https:\/\/www.sportingclubplaisance.org\/scp-artsmartiaux.fr\/wp-json\/wp\/v2\/product"}],"about":[{"href":"https:\/\/www.sportingclubplaisance.org\/scp-artsmartiaux.fr\/wp-json\/wp\/v2\/types\/product"}],"wp:featuredmedia":[{"embeddable":true,"href":"https:\/\/www.sportingclubplaisance.org\/scp-artsmartiaux.fr\/wp-json\/wp\/v2\/media\/1980"}],"wp:attachment":[{"href":"https:\/\/www.sportingclubplaisance.org\/scp-artsmartiaux.fr\/wp-json\/wp\/v2\/media?parent=1286"}],"wp:term":[{"taxonomy":"product_brand","embeddable":true,"href":"https:\/\/www.sportingclubplaisance.org\/scp-artsmartiaux.fr\/wp-json\/wp\/v2\/product_brand?post=1286"},{"taxonomy":"product_cat","embeddable":true,"href":"https:\/\/www.sportingclubplaisance.org\/scp-artsmartiaux.fr\/wp-json\/wp\/v2\/product_cat?post=1286"},{"taxonomy":"product_tag","embeddable":true,"href":"https:\/\/www.sportingclubplaisance.org\/scp-artsmartiaux.fr\/wp-json\/wp\/v2\/product_tag?post=1286"}],"curies":[{"name":"wp","href":"https:\/\/api.w.org\/{rel}","templated":true}]}}