{"id":5313,"date":"2018-07-20T07:04:35","date_gmt":"2018-07-20T06:04:35","guid":{"rendered":"http:\/\/www.sportingclubplaisance.org\/scp-artsmartiaux.fr\/?page_id=5313"},"modified":"2024-08-30T18:29:23","modified_gmt":"2024-08-30T17:29:23","slug":"reductions-et-modalites","status":"publish","type":"page","link":"https:\/\/www.sportingclubplaisance.org\/scp-artsmartiaux.fr\/disciplines\/reductions-et-modalites\/","title":{"rendered":"R\u00e9ductions et modalit\u00e9s"},"content":{"rendered":"<h1>Formule pack<\/h1>\n<p>Deux disciplines limit\u00e9es \u00e0 deux cours par semaine : 235\u20ac<\/p>\n<h1>R\u00e9ductions particuli\u00e8res<\/h1>\n<ul>\n<li>Bar\u00e8me pour plusieurs licenci\u00e9s d\u2019une m\u00eame famille :\n<ul>\n<li>2 licenci\u00e9s : -36\u20ac (18\u20ac\/adh\u00e9rent)<\/li>\n<li>3 licenci\u00e9s : -60\u20ac (20\u20ac\/adh\u00e9rent)<\/li>\n<li>4 licenci\u00e9s : -88\u20ac (22\u20ac\/adh\u00e9rent)<\/li>\n<\/ul>\n<\/li>\n<li>Etudiant post BAC (sur pr\u00e9sentation de la carte Etudiant) : -35\u20ac<\/li>\n<\/ul>\n<p>L&rsquo;ensemble de ces r\u00e9ductions ne sont pas cumulables. La plus favorable est appliqu\u00e9e.<\/p>\n","protected":false},"excerpt":{"rendered":"<p>Formule pack Deux disciplines limit\u00e9es \u00e0 deux cours par semaine : 235\u20ac R\u00e9ductions particuli\u00e8res Bar\u00e8me pour plusieurs licenci\u00e9s d\u2019une m\u00eame famille : 2 licenci\u00e9s : -36\u20ac (18\u20ac\/adh\u00e9rent) 3 licenci\u00e9s : -60\u20ac (20\u20ac\/adh\u00e9rent) 4 licenci\u00e9s : -88\u20ac (22\u20ac\/adh\u00e9rent) Etudiant post BAC (sur pr\u00e9sentation de la carte Etudiant) : -35\u20ac L&rsquo;ensemble de ces r\u00e9ductions ne sont pas &hellip; <a href=\"https:\/\/www.sportingclubplaisance.org\/scp-artsmartiaux.fr\/disciplines\/reductions-et-modalites\/\" class=\"more-link\">Continuer la lecture de <span class=\"screen-reader-text\">R\u00e9ductions et modalit\u00e9s<\/span><\/a><\/p>\n","protected":false},"author":7,"featured_media":5487,"parent":5315,"menu_order":0,"comment_status":"closed","ping_status":"closed","template":"","meta":{"_mc_calendar":[],"footnotes":""},"class_list":["post-5313","page","type-page","status-publish","has-post-thumbnail","hentry"],"publishpress_future_action":{"enabled":false,"date":"2026-05-06 07:20:14","action":"change-status","newStatus":"draft","terms":[],"taxonomy":"","extraData":[]},"publishpress_future_workflow_manual_trigger":{"enabledWorkflows":[]},"_links":{"self":[{"href":"https:\/\/www.sportingclubplaisance.org\/scp-artsmartiaux.fr\/wp-json\/wp\/v2\/pages\/5313","targetHints":{"allow":["GET"]}}],"collection":[{"href":"https:\/\/www.sportingclubplaisance.org\/scp-artsmartiaux.fr\/wp-json\/wp\/v2\/pages"}],"about":[{"href":"https:\/\/www.sportingclubplaisance.org\/scp-artsmartiaux.fr\/wp-json\/wp\/v2\/types\/page"}],"author":[{"embeddable":true,"href":"https:\/\/www.sportingclubplaisance.org\/scp-artsmartiaux.fr\/wp-json\/wp\/v2\/users\/7"}],"replies":[{"embeddable":true,"href":"https:\/\/www.sportingclubplaisance.org\/scp-artsmartiaux.fr\/wp-json\/wp\/v2\/comments?post=5313"}],"version-history":[{"count":10,"href":"https:\/\/www.sportingclubplaisance.org\/scp-artsmartiaux.fr\/wp-json\/wp\/v2\/pages\/5313\/revisions"}],"predecessor-version":[{"id":9307,"href":"https:\/\/www.sportingclubplaisance.org\/scp-artsmartiaux.fr\/wp-json\/wp\/v2\/pages\/5313\/revisions\/9307"}],"up":[{"embeddable":true,"href":"https:\/\/www.sportingclubplaisance.org\/scp-artsmartiaux.fr\/wp-json\/wp\/v2\/pages\/5315"}],"wp:featuredmedia":[{"embeddable":true,"href":"https:\/\/www.sportingclubplaisance.org\/scp-artsmartiaux.fr\/wp-json\/wp\/v2\/media\/5487"}],"wp:attachment":[{"href":"https:\/\/www.sportingclubplaisance.org\/scp-artsmartiaux.fr\/wp-json\/wp\/v2\/media?parent=5313"}],"curies":[{"name":"wp","href":"https:\/\/api.w.org\/{rel}","templated":true}]}}