{"id":5301,"date":"2018-07-20T06:49:43","date_gmt":"2018-07-20T05:49:43","guid":{"rendered":"http:\/\/www.sportingclubplaisance.org\/scp-artsmartiaux.fr\/?page_id=5301"},"modified":"2025-09-09T19:40:13","modified_gmt":"2025-09-09T18:40:13","slug":"taiso","status":"publish","type":"page","link":"https:\/\/www.sportingclubplaisance.org\/scp-artsmartiaux.fr\/disciplines\/taiso\/","title":{"rendered":"Ta\u00efso"},"content":{"rendered":"<p>A l\u2019origine le Ta\u00efso nommait les activit\u00e9s physiques compl\u00e9mentaires pratiqu\u00e9es par les comp\u00e9titeurs de judo ou jujitsu dans le cadre de leur entrainement. Tai-so en japonais veut dire : pr\u00e9paration du corps.<\/p>\n<p>Aujourd\u2019hui cette discipline int\u00e9resse un public de plus en plus large sans limite d\u2019\u00e2ge qui n\u2019a pas forc\u00e9ment pratiqu\u00e9 du sport auparavant et qui recherche un loisir ax\u00e9 sur la culture et l\u2019entretien physique.<\/p>\n<p>C\u2019est une alternative ludique aux nombreux sports de remise en forme puisque certains cours repr\u00e9sentent une approche de renforcement musculaire, abdos-fessiers, \u00e9tirements sans aucun danger de blessure avec une progression adapt\u00e9e.<\/p>\n<p>Son objectif est de proposer d&rsquo;aborder en douceur la pratique des arts martiaux et permettre l\u2019entretien et l\u2019am\u00e9lioration du potentiel de chaque pratiquant, en utilisant des exercices adapt\u00e9 \u00e0 l\u2019\u00e2ge et aux aptitudes de chacun. Il sensibilise ses pratiquants \u00e0 la self-d\u00e9fense gr\u00e2ce \u00e0 des notions de judo, de ju-jitsu. C\u2019est une excellente solution d\u2019\u00e9liminer le stress accumul\u00e9 pendant la journ\u00e9e.<\/p>\n<p>Le club compte environ 20 pratiquants.\u00a0L&rsquo;activit\u00e9 est propos\u00e9e aux adultes.<\/p>\n<h1>Horaires et tarif<\/h1>\n<p>Lieu : Dojo Salle Maurice COR rue des \u00e9coles<\/p>\n<table>\n<tbody>\n<tr>\n<td align=\"center\" width=\"125\"><strong>Ann\u00e9e de naissance<\/strong><\/td>\n<td align=\"center\" width=\"180\"><strong>Cat\u00e9gories<\/strong><\/td>\n<td align=\"center\" width=\"125\"><strong>Horaires<\/strong><\/td>\n<td align=\"center\" width=\"220\"><strong>Professeurs<\/strong><\/td>\n<td align=\"center\" width=\"80\"><strong>Tarifs<\/strong><\/td>\n<\/tr>\n<tr>\n<td>2007 et avant<\/td>\n<td>Adultes<\/td>\n<td>Mardi<br \/>\n20h45-22h15<\/td>\n<td>Micka\u00ebl COLOMBIER<\/td>\n<td>193 \u20ac *<\/td>\n<\/tr>\n<\/tbody>\n<\/table>\n<p><i>* Dont 46\u20ac pour la f\u00e9d\u00e9ration FFJDA<\/i><\/p>\n<p><a href=\"\/scp-artsmartiaux.fr\/disciplines\/reductions-et-modalites\">R\u00e9ductions et modalit\u00e9s de paiement<\/a><\/p>\n<h1>Cours d\u2019essai :<\/h1>\n<ul>\n<li>voir <a href=\"https:\/\/www.sportingclubplaisance.org\/scp-artsmartiaux.fr\/calendrier\/\">calendrier<\/a> sur septembre.<\/li>\n<\/ul>\n<h1>F\u00e9d\u00e9ration<\/h1>\n<p><strong>F\u00e9d\u00e9ration Fran\u00e7aise de Judo et Discipline Associ\u00e9es<\/strong><\/p>\n<p><a href=\"http:\/\/www.ffjudo.com\/\" target=\"_blank\" rel=\"noopener noreferrer\">Site internet<\/a><\/p>\n<p>21-25, Avenue de la Porte de Ch\u00e2tillon<br \/>\n75680 PARIS Cedex 14<\/p>\n<h1>Assurance<\/h1>\n<p>En cas de blessure au cours de la pratique sportive, vous devez faire une <a href=\"http:\/\/www.ffjudo.com\/assurances-1\" target=\"_blank\" rel=\"noopener noreferrer\">d\u00e9claration aupr\u00e8s de la f\u00e9d\u00e9ration<\/a><br \/>\nD\u00e9clarer au plus t\u00f4t l&rsquo;accident afin qu&rsquo;il soit bien pris en charge par l&rsquo;assurance comprise avec votre licence.<\/p>\n","protected":false},"excerpt":{"rendered":"<p>A l\u2019origine le Ta\u00efso nommait les activit\u00e9s physiques compl\u00e9mentaires pratiqu\u00e9es par les comp\u00e9titeurs de judo ou jujitsu dans le cadre de leur entrainement. Tai-so en japonais veut dire : pr\u00e9paration du corps. Aujourd\u2019hui cette discipline int\u00e9resse un public de plus en plus large sans limite d\u2019\u00e2ge qui n\u2019a pas forc\u00e9ment pratiqu\u00e9 du sport auparavant et &hellip; <a href=\"https:\/\/www.sportingclubplaisance.org\/scp-artsmartiaux.fr\/disciplines\/taiso\/\" class=\"more-link\">Continuer la lecture de <span class=\"screen-reader-text\">Ta\u00efso<\/span><\/a><\/p>\n","protected":false},"author":7,"featured_media":5386,"parent":5315,"menu_order":0,"comment_status":"closed","ping_status":"closed","template":"","meta":{"_mc_calendar":[],"footnotes":""},"class_list":["post-5301","page","type-page","status-publish","has-post-thumbnail","hentry"],"publishpress_future_action":{"enabled":false,"date":"2026-05-06 06:00:01","action":"change-status","newStatus":"draft","terms":[],"taxonomy":"","extraData":[]},"publishpress_future_workflow_manual_trigger":{"enabledWorkflows":[]},"_links":{"self":[{"href":"https:\/\/www.sportingclubplaisance.org\/scp-artsmartiaux.fr\/wp-json\/wp\/v2\/pages\/5301","targetHints":{"allow":["GET"]}}],"collection":[{"href":"https:\/\/www.sportingclubplaisance.org\/scp-artsmartiaux.fr\/wp-json\/wp\/v2\/pages"}],"about":[{"href":"https:\/\/www.sportingclubplaisance.org\/scp-artsmartiaux.fr\/wp-json\/wp\/v2\/types\/page"}],"author":[{"embeddable":true,"href":"https:\/\/www.sportingclubplaisance.org\/scp-artsmartiaux.fr\/wp-json\/wp\/v2\/users\/7"}],"replies":[{"embeddable":true,"href":"https:\/\/www.sportingclubplaisance.org\/scp-artsmartiaux.fr\/wp-json\/wp\/v2\/comments?post=5301"}],"version-history":[{"count":19,"href":"https:\/\/www.sportingclubplaisance.org\/scp-artsmartiaux.fr\/wp-json\/wp\/v2\/pages\/5301\/revisions"}],"predecessor-version":[{"id":9543,"href":"https:\/\/www.sportingclubplaisance.org\/scp-artsmartiaux.fr\/wp-json\/wp\/v2\/pages\/5301\/revisions\/9543"}],"up":[{"embeddable":true,"href":"https:\/\/www.sportingclubplaisance.org\/scp-artsmartiaux.fr\/wp-json\/wp\/v2\/pages\/5315"}],"wp:featuredmedia":[{"embeddable":true,"href":"https:\/\/www.sportingclubplaisance.org\/scp-artsmartiaux.fr\/wp-json\/wp\/v2\/media\/5386"}],"wp:attachment":[{"href":"https:\/\/www.sportingclubplaisance.org\/scp-artsmartiaux.fr\/wp-json\/wp\/v2\/media?parent=5301"}],"curies":[{"name":"wp","href":"https:\/\/api.w.org\/{rel}","templated":true}]}}