{"id":341,"date":"2013-11-17T11:56:20","date_gmt":"2013-11-17T10:56:20","guid":{"rendered":"http:\/\/www.sportingclubplaisance.org\/scp-artsmartiaux.fr\/?page_id=341"},"modified":"2023-09-29T17:28:49","modified_gmt":"2023-09-29T16:28:49","slug":"contact-coordonnees","status":"publish","type":"page","link":"https:\/\/www.sportingclubplaisance.org\/scp-artsmartiaux.fr\/contact-coordonnees\/","title":{"rendered":"Contact &#038; Coordonn\u00e9es"},"content":{"rendered":"<h1>Mail<\/h1>\n\n<div class=\"wpcf7 no-js\" id=\"wpcf7-f5855-o1\" lang=\"fr-FR\" dir=\"ltr\" data-wpcf7-id=\"5855\">\n<div class=\"screen-reader-response\"><p role=\"status\" aria-live=\"polite\" aria-atomic=\"true\"><\/p> <ul><\/ul><\/div>\n<form action=\"\/scp-artsmartiaux.fr\/wp-json\/wp\/v2\/pages\/341#wpcf7-f5855-o1\" method=\"post\" class=\"wpcf7-form init\" aria-label=\"Formulaire de contact\" novalidate=\"novalidate\" data-status=\"init\">\n<fieldset class=\"hidden-fields-container\"><input type=\"hidden\" name=\"_wpcf7\" value=\"5855\" \/><input type=\"hidden\" name=\"_wpcf7_version\" value=\"6.1.5\" \/><input type=\"hidden\" name=\"_wpcf7_locale\" value=\"fr_FR\" \/><input type=\"hidden\" name=\"_wpcf7_unit_tag\" value=\"wpcf7-f5855-o1\" \/><input type=\"hidden\" name=\"_wpcf7_container_post\" value=\"0\" \/><input type=\"hidden\" name=\"_wpcf7_posted_data_hash\" value=\"\" \/>\n<\/fieldset>\n<p><label> Votre nom (obligatoire)<br \/>\n<span class=\"wpcf7-form-control-wrap\" data-name=\"your-name\"><input size=\"40\" maxlength=\"400\" class=\"wpcf7-form-control wpcf7-text wpcf7-validates-as-required\" aria-required=\"true\" aria-invalid=\"false\" value=\"\" type=\"text\" name=\"your-name\" \/><\/span> <\/label>\n<\/p>\n<p><label> Votre adresse email (obligatoire)<br \/>\n<span class=\"wpcf7-form-control-wrap\" data-name=\"your-email\"><input size=\"40\" maxlength=\"400\" class=\"wpcf7-form-control wpcf7-email wpcf7-validates-as-required wpcf7-text wpcf7-validates-as-email\" aria-required=\"true\" aria-invalid=\"false\" value=\"\" type=\"email\" name=\"your-email\" \/><\/span> <\/label>\n<\/p>\n<p><label> Objet<br \/>\n<span class=\"wpcf7-form-control-wrap\" data-name=\"your-subject\"><input size=\"40\" maxlength=\"400\" class=\"wpcf7-form-control wpcf7-text\" aria-invalid=\"false\" value=\"\" type=\"text\" name=\"your-subject\" \/><\/span> <\/label>\n<\/p>\n<p><label> Votre message<br \/>\n<span class=\"wpcf7-form-control-wrap\" data-name=\"your-message\"><textarea cols=\"40\" rows=\"10\" maxlength=\"2000\" class=\"wpcf7-form-control wpcf7-textarea\" aria-invalid=\"false\" name=\"your-message\"><\/textarea><\/span> <\/label>\n<\/p>\n<p><input class=\"wpcf7-form-control wpcf7-submit has-spinner\" type=\"submit\" value=\"Envoyer\" \/>\n<\/p><div class=\"wpcf7-response-output\" aria-hidden=\"true\"><\/div>\n<\/form>\n<\/div>\n\n<h1>Adresse Postale<\/h1>\n<p>SCP Arts-Martiaux<br \/>\nMaison des associations de Plaisance du Touch<br \/>\n3 Place Fr\u00e9d\u00e9ric Mistral<br \/>\n31830 PLAISANCE DU TOUCH<\/p>\n<h1>T\u00e9l\u00e9phone<\/h1>\n<p>Dojo : 0<span dir=\"ltr\">5.62.85.52.34<\/span><span class=\"SiTyAd\">\u00a0<\/span> (R\u00e9pondeur. On rappelle rapidement)<\/p>\n<h1>Coordonn\u00e9es \u00a0GPS<\/h1>\n<div class=\"here-maps-map-container\" style=\"height:400px;width:100%;\"><div class=\"here-maps-full-screen-mode\" title=\"Fullscreen mode\"><span class=\"glyphicon glyphicon-fullscreen\"><\/span><\/div><iframe loading=\"lazy\" id=\"here_map_id_bfc562755ca7393836360d7c4207be63\" frameborder=\"no\" scrolling=\"no\" height=\"100%\" width=\"100%\" src=\"https:\/\/www.sportingclubplaisance.org\/scp-artsmartiaux.fr\/?plugin=here-maps&amp;action=showmap&amp;place[]=43.56816177837131%7C1.2956477730941742%7C7TER+Rue+des+%C3%89coles%2C+31830+Plaisance-du-Touch%7CDojo&amp;place[]=43.56750101608084%7C1.3066501944732636%7C4+Rue+d%27Estujats%2C+31830+Plaisance-du-Touch%7CSCP&amp;place[]=43.56600067008358%7C1.303592476196286%7C2+Rue+des+P%C3%AAcheurs%2C+31830+Plaisance-du-Touch%7CSalle+Taichi&amp;place[]=43.564333410656296%7C1.3031151289748095%7CAll%C3%A9e+Montaigne%2C+31830+Plaisance-du-Touch%7CComp%C3%A9tition+Gaubert&amp;place[]=43.56282893520103%7C1.3025918062210167%7CAvenue+Montaigne%2C+31830+Plaisance-du-Touch%7CParking+Gaubert&amp;center=auto&amp;zoom=16&amp;map_mode=map.normal&amp;hidden=&amp;template=fixed&amp;theme=light\" >Iframes not supported<\/iframe><\/div>\n","protected":false},"excerpt":{"rendered":"<p>Mail Adresse Postale SCP Arts-Martiaux Maison des associations de Plaisance du Touch 3 Place Fr\u00e9d\u00e9ric Mistral 31830 PLAISANCE DU TOUCH T\u00e9l\u00e9phone Dojo : 05.62.85.52.34\u00a0 (R\u00e9pondeur. On rappelle rapidement) Coordonn\u00e9es \u00a0GPS<\/p>\n","protected":false},"author":6,"featured_media":5379,"parent":0,"menu_order":0,"comment_status":"closed","ping_status":"closed","template":"","meta":{"_mc_calendar":[],"footnotes":""},"class_list":["post-341","page","type-page","status-publish","has-post-thumbnail","hentry"],"publishpress_future_action":{"enabled":false,"date":"2026-05-16 14:02:00","action":"change-status","newStatus":"draft","terms":[],"taxonomy":"","extraData":[]},"publishpress_future_workflow_manual_trigger":{"enabledWorkflows":[]},"_links":{"self":[{"href":"https:\/\/www.sportingclubplaisance.org\/scp-artsmartiaux.fr\/wp-json\/wp\/v2\/pages\/341","targetHints":{"allow":["GET"]}}],"collection":[{"href":"https:\/\/www.sportingclubplaisance.org\/scp-artsmartiaux.fr\/wp-json\/wp\/v2\/pages"}],"about":[{"href":"https:\/\/www.sportingclubplaisance.org\/scp-artsmartiaux.fr\/wp-json\/wp\/v2\/types\/page"}],"author":[{"embeddable":true,"href":"https:\/\/www.sportingclubplaisance.org\/scp-artsmartiaux.fr\/wp-json\/wp\/v2\/users\/6"}],"replies":[{"embeddable":true,"href":"https:\/\/www.sportingclubplaisance.org\/scp-artsmartiaux.fr\/wp-json\/wp\/v2\/comments?post=341"}],"version-history":[{"count":43,"href":"https:\/\/www.sportingclubplaisance.org\/scp-artsmartiaux.fr\/wp-json\/wp\/v2\/pages\/341\/revisions"}],"predecessor-version":[{"id":8972,"href":"https:\/\/www.sportingclubplaisance.org\/scp-artsmartiaux.fr\/wp-json\/wp\/v2\/pages\/341\/revisions\/8972"}],"wp:featuredmedia":[{"embeddable":true,"href":"https:\/\/www.sportingclubplaisance.org\/scp-artsmartiaux.fr\/wp-json\/wp\/v2\/media\/5379"}],"wp:attachment":[{"href":"https:\/\/www.sportingclubplaisance.org\/scp-artsmartiaux.fr\/wp-json\/wp\/v2\/media?parent=341"}],"curies":[{"name":"wp","href":"https:\/\/api.w.org\/{rel}","templated":true}]}}