{"id":298,"date":"2013-11-16T14:22:41","date_gmt":"2013-11-16T13:22:41","guid":{"rendered":"http:\/\/www.sportingclubplaisance.org\/scp-artsmartiaux.fr\/?page_id=298"},"modified":"2025-07-11T20:39:02","modified_gmt":"2025-07-11T19:39:02","slug":"adhesion","status":"publish","type":"page","link":"https:\/\/www.sportingclubplaisance.org\/scp-artsmartiaux.fr\/adhesion\/","title":{"rendered":"Adh\u00e9sion"},"content":{"rendered":"<h1>Permanences d&rsquo;inscriptions saison 2025\/2026 :<\/h1>\r\n<p>Le <a href=\"https:\/\/www.sportingclubplaisance.org\/scp-artsmartiaux.fr\/calendrier\/\">calendrier<\/a> des permanences d&rsquo;inscription sera mis \u00e0 jour \u00e0 partir de la mi-juillet. En cliquant sur le jour <a href=\"https:\/\/www.sportingclubplaisance.org\/scp-artsmartiaux.fr\/calendrier\/\">dans le calendrier<\/a> vous obtiendrez le d\u00e9tail horaire, lieu, etc&#8230;<\/p>\r\n<p>Apr\u00e8s la derni\u00e8re permanence les inscriptions resteront possibles <em>(sous r\u00e9serve de place dans les groupes)<\/em>\u00a0et sur <a href=\"https:\/\/www.sportingclubplaisance.org\/scp-artsmartiaux.fr\/contact-coordonnees\/\">demande de RDV<\/a>.<\/p>\r\n<h1>Age minimum saison 2025\/2026 :<\/h1>\r\n<ul>\r\n<li>JUDO (FFJDA) : Toutes personnes n\u00e9es en 2019 ou avant<\/li>\r\n<li>JU-JITSU (FFJDA) &#8211; Toutes personnes n\u00e9es en 2011 ou avant<\/li>\r\n<li>TA\u00cfSO (FFJDA) &#8211; Toutes personnes n\u00e9es en 2007 ou avant<\/li>\r\n<li>TAICHI (EPMM) &#8211; Toutes personnes n\u00e9es en 2007 ou avant<\/li>\r\n<li>KARATE-DO (France SHOTOKAN &amp; FFKDA) &#8211; Toutes personnes n\u00e9es en 2013 ou avant<\/li>\r\n<\/ul>\r\n<h1><strong><span style=\"text-decoration: underline;\">Certificat m\u00e9dical :<\/span><\/strong><\/h1>\r\n<ul>\r\n<li>pour les mineurs, n\u00e9cessaire <strong style=\"font-size: 16px;\"><span>uniquement<\/span><\/strong><span style=\"font-size: 16px;\"> si vous r\u00e9pondez au moins un fois OUI \u00e0 ce <\/span><a href=\"https:\/\/www.sportingclubplaisance.org\/scp-artsmartiaux.fr\/wp-content\/uploads\/adhesion\/Questionnaire-Sante-2021-MINEURS.pdf\" target=\"_blank\" rel=\"noopener\">questionnaire de sant\u00e9<\/a>\u00a0 ;<\/li>\r\n<li>pour les majeurs :\r\n<ul>\r\n<li><strong>obligatoire<\/strong> \u00e0 la premi\u00e8re licence<\/li>\r\n<li>tous les 5 ans \u00e0 partir de 30 ans, donc si vous avez plus de 30 ans, <strong>vous devez nous fournir un nouveau certificat m\u00e9dical de moins d&rsquo;un an<\/strong><\/li>\r\n<li>syst\u00e9matique <span style=\"font-size: 16px;\">si vous r\u00e9pondez au moins un fois OUI \u00e0 ce<\/span> <a href=\"https:\/\/www.sportingclubplaisance.org\/scp-artsmartiaux.fr\/wp-content\/uploads\/adhesion\/cerfa_15699-01.pdf\" target=\"_blank\" rel=\"noopener\">questionnaire de sant\u00e9<\/a><\/li>\r\n<\/ul>\r\n<\/li>\r\n<\/ul>\r\n<p><span style=\"text-decoration: underline;\">Un dossier complet est donc constitu\u00e9 :<\/span><\/p>\r\n<ol>\r\n<li style=\"list-style-type: none;\">\r\n<ol>\r\n<li style=\"list-style-type: none;\">\r\n<ol>\r\n<li>de ce <a href=\"\/formulaires\/inscription_am.php\" target=\"_blank\" rel=\"noopener noreferrer\">bulletin d&rsquo;inscription<\/a> <em>(\u00e0 n&rsquo;utiliser qu&rsquo;apr\u00e8s le 15 juillet de chaque ann\u00e9e)<\/em> correctement rempli et imprim\u00e9 ;<\/li>\r\n<li>de 2 photos d&rsquo;identit\u00e9 (<em>1 seule en cas de r\u00e9-inscription ou de t\u00e9l\u00e9chargement via le <a href=\"\/formulaires\/inscription_am.php\" target=\"_blank\" rel=\"noopener\">bulletin\u00a0 d&rsquo;inscription<\/a><\/em>) ;<\/li>\r\n<li><a href=\"https:\/\/www.sportingclubplaisance.org\/scp-artsmartiaux.fr\/wp-content\/uploads\/adhesion\/ATTESTATION_QS_sport_mineurs.pdf\" target=\"_blank\" rel=\"noopener\">Attestation<\/a> de renseignement du questionnaire de sant\u00e9 (pour les mineurs) ;<\/li>\r\n<li><a href=\"https:\/\/www.sportingclubplaisance.org\/scp-artsmartiaux.fr\/wp-content\/uploads\/adhesion\/ATTESTATION_QS_sport_majeurs.pdf\" target=\"_blank\" rel=\"noopener\">Attestation<\/a> de renseignement CERFA15699-01 (pour les majeurs) ;<\/li>\r\n<li>Certificat m\u00e9dical en fonction de votre \u00e2ge et du dernier fourni<\/li>\r\n<\/ol>\r\n<\/li>\r\n<\/ol>\r\n<\/li>\r\n<\/ol>\r\n<p>L\u2019inscription ne sera effective et l\u2019acc\u00e8s au tatami possible, <strong><span style=\"text-decoration: underline;\">qu\u2019apr\u00e8s validation<\/span><\/strong> du dossier par le club et <strong><span style=\"text-decoration: underline;\">signature du formulaire<\/span><\/strong> de demande de licence par l&rsquo;adh\u00e9rent majeurs ou le responsable l\u00e9gal pour les adh\u00e9rents mineurs.<\/p>\r\n<h1>Modalit\u00e9s<\/h1>\r\n<p>Le\u00a0<a href=\"https:\/\/www.sportingclubplaisance.org\/scp-artsmartiaux.fr\/wp-content\/uploads\/adhesion\/Reglement-interne-SCP-AM-V2021-09-01-1.pdf\" target=\"_blank\" rel=\"noopener\">R\u00e8glement Interne<\/a> est \u00e0 lire. Le d\u00e9p\u00f4t d&rsquo;un dossier d&rsquo;inscription vaut acceptation de ce r\u00e8glement.<\/p>\r\n<p>La cotisation est <strong><span style=\"text-decoration: underline;\">payable en globalit\u00e9 lors de l\u2019inscription<\/span><\/strong>. La somme totale peut toutefois \u00eatre fractionn\u00e9e en trois ch\u00e8ques. Ils seront mis \u00e0 l\u2019encaissement respectivement le 15 octobre, le 15 novembre et le 15 d\u00e9cembre de la saison sportive en cours.<\/p>\r\n<h1>Moyens de paiements accept\u00e9s<\/h1>\r\n<ul>\r\n<li>Ch\u00e8que bancaire<\/li>\r\n<li>Ch\u00e8que vacances ANCV<\/li>\r\n<li>Pass&rsquo;Sport &#8211; l&rsquo;identifiant du Pass&rsquo;Sport devra nous \u00eatre fourni <strong><span style=\"text-decoration: underline;\">avec l&rsquo;inscription<\/span><\/strong><\/li>\r\n<li>Esp\u00e8ces &#8211; l&rsquo;appoint est <strong><span style=\"text-decoration: underline;\">obligatoire<\/span><\/strong><\/li>\r\n<li>Paiements CE &#8211; un ch\u00e8que de caution \u00e9quivalent \u00e0 la somme due vous sera demand\u00e9. Il <span style=\"text-decoration: underline;\">ne sera pas encaiss\u00e9<\/span><span style=\"font-size: 16px;\"> sauf si le r\u00e8glement effectif ne nous parvient pas avant le 31 d\u00e9cembre de l&rsquo;ann\u00e9e.<\/span><\/li>\r\n<\/ul>\r\n<h1>Cours d&rsquo;essai<\/h1>\r\n<p>Voir dates dans le <a href=\"https:\/\/www.sportingclubplaisance.org\/scp-artsmartiaux.fr\/calendrier\/?yr=2025&amp;month=9&amp;dy=&amp;cid=mc-948a6a8e8cd15db324902317a630b853&amp;time=month\">calendrier<\/a> en septembre<\/p>\r\n<p>Il est \u00e9galement possible de participer \u00e0 un cours en tant que spectateur \u00e0 condition de ne pas perturber le cours.<\/p>\r\n","protected":false},"excerpt":{"rendered":"<p>Permanences d&rsquo;inscriptions saison 2025\/2026 : Le calendrier des permanences d&rsquo;inscription sera mis \u00e0 jour \u00e0 partir de la mi-juillet. En cliquant sur le jour dans le calendrier vous obtiendrez le d\u00e9tail horaire, lieu, etc&#8230; Apr\u00e8s la derni\u00e8re permanence les inscriptions resteront possibles (sous r\u00e9serve de place dans les groupes)\u00a0et sur demande de RDV. Age minimum &hellip; <a href=\"https:\/\/www.sportingclubplaisance.org\/scp-artsmartiaux.fr\/adhesion\/\" class=\"more-link\">Continuer la lecture de <span class=\"screen-reader-text\">Adh\u00e9sion<\/span><\/a><\/p>\n","protected":false},"author":6,"featured_media":5153,"parent":0,"menu_order":3,"comment_status":"closed","ping_status":"closed","template":"","meta":{"_mc_calendar":[],"footnotes":""},"class_list":["post-298","page","type-page","status-publish","has-post-thumbnail","hentry"],"publishpress_future_action":{"enabled":false,"date":"2026-05-06 05:59:49","action":"change-status","newStatus":"draft","terms":[],"taxonomy":"","extraData":[]},"publishpress_future_workflow_manual_trigger":{"enabledWorkflows":[]},"_links":{"self":[{"href":"https:\/\/www.sportingclubplaisance.org\/scp-artsmartiaux.fr\/wp-json\/wp\/v2\/pages\/298","targetHints":{"allow":["GET"]}}],"collection":[{"href":"https:\/\/www.sportingclubplaisance.org\/scp-artsmartiaux.fr\/wp-json\/wp\/v2\/pages"}],"about":[{"href":"https:\/\/www.sportingclubplaisance.org\/scp-artsmartiaux.fr\/wp-json\/wp\/v2\/types\/page"}],"author":[{"embeddable":true,"href":"https:\/\/www.sportingclubplaisance.org\/scp-artsmartiaux.fr\/wp-json\/wp\/v2\/users\/6"}],"replies":[{"embeddable":true,"href":"https:\/\/www.sportingclubplaisance.org\/scp-artsmartiaux.fr\/wp-json\/wp\/v2\/comments?post=298"}],"version-history":[{"count":89,"href":"https:\/\/www.sportingclubplaisance.org\/scp-artsmartiaux.fr\/wp-json\/wp\/v2\/pages\/298\/revisions"}],"predecessor-version":[{"id":9530,"href":"https:\/\/www.sportingclubplaisance.org\/scp-artsmartiaux.fr\/wp-json\/wp\/v2\/pages\/298\/revisions\/9530"}],"wp:featuredmedia":[{"embeddable":true,"href":"https:\/\/www.sportingclubplaisance.org\/scp-artsmartiaux.fr\/wp-json\/wp\/v2\/media\/5153"}],"wp:attachment":[{"href":"https:\/\/www.sportingclubplaisance.org\/scp-artsmartiaux.fr\/wp-json\/wp\/v2\/media?parent=298"}],"curies":[{"name":"wp","href":"https:\/\/api.w.org\/{rel}","templated":true}]}}